{"id":7663,"date":"2020-08-08T19:06:41","date_gmt":"2020-08-08T19:06:41","guid":{"rendered":"https:\/\/velartrip.com\/?product=protege-passeport-br-apple-flowers"},"modified":"2026-03-01T06:12:52","modified_gmt":"2026-03-01T05:12:52","slug":"protege-passeport-apple-flowers","status":"publish","type":"product","link":"https:\/\/velartrip.com\/en\/accessoires-pour-valise\/protege-passeports\/protege-passeport-apple-flowers\/","title":{"rendered":"Apple Flowers Passport Cover"},"content":{"rendered":"<p>&nbsp;<\/p>\n<h2>Have you recognized these magnificent apple blossoms? Today, Maxime wanted to represent them through a beautiful Apple Flowers passport cover!<\/h2>\n<h3>\ud83d\udcf7 For your information, you can admire them on all apple trees between May and June.<\/h3>\n<ul>\n<li><strong>Perfect coverage<\/strong>\u00a0your passport.<\/li>\n<li>Ideal against the risk of splashes and falls.<\/li>\n<li>Composition: synthetic.<\/li>\n<\/ul>","protected":false},"excerpt":{"rendered":"<p>&nbsp; As-tu reconnu ces\u00a0magnifiques\u00a0fleurs de pommier ? Aujourd&rsquo;hui, Maxime a voulu les repr\u00e9senter \u00e0 travers un prot\u00e8ge-passeport Apple Flowers de toute beaut\u00e9 ! \ud83d\udcf7 Pour info&rsquo;, tu peux les admirer sur tous les pommiers entre mai et juin Couvre parfaitement\u00a0ton passeport. Id\u00e9al contre les risques d&rsquo;\u00e9claboussures et de chutes. Composition : synth\u00e9tique.<\/p>","protected":false},"featured_media":12969,"comment_status":"open","ping_status":"closed","template":"","meta":{"_kad_blocks_custom_css":"","_kad_blocks_head_custom_js":"","_kad_blocks_body_custom_js":"","_kad_blocks_footer_custom_js":"","_kad_post_transparent":"","_kad_post_title":"","_kad_post_layout":"","_kad_post_sidebar_id":"","_kad_post_content_style":"","_kad_post_vertical_padding":"","_kad_post_feature":"","_kad_post_feature_position":"","_kad_post_header":false,"_kad_post_footer":false,"_kad_post_classname":""},"product_brand":[385],"product_cat":[395,618],"product_tag":[],"class_list":{"0":"post-7663","1":"product","2":"type-product","3":"status-publish","4":"has-post-thumbnail","6":"product_brand-velartrip","7":"product_cat-protege-passeports","8":"product_cat-accessoires-pour-valise","10":"first","11":"instock","12":"taxable","13":"shipping-taxable","14":"purchasable","15":"product-type-simple","16":"entry","17":"content-bg","18":"loop-entry"},"taxonomy_info":{"product_brand":[{"value":385,"label":"VelarTrip"}],"product_cat":[{"value":395,"label":"Prot\u00e8ge-Passeports"},{"value":618,"label":"Accessoires pour Valise"}]},"featured_image_src_large":["https:\/\/velartrip.com\/wp-content\/uploads\/2022\/04\/15.jpg",800,800,false],"author_info":[],"comment_info":7,"_links":{"self":[{"href":"https:\/\/velartrip.com\/en\/wp-json\/wp\/v2\/product\/7663","targetHints":{"allow":["GET"]}}],"collection":[{"href":"https:\/\/velartrip.com\/en\/wp-json\/wp\/v2\/product"}],"about":[{"href":"https:\/\/velartrip.com\/en\/wp-json\/wp\/v2\/types\/product"}],"replies":[{"embeddable":true,"href":"https:\/\/velartrip.com\/en\/wp-json\/wp\/v2\/comments?post=7663"}],"wp:featuredmedia":[{"embeddable":true,"href":"https:\/\/velartrip.com\/en\/wp-json\/wp\/v2\/media\/12969"}],"wp:attachment":[{"href":"https:\/\/velartrip.com\/en\/wp-json\/wp\/v2\/media?parent=7663"}],"wp:term":[{"taxonomy":"product_brand","embeddable":true,"href":"https:\/\/velartrip.com\/en\/wp-json\/wp\/v2\/product_brand?post=7663"},{"taxonomy":"product_cat","embeddable":true,"href":"https:\/\/velartrip.com\/en\/wp-json\/wp\/v2\/product_cat?post=7663"},{"taxonomy":"product_tag","embeddable":true,"href":"https:\/\/velartrip.com\/en\/wp-json\/wp\/v2\/product_tag?post=7663"}],"curies":[{"name":"wp","href":"https:\/\/api.w.org\/{rel}","templated":true}]}}