{"id":7673,"date":"2020-08-08T19:06:50","date_gmt":"2020-08-08T19:06:50","guid":{"rendered":"https:\/\/velartrip.com\/?product=protege-passeport-br-warm-winter"},"modified":"2024-12-04T09:30:28","modified_gmt":"2024-12-04T08:30:28","slug":"protege-passeport-warm-winter","status":"publish","type":"product","link":"https:\/\/velartrip.com\/en\/accessoires-pour-valise\/protege-passeports\/protege-passeport-warm-winter\/","title":{"rendered":"Warm Winter passport cover"},"content":{"rendered":"<p>&nbsp;<\/p>\n<h2>Looking for a warm and cozy winter, in France or abroad? Our Warm Winter passport cover will be ideal for all your Nordic getaways!<\/h2>\n<h3>Or just if you're passionate about \ud83d\udc31!<\/h3>\n<ul>\n<li><strong>Perfect coverage<\/strong>\u00a0your passport.<\/li>\n<li>Ideal against the risk of splashes and falls.<\/li>\n<li>Composition: synthetic.<\/li>\n<\/ul>","protected":false},"excerpt":{"rendered":"<p>&nbsp; Pour un hiver chaud et chaleureux, en France ou \u00e0 l&rsquo;\u00e9tranger ? Notre prot\u00e8ge-passeport Warm Winter sera id\u00e9al pour toutes tes escapades dans les pays nordiques ! Ou juste si tu es passionn\u00e9 de \ud83d\udc31 ! Couvre parfaitement\u00a0ton passeport. Id\u00e9al contre les risques d&rsquo;\u00e9claboussures et de chutes. Composition : synth\u00e9tique.<\/p>","protected":false},"featured_media":13280,"comment_status":"open","ping_status":"closed","template":"","meta":{"_kad_blocks_custom_css":"","_kad_blocks_head_custom_js":"","_kad_blocks_body_custom_js":"","_kad_blocks_footer_custom_js":"","_kad_post_transparent":"","_kad_post_title":"","_kad_post_layout":"","_kad_post_sidebar_id":"","_kad_post_content_style":"","_kad_post_vertical_padding":"","_kad_post_feature":"","_kad_post_feature_position":"","_kad_post_header":false,"_kad_post_footer":false,"_kad_post_classname":""},"product_brand":[385],"product_cat":[395,618],"product_tag":[180],"class_list":{"0":"post-7673","1":"product","2":"type-product","3":"status-publish","4":"has-post-thumbnail","6":"product_brand-velartrip","7":"product_cat-protege-passeports","8":"product_cat-accessoires-pour-valise","9":"product_tag-chat","11":"first","12":"instock","13":"taxable","14":"shipping-taxable","15":"purchasable","16":"product-type-simple","17":"entry","18":"content-bg","19":"loop-entry"},"taxonomy_info":{"product_brand":[{"value":385,"label":"VelarTrip"}],"product_cat":[{"value":395,"label":"Prot\u00e8ge-Passeports"},{"value":618,"label":"Accessoires pour Valise"}],"product_tag":[{"value":180,"label":"Chat"}]},"featured_image_src_large":["https:\/\/velartrip.com\/wp-content\/uploads\/2022\/04\/59.jpg",800,800,false],"author_info":[],"comment_info":5,"_links":{"self":[{"href":"https:\/\/velartrip.com\/en\/wp-json\/wp\/v2\/product\/7673","targetHints":{"allow":["GET"]}}],"collection":[{"href":"https:\/\/velartrip.com\/en\/wp-json\/wp\/v2\/product"}],"about":[{"href":"https:\/\/velartrip.com\/en\/wp-json\/wp\/v2\/types\/product"}],"replies":[{"embeddable":true,"href":"https:\/\/velartrip.com\/en\/wp-json\/wp\/v2\/comments?post=7673"}],"wp:featuredmedia":[{"embeddable":true,"href":"https:\/\/velartrip.com\/en\/wp-json\/wp\/v2\/media\/13280"}],"wp:attachment":[{"href":"https:\/\/velartrip.com\/en\/wp-json\/wp\/v2\/media?parent=7673"}],"wp:term":[{"taxonomy":"product_brand","embeddable":true,"href":"https:\/\/velartrip.com\/en\/wp-json\/wp\/v2\/product_brand?post=7673"},{"taxonomy":"product_cat","embeddable":true,"href":"https:\/\/velartrip.com\/en\/wp-json\/wp\/v2\/product_cat?post=7673"},{"taxonomy":"product_tag","embeddable":true,"href":"https:\/\/velartrip.com\/en\/wp-json\/wp\/v2\/product_tag?post=7673"}],"curies":[{"name":"wp","href":"https:\/\/api.w.org\/{rel}","templated":true}]}}