{"id":7693,"date":"2020-08-22T16:51:02","date_gmt":"2020-08-22T16:51:02","guid":{"rendered":"https:\/\/velartrip.com\/?product=bracelet-avion-br-aero-black"},"modified":"2024-12-04T09:30:30","modified_gmt":"2024-12-04T08:30:30","slug":"bracelet-avion-noir","status":"publish","type":"product","link":"https:\/\/velartrip.com\/en\/accessoires-lifestyle\/bracelets-avion\/bracelet-avion-noir\/","title":{"rendered":"Avion Aero Black bracelet"},"content":{"rendered":"<p><meta charset=\"utf-8\"><\/p>\n<h2>Adopt a simple style for a simple traveler with our Aero Black bracelet.<\/h2>\n<ul>\n<li>Unisex.<\/li>\n<li>\n<span><strong>Nylon rope<\/strong><\/span><strong><span>\u00a0<\/span>:<span>\u00a0<\/span><\/strong>for greater durability over time.<\/li>\n<li>\n<span>Plane in\u00a0<strong>zinc alloy<\/strong><\/span><span>\u00a0<\/span>: bringing added value <span style=\"text-decoration: underline;\">great lightness<\/span>.<\/li>\n<li>No discomfort on the skin.<\/li>\n<\/ul>\n<ul>\n<li><strong>FREE STANDARD DELIVERY<\/strong><\/li>\n<\/ul>\n<p>\u2708\ufe0f To travel more often with it, avoid all contact with water. \ud83d\udca6<\/p>","protected":false},"excerpt":{"rendered":"<p>Adopte un style simple pour un voyageur simple avec notre bracelet Aero Black. Unisexe. Corde en nylon\u00a0:\u00a0pour une plus grande durabilit\u00e9 dans le temps. Avion en\u00a0alliage de zinc\u00a0: apportant une plus grande l\u00e9g\u00e8ret\u00e9. Aucune forme de g\u00eane sur la peau. LIVRAISON STANDARD OFFERTE \u2708\ufe0f\u00a0 Pour voyager plus souvent avec, \u00e9vite tout contact avec l&rsquo;eau. \ud83d\udca6<\/p>","protected":false},"featured_media":13251,"comment_status":"open","ping_status":"closed","template":"","meta":{"_kad_blocks_custom_css":"","_kad_blocks_head_custom_js":"","_kad_blocks_body_custom_js":"","_kad_blocks_footer_custom_js":"","_kad_post_transparent":"","_kad_post_title":"","_kad_post_layout":"","_kad_post_sidebar_id":"","_kad_post_content_style":"","_kad_post_vertical_padding":"","_kad_post_feature":"","_kad_post_feature_position":"","_kad_post_header":false,"_kad_post_footer":false,"_kad_post_classname":""},"product_brand":[385],"product_cat":[405,390],"product_tag":[261],"class_list":{"0":"post-7693","1":"product","2":"type-product","3":"status-publish","4":"has-post-thumbnail","6":"product_brand-velartrip","7":"product_cat-accessoires-lifestyle","8":"product_cat-bracelets-avion","9":"product_tag-aero","11":"first","12":"instock","13":"taxable","14":"shipping-taxable","15":"purchasable","16":"product-type-variable","17":"entry","18":"content-bg","19":"loop-entry"},"taxonomy_info":{"product_brand":[{"value":385,"label":"VelarTrip"}],"product_cat":[{"value":405,"label":"Accessoires Lifestyle"},{"value":390,"label":"Bracelets Avion"}],"product_tag":[{"value":261,"label":"Aero"}]},"featured_image_src_large":["https:\/\/velartrip.com\/wp-content\/uploads\/2022\/04\/45-1.jpg",800,800,false],"author_info":[],"comment_info":152,"_links":{"self":[{"href":"https:\/\/velartrip.com\/en\/wp-json\/wp\/v2\/product\/7693","targetHints":{"allow":["GET"]}}],"collection":[{"href":"https:\/\/velartrip.com\/en\/wp-json\/wp\/v2\/product"}],"about":[{"href":"https:\/\/velartrip.com\/en\/wp-json\/wp\/v2\/types\/product"}],"replies":[{"embeddable":true,"href":"https:\/\/velartrip.com\/en\/wp-json\/wp\/v2\/comments?post=7693"}],"wp:featuredmedia":[{"embeddable":true,"href":"https:\/\/velartrip.com\/en\/wp-json\/wp\/v2\/media\/13251"}],"wp:attachment":[{"href":"https:\/\/velartrip.com\/en\/wp-json\/wp\/v2\/media?parent=7693"}],"wp:term":[{"taxonomy":"product_brand","embeddable":true,"href":"https:\/\/velartrip.com\/en\/wp-json\/wp\/v2\/product_brand?post=7693"},{"taxonomy":"product_cat","embeddable":true,"href":"https:\/\/velartrip.com\/en\/wp-json\/wp\/v2\/product_cat?post=7693"},{"taxonomy":"product_tag","embeddable":true,"href":"https:\/\/velartrip.com\/en\/wp-json\/wp\/v2\/product_tag?post=7693"}],"curies":[{"name":"wp","href":"https:\/\/api.w.org\/{rel}","templated":true}]}}