{"id":7819,"date":"2020-09-25T11:36:01","date_gmt":"2020-09-25T11:36:01","guid":{"rendered":"https:\/\/velartrip.com\/?product=etiquette-bagage-br-aircraft-lavande"},"modified":"2024-12-04T09:30:05","modified_gmt":"2024-12-04T08:30:05","slug":"etiquette-bagage-mauve","status":"publish","type":"product","link":"https:\/\/velartrip.com\/en\/accessoires-pour-valise\/etiquettes-bagages\/etiquette-bagage-mauve\/","title":{"rendered":"Aircraft Lavender luggage tag"},"content":{"rendered":"<div class=\"detailmodule_text\">\n<h2 data-mce-fragment=\"1\">Discover our lavender aircraft luggage tag, 100% d\u00e9tente, for all those who want to travel in total relaxation!<\/h2>\n<\/div>\n<ul>\n<li><strong>Identify and find<\/strong>\u00a0your luggage with ease<\/li>\n<li><strong>Attaches quickly<\/strong>\u00a0with ease.<\/li>\n<li>Designed for\u00a0<strong>all types of luggage<\/strong>s (hands, travel bag, carry-on suitcase, backpack...)<\/li>\n<li>Composition: synthetic leather<\/li>\n<\/ul>\n<h3 style=\"text-align: center\"><span style=\"color: #82d5c7\">Why label your suitcases?<\/span><\/h3>\n<p>If you would like to :<\/p>\n<p>\u2705 Travel by train, boat or plane.<\/p>\n<p>\u2705\u00a0<strong>Distinguishing your suitcases<\/strong>\u00a0of other travellers on the baggage carousel<\/p>\n<p>\u2705 <strong>Find your way more easily<\/strong>t a lost suitcase (although we wouldn't wish it on you!)<\/p>\n<p>\u2705 To be <strong>in compliance with regulations<\/strong> airport\u00a0<span data-mce-fragment=\"1\">international<\/span><\/p>\n<p><span data-mce-fragment=\"1\">\u2705 <strong>Avoiding destruction<\/strong> by the authorities of your unattended suitcase.<\/span><\/p>\n<p><span data-mce-fragment=\"1\">In this case, you will need a luggage tag.<\/span><\/p>\n<h3 style=\"text-align: center\"><span style=\"color: #db7c46\" data-mce-fragment=\"1\">How do I choose a label for my suitcase?<\/span><\/h3>\n<p><span data-mce-fragment=\"1\">This is probably the easiest travel accessory to choose since it will depend <strong>just your taste in design<\/strong> !<\/span><\/p>\n<p><span data-mce-fragment=\"1\">For the rest, each label has more or less <strong>the same fields to be completed<\/strong>, that&#039;s to say :<\/span><\/p>\n<ul>\n<li><span data-mce-fragment=\"1\">first and last name<\/span><\/li>\n<li><span data-mce-fragment=\"1\">the postal address\u00a0<\/span><\/li>\n<li><span data-mce-fragment=\"1\">telephone number\u00a0<\/span><\/li>\n<li><span data-mce-fragment=\"1\">the email address<\/span><\/li>\n<\/ul>","protected":false},"excerpt":{"rendered":"<p>D\u00e9couvre notre \u00e9tiquette bagage aircraft lavande, 100% d\u00e9tente\u00a0 pour tous ceux qui souhaitent voyager en pleine z\u00e9nitude ! Identifiez et retrouvez\u00a0facilement\u00a0vos bagages S&rsquo;attache rapidement\u00a0et facilement. Con\u00e7u pour\u00a0tous types de bagages (mains, sac de voyage, valise cabine, sac \u00e0 dos&#8230;) Composition : cuir synth\u00e9tique Pourquoi \u00e9tiqueter ses valises ? Si vous souhaitez : \u2705\u00a0Voyager en train,&#8230;<\/p>","protected":false},"featured_media":13225,"comment_status":"open","ping_status":"closed","template":"","meta":{"_kad_blocks_custom_css":"","_kad_blocks_head_custom_js":"","_kad_blocks_body_custom_js":"","_kad_blocks_footer_custom_js":"","_kad_post_transparent":"","_kad_post_title":"","_kad_post_layout":"","_kad_post_sidebar_id":"","_kad_post_content_style":"","_kad_post_vertical_padding":"","_kad_post_feature":"","_kad_post_feature_position":"","_kad_post_header":false,"_kad_post_footer":false,"_kad_post_classname":""},"product_brand":[385],"product_cat":[618,397],"product_tag":[94],"class_list":{"0":"post-7819","1":"product","2":"type-product","3":"status-publish","4":"has-post-thumbnail","6":"product_brand-velartrip","7":"product_cat-accessoires-pour-valise","8":"product_cat-etiquettes-bagages","9":"product_tag-aeroport","11":"first","12":"instock","13":"taxable","14":"shipping-taxable","15":"purchasable","16":"product-type-simple","17":"entry","18":"content-bg","19":"loop-entry"},"taxonomy_info":{"product_brand":[{"value":385,"label":"VelarTrip"}],"product_cat":[{"value":618,"label":"Accessoires pour Valise"},{"value":397,"label":"\u00c9tiquette Bagage"}],"product_tag":[{"value":94,"label":" A\u00e9roport"}]},"featured_image_src_large":["https:\/\/velartrip.com\/wp-content\/uploads\/2022\/04\/Sans-titre-57.jpg",800,800,false],"author_info":[],"comment_info":5,"_links":{"self":[{"href":"https:\/\/velartrip.com\/en\/wp-json\/wp\/v2\/product\/7819","targetHints":{"allow":["GET"]}}],"collection":[{"href":"https:\/\/velartrip.com\/en\/wp-json\/wp\/v2\/product"}],"about":[{"href":"https:\/\/velartrip.com\/en\/wp-json\/wp\/v2\/types\/product"}],"replies":[{"embeddable":true,"href":"https:\/\/velartrip.com\/en\/wp-json\/wp\/v2\/comments?post=7819"}],"wp:featuredmedia":[{"embeddable":true,"href":"https:\/\/velartrip.com\/en\/wp-json\/wp\/v2\/media\/13225"}],"wp:attachment":[{"href":"https:\/\/velartrip.com\/en\/wp-json\/wp\/v2\/media?parent=7819"}],"wp:term":[{"taxonomy":"product_brand","embeddable":true,"href":"https:\/\/velartrip.com\/en\/wp-json\/wp\/v2\/product_brand?post=7819"},{"taxonomy":"product_cat","embeddable":true,"href":"https:\/\/velartrip.com\/en\/wp-json\/wp\/v2\/product_cat?post=7819"},{"taxonomy":"product_tag","embeddable":true,"href":"https:\/\/velartrip.com\/en\/wp-json\/wp\/v2\/product_tag?post=7819"}],"curies":[{"name":"wp","href":"https:\/\/api.w.org\/{rel}","templated":true}]}}