{"id":7955,"date":"2020-12-30T12:22:05","date_gmt":"2020-12-30T12:22:05","guid":{"rendered":"https:\/\/velartrip.com\/?product=cadenas-digital-br-alcatraz"},"modified":"2024-12-04T09:29:55","modified_gmt":"2024-12-04T08:29:55","slug":"cadenas-empreinte-digital","status":"publish","type":"product","link":"https:\/\/velartrip.com\/en\/accessoires-pratiques\/cadenas-empreinte-digital\/","title":{"rendered":"Alcatraz Digital Padlock"},"content":{"rendered":"<h2>Our Alcatraz Digital Padlock will be your greatest companion for all your travels! No code, just your finger!<\/h2>\n<ul>\n<li><strong>0.5 seconds<\/strong> are enough to\u00a0<strong>unlock<\/strong> our padlock<\/li>\n<li>Comfort first, with <strong><span style=\"text-decoration: underline;\">10 storable fingerprints<\/span><\/strong><\/li>\n<li>Rechargeable battery with <strong>1 year of autonomy<\/strong><\/li>\n<li><strong>Rain and dust resistant<\/strong> with IP62 standard<\/li>\n<li>Similar weight to a traditional padlock with <strong>only 90g<\/strong><\/li>\n<\/ul>\n<h2 style=\"text-align: center;\"><span style=\"color: #82d5c7;\"><strong>Why choose a fingerprint padlock?<\/strong><\/span><\/h2>\n<p>Unlike TSA-type locks, digital locks provide greater security, as discussed in the article on how to unlock your suitcase with a combination lock.<\/p>\n<p>US Customs TSA keys leaked online in 2014<\/p>\n<p>Today, electronic fingerprint locks provide greater security for 2 reasons:<\/p>\n<ul>\n<li>Your fingers now become keys to unlock the padlock<\/li>\n<li>No more problems with seized locks that make unlocking impossible<\/li>\n<\/ul>\n<p>Our Alcatraz digital recognition padlock is a trendy accessory with one of the longest battery life on the market.<\/p>\n<h3><span style=\"color: #db7c46;\">Frequently asked questions\u00a0<\/span><\/h3>\n<h4 class=\"detailmodule_text\">1- What if the fingerprint cannot be identified?<\/h4>\n<div class=\"detailmodule_text\">\n<p class=\"detail-desc-decorate-content\" data-spm-anchor-id=\"a2g0o.detail.1000023.i2.961c2ed7KgFBzl\">Usually, due to fingerprint wear, scratches, dirty, wet fingers or the fingerprint collection window with smudges and water droplets, fingerprint identification fails. It is necessary to ensure that your fingers and <strong>the fingerprint window are clean and dry<\/strong>. In case of scratches on one of your fingers, it is recommended to grab at least <strong>3 fingerprint records<\/strong> after purchase.<\/p>\n<\/div>\n<div class=\"detailmodule_text\">\n<h4 class=\"detail-desc-decorate-title\">2 - How do I unlock the padlock if the battery is empty?<\/h4>\n<p class=\"detail-desc-decorate-content\">Connect the charging port with Micro USB, the red light is on, indicating that it is charging. During charging, it can be unlocked normally. When the indicator light is off, it indicates that it is fully charged.<\/p>\n<\/div>\n<div class=\"detailmodule_text-image\" style=\"text-align: start;\">\n<h4 class=\"detail-desc-decorate-title\">3 - Is there a low-battery warning light?<\/h4>\n<p class=\"detail-desc-decorate-content\">When the battery is low, the red LED flashes after unlocking.<\/p>\n<p class=\"detail-desc-decorate-content\"><img decoding=\"async\" style=\"float: none;\" src=\"https:\/\/velartrip.com\/wp-content\/uploads\/content\/temoin_de_batterie_faible_600x600.jpg\" alt=\"red indicator light\" width=\"600x600\" height=\"600x600\" \/><\/p>\n<\/div>\n<div class=\"detailmodule_text\" style=\"text-align: start;\">\n<h4 class=\"detail-desc-decorate-title\">4 - Can the padlock be unlocked without a battery?<\/h4>\n<p data-spm-anchor-id=\"a2g0o.detail.1000023.i4.961c2ed7KgFBzl\">No, it is not possible to unlock the lock with a discharged battery.<\/p>\n<p data-spm-anchor-id=\"a2g0o.detail.1000023.i4.961c2ed7KgFBzl\">If this happens, you can use a mobile power bank to temporarily charge the lock, the latter has<span data-mce-fragment=\"1\">will show a red light and can then be unlocked.<\/span><\/p>\n<h4 data-spm-anchor-id=\"a2g0o.detail.1000023.i4.961c2ed7KgFBzl\"><span data-mce-fragment=\"1\">5 \u2013 Is there a user guide for the lock?<\/span><\/h4>\n<p><span data-mce-fragment=\"1\">Yes, it comes with a USB cable for charging.<\/span><\/p>\n<p><span data-mce-fragment=\"1\"><img decoding=\"async\" style=\"float: none;\" src=\"https:\/\/velartrip.com\/wp-content\/uploads\/content\/cadenas_a__empreintes_digitales_600x600.jpg\" alt=\"USB cable for fingerprint padlocks\" width=\"600x600\" height=\"600x600\" \/><\/span><\/p>\n<\/div>","protected":false},"excerpt":{"rendered":"<p>Notre Cadenas Digital Alcatraz sera votre plus grand compagnon pour tous vos voyages ! Plus de code, juste votre doigt ! 0,5 seconde suffisent pour\u00a0d\u00e9verrouiller notre cadenas Le confort avant tout, avec 10 empreintes digitales\u00a0stockable Une batterie rechargeable avec 1\u00a0an d&rsquo;autonomie R\u00e9sistant \u00e0 la pluie et la poussi\u00e8re avec la norme IP62 Un poids similaire&#8230;<\/p>","protected":false},"featured_media":13779,"comment_status":"open","ping_status":"closed","template":"","meta":{"_kad_blocks_custom_css":"","_kad_blocks_head_custom_js":"","_kad_blocks_body_custom_js":"","_kad_blocks_footer_custom_js":"","_kad_post_transparent":"","_kad_post_title":"","_kad_post_layout":"","_kad_post_sidebar_id":"","_kad_post_content_style":"","_kad_post_vertical_padding":"","_kad_post_feature":"","_kad_post_feature_position":"","_kad_post_header":false,"_kad_post_footer":false,"_kad_post_classname":""},"product_brand":[385],"product_cat":[386],"product_tag":[],"class_list":{"0":"post-7955","1":"product","2":"type-product","3":"status-publish","4":"has-post-thumbnail","6":"product_brand-velartrip","7":"product_cat-accessoires-pratiques","9":"first","10":"instock","11":"taxable","12":"shipping-taxable","13":"purchasable","14":"product-type-variable","15":"entry","16":"content-bg","17":"loop-entry"},"taxonomy_info":{"product_brand":[{"value":385,"label":"VelarTrip"}],"product_cat":[{"value":386,"label":"Accessoires Pratiques"}]},"featured_image_src_large":["https:\/\/velartrip.com\/wp-content\/uploads\/2020\/12\/1.jpg",800,800,false],"author_info":[],"comment_info":7,"_links":{"self":[{"href":"https:\/\/velartrip.com\/en\/wp-json\/wp\/v2\/product\/7955","targetHints":{"allow":["GET"]}}],"collection":[{"href":"https:\/\/velartrip.com\/en\/wp-json\/wp\/v2\/product"}],"about":[{"href":"https:\/\/velartrip.com\/en\/wp-json\/wp\/v2\/types\/product"}],"replies":[{"embeddable":true,"href":"https:\/\/velartrip.com\/en\/wp-json\/wp\/v2\/comments?post=7955"}],"wp:featuredmedia":[{"embeddable":true,"href":"https:\/\/velartrip.com\/en\/wp-json\/wp\/v2\/media\/13779"}],"wp:attachment":[{"href":"https:\/\/velartrip.com\/en\/wp-json\/wp\/v2\/media?parent=7955"}],"wp:term":[{"taxonomy":"product_brand","embeddable":true,"href":"https:\/\/velartrip.com\/en\/wp-json\/wp\/v2\/product_brand?post=7955"},{"taxonomy":"product_cat","embeddable":true,"href":"https:\/\/velartrip.com\/en\/wp-json\/wp\/v2\/product_cat?post=7955"},{"taxonomy":"product_tag","embeddable":true,"href":"https:\/\/velartrip.com\/en\/wp-json\/wp\/v2\/product_tag?post=7955"}],"curies":[{"name":"wp","href":"https:\/\/api.w.org\/{rel}","templated":true}]}}