{"id":7966,"date":"2021-01-05T21:11:38","date_gmt":"2021-01-05T21:11:38","guid":{"rendered":"https:\/\/velartrip.com\/?product=housse-de-valise-br-transparente"},"modified":"2024-12-04T09:29:55","modified_gmt":"2024-12-04T08:29:55","slug":"housse-valise-transparente","status":"publish","type":"product","link":"https:\/\/velartrip.com\/en\/accessoires-pour-valise\/housse-de-valise\/housse-valise-transparente\/","title":{"rendered":"Transparent Suitcase Cover"},"content":{"rendered":"<h2>Notre seule housse de valise transparente (PVC) et robuste pour allier le design et la s\u00e9curit\u00e9.<\/h2>\n<ul>\n<li><span style=\"text-decoration: underline;\"><strong>10 secondes pour ouvrir sa valise<\/strong><\/span> sans retirer la housse gr\u00e2ce \u00e0 la fermeture \u00e9clair lat\u00e9rale<\/li>\n<li>Conception en PVC premium, apportant une <strong>r\u00e9sistance accrue face \u00e0 l&rsquo;eau<\/strong><\/li>\n<li>Une ergonomie adaptable en fonction de la poign\u00e9e de votre valise gr\u00e2ce \u00e0 <strong>une ouverture \u00e0 zip sur le c\u00f4t\u00e9 droit<\/strong><\/li>\n<li>Notre housse sera toujours bien <strong>ajust\u00e9e \u00e0 votre valise<\/strong> \u00e0 l&rsquo;aide de nos \u00e9lastiques aux 4 coins des roues<\/li>\n<\/ul>\n<p>\u26a0\ufe0f Pour cette housse, nous avons des mesures qui sont diff\u00e9rentes par rapport aux housses qui s&rsquo;enfilent par le haut. Veuillez vous fier au guide des tailles justes en dessous :<\/p>\n<div style=\"text-align: left;\"><img decoding=\"async\" style=\"float: none;\" src=\"https:\/\/velartrip.com\/wp-content\/uploads\/content\/guide_des_tailles_housse_de_valise_transparente_1.png\" alt=\"guide des tailles housse de valise transparente\" \/><\/div>\n<div style=\"text-align: left;\"><\/div>\n<p>[block id=\u00a0\u00bbhousse-de-valise-produit-description\u00a0\u00bb]<\/p>\n","protected":false},"excerpt":{"rendered":"<p>Our only transparent (PVC) and robust suitcase cover to combine design and security. 10 seconds to open your suitcase without removing the cover thanks to the side zipper Premium PVC design, providing increased water resistance Ergonomics adaptable to the handle of your suitcase thanks to\u2026<\/p>","protected":false},"featured_media":13195,"comment_status":"open","ping_status":"closed","template":"","meta":{"_kad_blocks_custom_css":"","_kad_blocks_head_custom_js":"","_kad_blocks_body_custom_js":"","_kad_blocks_footer_custom_js":"","_kad_post_transparent":"","_kad_post_title":"","_kad_post_layout":"","_kad_post_sidebar_id":"","_kad_post_content_style":"","_kad_post_vertical_padding":"","_kad_post_feature":"","_kad_post_feature_position":"","_kad_post_header":false,"_kad_post_footer":false,"_kad_post_classname":""},"product_brand":[],"product_cat":[392,618],"product_tag":[],"class_list":{"0":"post-7966","1":"product","2":"type-product","3":"status-publish","4":"has-post-thumbnail","6":"product_cat-housse-de-valise","7":"product_cat-accessoires-pour-valise","9":"first","10":"instock","11":"taxable","12":"shipping-taxable","13":"purchasable","14":"product-type-variable","15":"has-default-attributes","16":"entry","17":"content-bg","18":"loop-entry"},"taxonomy_info":{"product_cat":[{"value":392,"label":"Housses De Valise"},{"value":618,"label":"Accessoires pour Valise"}]},"featured_image_src_large":["https:\/\/velartrip.com\/wp-content\/uploads\/2021\/01\/11.jpg",800,800,false],"author_info":[],"comment_info":0,"_links":{"self":[{"href":"https:\/\/velartrip.com\/en\/wp-json\/wp\/v2\/product\/7966","targetHints":{"allow":["GET"]}}],"collection":[{"href":"https:\/\/velartrip.com\/en\/wp-json\/wp\/v2\/product"}],"about":[{"href":"https:\/\/velartrip.com\/en\/wp-json\/wp\/v2\/types\/product"}],"replies":[{"embeddable":true,"href":"https:\/\/velartrip.com\/en\/wp-json\/wp\/v2\/comments?post=7966"}],"wp:featuredmedia":[{"embeddable":true,"href":"https:\/\/velartrip.com\/en\/wp-json\/wp\/v2\/media\/13195"}],"wp:attachment":[{"href":"https:\/\/velartrip.com\/en\/wp-json\/wp\/v2\/media?parent=7966"}],"wp:term":[{"taxonomy":"product_brand","embeddable":true,"href":"https:\/\/velartrip.com\/en\/wp-json\/wp\/v2\/product_brand?post=7966"},{"taxonomy":"product_cat","embeddable":true,"href":"https:\/\/velartrip.com\/en\/wp-json\/wp\/v2\/product_cat?post=7966"},{"taxonomy":"product_tag","embeddable":true,"href":"https:\/\/velartrip.com\/en\/wp-json\/wp\/v2\/product_tag?post=7966"}],"curies":[{"name":"wp","href":"https:\/\/api.w.org\/{rel}","templated":true}]}}