{"id":8032,"date":"2021-01-08T12:44:19","date_gmt":"2021-01-08T12:44:19","guid":{"rendered":"https:\/\/velartrip.com\/?product=housse-de-valise-br-good-vibes"},"modified":"2024-12-04T09:29:55","modified_gmt":"2024-12-04T08:29:55","slug":"housse-valise-good-vibes","status":"publish","type":"product","link":"https:\/\/velartrip.com\/en\/accessoires-pour-valise\/housse-de-valise\/housse-valise-good-vibes\/","title":{"rendered":"Good Vibes suitcase cover"},"content":{"rendered":"<h2>Notre Housse de Valise Good Vibes a \u00e9t\u00e9 pens\u00e9e pour toutes les personnes Chill ! (comme nous \ud83e\udd19)<\/h2>\n<ul>\n<li><strong><span style=\"text-decoration: underline;\">S&rsquo;adapte \u00e0 99% des valises<\/span> <\/strong>\u00e0 2 ou 4 roues.<\/li>\n<li><strong>Deux ouvertures pr\u00e9vues<\/strong> pour la poign\u00e9e t\u00e9lescopique et\/o\u00f9 la poign\u00e9e simple.<\/li>\n<li>Plus de risques de se faire voler ses affaires, <strong>les fermetures \u00e9clairs sont prot\u00e9g\u00e9es<\/strong> par notre housse<\/li>\n<li>Finis les films en plastiques jetables aux prix exorbitants, nos housses sont rentabilis\u00e9es d\u00e8s votre premier voyage.<\/li>\n<li>Lavable \u00e0 30\u00b0C et r\u00e9utilisable, la plan\u00e8te se portera mieux ! \u267b\ufe0f<\/li>\n<\/ul>\n<p style=\"text-align: center;\">\ud83d\udccf R\u00e9f\u00e9rez-vous au guide des tailles pour choisir au mieux votre housse de valise en fonction de sa dimension \ud83d\udccf<\/p>\n<p class=\"p1\" style=\"text-align: center;\"><span class=\"s1\">\u26a0\ufe0f<\/span> Compatible avec les housses de valise dont la poign\u00e9e lat\u00e9rale se situe \u00e0 gauche et non \u00e0 droite. (visible sur la photo de la housse)<\/p>\n<p>[block id=\u00a0\u00bbhousse-de-valise-produit-description\u00a0\u00bb]<\/p>\n","protected":false},"excerpt":{"rendered":"<p>Our Good Vibes Suitcase Cover was designed for all the Chill people out there! (like us \ud83e\udd19) Fits 99% 2- or 4-wheel suitcases. Two openings for the telescopic handle and\/or the single handle. No more risk of having your belongings stolen, the zippers are protected by our\u2026<\/p>","protected":false},"featured_media":12426,"comment_status":"open","ping_status":"closed","template":"","meta":{"_kad_blocks_custom_css":"","_kad_blocks_head_custom_js":"","_kad_blocks_body_custom_js":"","_kad_blocks_footer_custom_js":"","_kad_post_transparent":"","_kad_post_title":"","_kad_post_layout":"","_kad_post_sidebar_id":"","_kad_post_content_style":"","_kad_post_vertical_padding":"","_kad_post_feature":"","_kad_post_feature_position":"","_kad_post_header":false,"_kad_post_footer":false,"_kad_post_classname":""},"product_brand":[385],"product_cat":[618,392],"product_tag":[196],"class_list":{"0":"post-8032","1":"product","2":"type-product","3":"status-publish","4":"has-post-thumbnail","6":"product_brand-velartrip","7":"product_cat-accessoires-pour-valise","8":"product_cat-housse-de-valise","9":"product_tag-poignee-a-gauche","11":"first","12":"instock","13":"taxable","14":"shipping-taxable","15":"purchasable","16":"product-type-variable","17":"entry","18":"content-bg","19":"loop-entry"},"taxonomy_info":{"product_brand":[{"value":385,"label":"VelarTrip"}],"product_cat":[{"value":618,"label":"Accessoires pour Valise"},{"value":392,"label":"Housses De Valise"}],"product_tag":[{"value":196,"label":"Poign\u00e9e \u00e0 gauche"}]},"featured_image_src_large":["https:\/\/velartrip.com\/wp-content\/uploads\/2021\/01\/housse-de-valise-festival.jpg",800,800,false],"author_info":[],"comment_info":5,"_links":{"self":[{"href":"https:\/\/velartrip.com\/en\/wp-json\/wp\/v2\/product\/8032","targetHints":{"allow":["GET"]}}],"collection":[{"href":"https:\/\/velartrip.com\/en\/wp-json\/wp\/v2\/product"}],"about":[{"href":"https:\/\/velartrip.com\/en\/wp-json\/wp\/v2\/types\/product"}],"replies":[{"embeddable":true,"href":"https:\/\/velartrip.com\/en\/wp-json\/wp\/v2\/comments?post=8032"}],"wp:featuredmedia":[{"embeddable":true,"href":"https:\/\/velartrip.com\/en\/wp-json\/wp\/v2\/media\/12426"}],"wp:attachment":[{"href":"https:\/\/velartrip.com\/en\/wp-json\/wp\/v2\/media?parent=8032"}],"wp:term":[{"taxonomy":"product_brand","embeddable":true,"href":"https:\/\/velartrip.com\/en\/wp-json\/wp\/v2\/product_brand?post=8032"},{"taxonomy":"product_cat","embeddable":true,"href":"https:\/\/velartrip.com\/en\/wp-json\/wp\/v2\/product_cat?post=8032"},{"taxonomy":"product_tag","embeddable":true,"href":"https:\/\/velartrip.com\/en\/wp-json\/wp\/v2\/product_tag?post=8032"}],"curies":[{"name":"wp","href":"https:\/\/api.w.org\/{rel}","templated":true}]}}