{"id":8117,"date":"2021-01-13T14:39:09","date_gmt":"2021-01-13T14:39:09","guid":{"rendered":"https:\/\/velartrip.com\/?product=porte-cles-gel-hydroalcoolique-br-militaire"},"modified":"2024-12-04T09:29:42","modified_gmt":"2024-12-04T08:29:42","slug":"porte-cle-gel-hydroalcolique-militaire","status":"publish","type":"product","link":"https:\/\/velartrip.com\/en\/accessoires-lifestyle\/porte-cles-gel-hydroalcoolique\/porte-cle-gel-hydroalcolique-militaire\/","title":{"rendered":"Military Hydroalcoholic Gel Key Chain"},"content":{"rendered":"<h2>Disinfect even when camouflaged with our Military Hydroalcoholic Gel Keyring!<\/h2>\n<ul>\n<li>A <strong>30 ml bottle <\/strong>reusable for life!\u00a0<\/li>\n<li>A suitcase, a handbag, keys... Our hydroalcoholic gel holder <strong>fits everywhere<\/strong>\n<\/li>\n<li>Choose a <strong>design to suit you <\/strong>top-quality neoprene<\/li>\n<li>\n<span style=\"text-decoration: underline;\"><strong>Compact and lightweight<\/strong><\/span>r, no more space-consuming bottles!<\/li>\n<\/ul>\n<p><\/p>\n<p><span style=\"text-decoration: underline;\"><\/span><span style=\"text-decoration: underline;\">Dimensions :<\/span> 10.16 x 5.6 cm<\/p>\n<p>\u26a0\ufe0f The bottle is delivered empty and without liquid.<\/p>\n<h2 style=\"text-align: center;\"><span style=\"color: #82d5c7;\">\u00a0Why choose a Hydroalcoholic Gel Keyring?<\/span><\/h2>\n<div style=\"text-align: left; padding-left: 30px;\">\u2705 If you're tired of looking for your hydroalcoholic gel in your bag<\/div>\n<div style=\"text-align: left; padding-left: 30px;\">\u2705 If you don't<strong> can't bear to use the hydroalcoholic gel from the stores<\/strong> when you go shopping\u00a0<\/div>\n<div style=\"text-align: left; padding-left: 30px;\">\u2705 If you like design and practicality\u00a0<\/div>\n<div style=\"text-align: left; padding-left: 30px;\">\u2705 If you want to travel in <span style=\"text-decoration: underline;\"><a href=\"https:\/\/velartrip.com\/en\/prendre-gourde-avion\/\" title=\"restrictions on liquids on board aircraft\" target=\"_blank\" rel=\"noopener\">respecting restrictions on liquids at airports<\/a><\/span> while\u00a0<strong>maintaining good hand hygiene on the plane<\/strong>\n<\/div>\n<div style=\"text-align: left; padding-left: 30px;\"><strong><\/strong><\/div>\n<div style=\"text-align: left; padding-left: 30px;\"><strong><\/strong><\/div>\n<div style=\"text-align: left; padding-left: 30px;\"><\/div>\n<p> So our key rings <strong>are tailored to your lifestyle<\/strong>. Choose the model that's right for you from our wide selection.<\/p>","protected":false},"excerpt":{"rendered":"<p>Une d\u00e9sinfection \u00e0 toutes \u00e9preuves m\u00eame camoufl\u00e9e gr\u00e2ce \u00e0 notre Porte-Cl\u00e9s Gel Hydroalcoolique Militaire ! Un flacon\u00a0de 30\u2009ml r\u00e9utilisable \u00e0 vie !\u00a0 Une valise, un sac \u00e0 main, des cl\u00e9s&#8230; Notre porte-gel hydroalcoolique s&rsquo;adapte partout Choisissez un design qui vous correspond de qualit\u00e9 sup\u00e9rieure en N\u00e9opr\u00e8ne Compact et l\u00e9ger, finis les flacons qui prennent de&#8230;<\/p>","protected":false},"featured_media":13139,"comment_status":"open","ping_status":"closed","template":"","meta":{"_kad_blocks_custom_css":"","_kad_blocks_head_custom_js":"","_kad_blocks_body_custom_js":"","_kad_blocks_footer_custom_js":"","_kad_post_transparent":"","_kad_post_title":"","_kad_post_layout":"","_kad_post_sidebar_id":"","_kad_post_content_style":"","_kad_post_vertical_padding":"","_kad_post_feature":"","_kad_post_feature_position":"","_kad_post_header":false,"_kad_post_footer":false,"_kad_post_classname":""},"product_brand":[385],"product_cat":[405,400],"product_tag":[296],"class_list":{"0":"post-8117","1":"product","2":"type-product","3":"status-publish","4":"has-post-thumbnail","6":"product_brand-velartrip","7":"product_cat-accessoires-lifestyle","8":"product_cat-porte-cles-gel-hydroalcoolique","9":"product_tag-30-ml","11":"first","12":"instock","13":"taxable","14":"shipping-taxable","15":"purchasable","16":"product-type-simple","17":"entry","18":"content-bg","19":"loop-entry"},"taxonomy_info":{"product_brand":[{"value":385,"label":"VelarTrip"}],"product_cat":[{"value":405,"label":"Accessoires Lifestyle"},{"value":400,"label":"Porte-Cl\u00e9s Gel Hydroalcoolique"}],"product_tag":[{"value":296,"label":"30 ml"}]},"featured_image_src_large":["https:\/\/velartrip.com\/wp-content\/uploads\/2022\/04\/98.jpg",800,800,false],"author_info":[],"comment_info":3,"_links":{"self":[{"href":"https:\/\/velartrip.com\/en\/wp-json\/wp\/v2\/product\/8117","targetHints":{"allow":["GET"]}}],"collection":[{"href":"https:\/\/velartrip.com\/en\/wp-json\/wp\/v2\/product"}],"about":[{"href":"https:\/\/velartrip.com\/en\/wp-json\/wp\/v2\/types\/product"}],"replies":[{"embeddable":true,"href":"https:\/\/velartrip.com\/en\/wp-json\/wp\/v2\/comments?post=8117"}],"wp:featuredmedia":[{"embeddable":true,"href":"https:\/\/velartrip.com\/en\/wp-json\/wp\/v2\/media\/13139"}],"wp:attachment":[{"href":"https:\/\/velartrip.com\/en\/wp-json\/wp\/v2\/media?parent=8117"}],"wp:term":[{"taxonomy":"product_brand","embeddable":true,"href":"https:\/\/velartrip.com\/en\/wp-json\/wp\/v2\/product_brand?post=8117"},{"taxonomy":"product_cat","embeddable":true,"href":"https:\/\/velartrip.com\/en\/wp-json\/wp\/v2\/product_cat?post=8117"},{"taxonomy":"product_tag","embeddable":true,"href":"https:\/\/velartrip.com\/en\/wp-json\/wp\/v2\/product_tag?post=8117"}],"curies":[{"name":"wp","href":"https:\/\/api.w.org\/{rel}","templated":true}]}}