{"id":8238,"date":"2021-01-16T17:47:39","date_gmt":"2021-01-16T17:47:39","guid":{"rendered":"https:\/\/velartrip.com\/?product=porte-cles-gel-hydroalcoolique-br-puma-noir"},"modified":"2024-12-04T09:29:36","modified_gmt":"2024-12-04T08:29:36","slug":"porte-cles-gel-hydroalcoolique-puma-noir","status":"publish","type":"product","link":"https:\/\/velartrip.com\/en\/accessoires-lifestyle\/porte-cles-gel-hydroalcoolique\/porte-cles-gel-hydroalcoolique-puma-noir\/","title":{"rendered":"Puma Hydroalcoholic Gel Keyring Black"},"content":{"rendered":"<h2>As elegant as a Black Puma, here is our Hydroalcoholic Keychain which displays its colors.<\/h2>\n<ul>\n<li>A <strong>30 ml bottle <\/strong>reusable for life!<\/li>\n<li>A suitcase, a handbag, keys... Our hydroalcoholic gel holder <strong>fits everywhere<\/strong><\/li>\n<li>Choose a <strong>design to suit you <\/strong>top-quality synthetic leather<\/li>\n<li><span style=\"text-decoration: underline;\"><strong>Compact and lightweight<\/strong><\/span>r, no more space-consuming bottles!<\/li>\n<\/ul>\n<p>&nbsp;<\/p>\n<p><span style=\"text-decoration: underline;\">Dimensions :<\/span>\u00a010 x 7 cm<\/p>\n<p>\u26a0\ufe0f The bottle is delivered empty and without liquid.<\/p>\n<h2 style=\"text-align: center;\"><span style=\"color: #82d5c7;\">\u00a0Why choose a Hydroalcoholic Gel Keyring?<\/span><\/h2>\n<div style=\"text-align: left; padding-left: 30px;\">\u2705 If you're tired of looking for your hydroalcoholic gel in your bag<\/div>\n<div style=\"text-align: left; padding-left: 30px;\">\u2705 If you don't<strong> can't bear to use the hydroalcoholic gel from the stores<\/strong> when you go shopping<\/div>\n<div style=\"text-align: left; padding-left: 30px;\">\u2705 If you like design and practicality<\/div>\n<div style=\"text-align: left; padding-left: 30px;\">\u2705 If you want to travel in <span style=\"text-decoration: underline;\"><a title=\"restrictions on liquids on board aircraft\" href=\"https:\/\/velartrip.com\/en\/prendre-gourde-avion\/\" target=\"_blank\" rel=\"noopener\">respecting restrictions on liquids at airports<\/a><\/span> while\u00a0<strong>maintaining good hand hygiene on the plane<\/strong><\/div>\n<div style=\"text-align: left; padding-left: 30px;\"><\/div>\n<div style=\"text-align: left; padding-left: 30px;\"><\/div>\n<div style=\"text-align: left; padding-left: 30px;\"><\/div>\n<p>So our key rings <strong>are tailored to your lifestyle<\/strong>. Choose the model that's right for you from our wide selection.<\/p>","protected":false},"excerpt":{"rendered":"<p>Aussi\u00a0\u00e9l\u00e9gant qu&rsquo;un Puma Noir, voici notre Porte-Cl\u00e9s Hydroalcoolique qui arbore ses couleurs. Un flacon\u00a0de 30\u2009ml r\u00e9utilisable \u00e0 vie ! Une valise, un sac \u00e0 main, des cl\u00e9s&#8230; Notre porte-gel hydroalcoolique s&rsquo;adapte partout Choisissez un design qui vous correspond de qualit\u00e9 sup\u00e9rieure en\u00a0cuir synth\u00e9tique Compact et l\u00e9ger, finis les flacons qui prennent de la place !&#8230;<\/p>","protected":false},"featured_media":0,"comment_status":"open","ping_status":"closed","template":"","meta":{"_kad_blocks_custom_css":"","_kad_blocks_head_custom_js":"","_kad_blocks_body_custom_js":"","_kad_blocks_footer_custom_js":"","_kad_post_transparent":"","_kad_post_title":"","_kad_post_layout":"","_kad_post_sidebar_id":"","_kad_post_content_style":"","_kad_post_vertical_padding":"","_kad_post_feature":"","_kad_post_feature_position":"","_kad_post_header":false,"_kad_post_footer":false,"_kad_post_classname":""},"product_brand":[385],"product_cat":[400,405],"product_tag":[],"class_list":{"0":"post-8238","1":"product","2":"type-product","3":"status-publish","5":"product_brand-velartrip","6":"product_cat-porte-cles-gel-hydroalcoolique","7":"product_cat-accessoires-lifestyle","9":"first","10":"instock","11":"taxable","12":"shipping-taxable","13":"purchasable","14":"product-type-variable","15":"entry","16":"content-bg","17":"loop-entry"},"taxonomy_info":{"product_brand":[{"value":385,"label":"VelarTrip"}],"product_cat":[{"value":400,"label":"Porte-Cl\u00e9s Gel Hydroalcoolique"},{"value":405,"label":"Accessoires Lifestyle"}]},"featured_image_src_large":false,"author_info":[],"comment_info":3,"_links":{"self":[{"href":"https:\/\/velartrip.com\/en\/wp-json\/wp\/v2\/product\/8238","targetHints":{"allow":["GET"]}}],"collection":[{"href":"https:\/\/velartrip.com\/en\/wp-json\/wp\/v2\/product"}],"about":[{"href":"https:\/\/velartrip.com\/en\/wp-json\/wp\/v2\/types\/product"}],"replies":[{"embeddable":true,"href":"https:\/\/velartrip.com\/en\/wp-json\/wp\/v2\/comments?post=8238"}],"wp:attachment":[{"href":"https:\/\/velartrip.com\/en\/wp-json\/wp\/v2\/media?parent=8238"}],"wp:term":[{"taxonomy":"product_brand","embeddable":true,"href":"https:\/\/velartrip.com\/en\/wp-json\/wp\/v2\/product_brand?post=8238"},{"taxonomy":"product_cat","embeddable":true,"href":"https:\/\/velartrip.com\/en\/wp-json\/wp\/v2\/product_cat?post=8238"},{"taxonomy":"product_tag","embeddable":true,"href":"https:\/\/velartrip.com\/en\/wp-json\/wp\/v2\/product_tag?post=8238"}],"curies":[{"name":"wp","href":"https:\/\/api.w.org\/{rel}","templated":true}]}}