{"id":8256,"date":"2021-01-18T10:58:00","date_gmt":"2021-01-18T10:58:00","guid":{"rendered":"https:\/\/velartrip.com\/?product=porte-cles-hydroalcoolique-br-vaporisateur"},"modified":"2024-12-04T09:29:35","modified_gmt":"2024-12-04T08:29:35","slug":"porte-cles-hydroalcoolique-vaporisateur","status":"publish","type":"product","link":"https:\/\/velartrip.com\/en\/accessoires-lifestyle\/porte-cles-gel-hydroalcoolique\/porte-cles-hydroalcoolique-vaporisateur\/","title":{"rendered":"Hydroalcoholic Spray Keyring"},"content":{"rendered":"<h2>Discover our Hydroalcoholic Gel Spray Keyring. Our only model with a spray!<\/h2>\n<ul>\n<li>A <strong>transparent bottle <\/strong>with 50 or 60 ml spray\u00a0<strong>reusable for life<\/strong> !<\/li>\n<li>A suitcase, a handbag, keys... Our hydroalcoholic gel holder <strong>fits everywhere<\/strong><\/li>\n<li>Choose a <strong>design to suit you <\/strong>top-quality synthetic leather<\/li>\n<li><span style=\"text-decoration: underline;\"><strong>Compact and lightweight<\/strong><\/span>r, no more space-consuming bottles!<\/li>\n<\/ul>\n<p>&nbsp;<\/p>\n<p data-mce-fragment=\"1\">\u26a0\ufe0f The bottle is delivered empty and without liquid.<\/p>\n<p data-mce-fragment=\"1\">\ud83e\ude9d Models <strong>with carabiner<\/strong> are supplied with <strong>a random color<\/strong><\/p>\n<p><span style=\"text-decoration: underline;\">Dimensions :\u00a0<\/span><\/p>\n<p><span style=\"text-decoration: underline;\">50 ml<\/span>\u00a0size : 13.5 X 4.25 cm<\/p>\n<p><span style=\"text-decoration: underline;\">60 ml<\/span> size : 14.1 X 4.62 cm<\/p>\n<h2 style=\"text-align: center;\"><span style=\"color: #82d5c7;\">\u00a0Why choose a Hydroalcoholic key holder?<\/span><\/h2>\n<div style=\"text-align: left; padding-left: 30px;\">\u2705 If you're tired of looking for your hydroalcoholic gel in your bag<\/div>\n<div style=\"text-align: left; padding-left: 30px;\">\u2705 If you don't<strong> can't bear to use the hydroalcoholic gel from the stores<\/strong> when you go shopping<\/div>\n<div style=\"text-align: left; padding-left: 30px;\">\u2705 If you like design and practicality<\/div>\n<div style=\"text-align: left; padding-left: 30px;\">\u2705 If you want to travel in <span style=\"text-decoration: underline;\"><a title=\"restrictions on liquids on board aircraft\" href=\"https:\/\/velartrip.com\/en\/prendre-gourde-avion\/\" target=\"_blank\" rel=\"noopener\">respecting restrictions on liquids at airports<\/a><\/span> while\u00a0<strong>maintaining good hand hygiene on the plane<\/strong><\/div>\n<div style=\"text-align: left; padding-left: 30px;\"><\/div>\n<div style=\"text-align: left; padding-left: 30px;\"><\/div>\n<div style=\"text-align: left; padding-left: 30px;\"><\/div>\n<p>So our key rings <strong>are tailored to your lifestyle<\/strong>. Choose the model that's right for you from our wide selection.<\/p>","protected":false},"excerpt":{"rendered":"<p>D\u00e9couvre notre Porte-Cl\u00e9s Gel Hydroalcoolique Vaporisateur. Notre seul mod\u00e8le avec un spray ! Un flacon transparent avec spray de 50 ou 60 ml\u00a0r\u00e9utilisable \u00e0 vie ! Une valise, un sac \u00e0 main, des cl\u00e9s&#8230; Notre porte-gel hydroalcoolique s&rsquo;adapte partout Choisissez un design qui vous correspond de qualit\u00e9 sup\u00e9rieure en\u00a0cuir synth\u00e9tique Compact et l\u00e9ger, finis les&#8230;<\/p>","protected":false},"featured_media":13085,"comment_status":"open","ping_status":"closed","template":"","meta":{"_kad_blocks_custom_css":"","_kad_blocks_head_custom_js":"","_kad_blocks_body_custom_js":"","_kad_blocks_footer_custom_js":"","_kad_post_transparent":"","_kad_post_title":"","_kad_post_layout":"","_kad_post_sidebar_id":"","_kad_post_content_style":"","_kad_post_vertical_padding":"","_kad_post_feature":"","_kad_post_feature_position":"","_kad_post_header":false,"_kad_post_footer":false,"_kad_post_classname":""},"product_brand":[385],"product_cat":[405,400],"product_tag":[311,296,300],"class_list":{"0":"post-8256","1":"product","2":"type-product","3":"status-publish","4":"has-post-thumbnail","6":"product_brand-velartrip","7":"product_cat-accessoires-lifestyle","8":"product_cat-porte-cles-gel-hydroalcoolique","9":"product_tag-50-ml","10":"product_tag-30-ml","11":"product_tag-60-ml","13":"first","14":"instock","15":"taxable","16":"shipping-taxable","17":"purchasable","18":"product-type-variable","19":"entry","20":"content-bg","21":"loop-entry"},"taxonomy_info":{"product_brand":[{"value":385,"label":"VelarTrip"}],"product_cat":[{"value":405,"label":"Accessoires Lifestyle"},{"value":400,"label":"Porte-Cl\u00e9s Gel Hydroalcoolique"}],"product_tag":[{"value":311,"label":" 50 ml"},{"value":296,"label":"30 ml"},{"value":300,"label":"60 ml"}]},"featured_image_src_large":["https:\/\/velartrip.com\/wp-content\/uploads\/2022\/04\/Sans-titre-31.jpg",800,800,false],"author_info":[],"comment_info":3,"_links":{"self":[{"href":"https:\/\/velartrip.com\/en\/wp-json\/wp\/v2\/product\/8256","targetHints":{"allow":["GET"]}}],"collection":[{"href":"https:\/\/velartrip.com\/en\/wp-json\/wp\/v2\/product"}],"about":[{"href":"https:\/\/velartrip.com\/en\/wp-json\/wp\/v2\/types\/product"}],"replies":[{"embeddable":true,"href":"https:\/\/velartrip.com\/en\/wp-json\/wp\/v2\/comments?post=8256"}],"wp:featuredmedia":[{"embeddable":true,"href":"https:\/\/velartrip.com\/en\/wp-json\/wp\/v2\/media\/13085"}],"wp:attachment":[{"href":"https:\/\/velartrip.com\/en\/wp-json\/wp\/v2\/media?parent=8256"}],"wp:term":[{"taxonomy":"product_brand","embeddable":true,"href":"https:\/\/velartrip.com\/en\/wp-json\/wp\/v2\/product_brand?post=8256"},{"taxonomy":"product_cat","embeddable":true,"href":"https:\/\/velartrip.com\/en\/wp-json\/wp\/v2\/product_cat?post=8256"},{"taxonomy":"product_tag","embeddable":true,"href":"https:\/\/velartrip.com\/en\/wp-json\/wp\/v2\/product_tag?post=8256"}],"curies":[{"name":"wp","href":"https:\/\/api.w.org\/{rel}","templated":true}]}}