{"id":8304,"date":"2021-01-27T11:04:36","date_gmt":"2021-01-27T11:04:36","guid":{"rendered":"https:\/\/velartrip.com\/?product=trousse-de-toilette-a-suspendre-br-fly-mode"},"modified":"2024-12-04T09:29:35","modified_gmt":"2024-12-04T08:29:35","slug":"trousse-toilette-voyage-compact-suspendre","status":"publish","type":"product","link":"https:\/\/velartrip.com\/en\/accessoires-voyage\/trousses-toilette\/trousse-toilette-voyage-compact-suspendre\/","title":{"rendered":"Fly Mode Hanging Toiletry Bag"},"content":{"rendered":"<p><meta charset=\"utf-8\"><\/p>\n<h2><b>Why choose our Travel Hanging Toiletry Bag?<\/b><\/h2>\n<p>If you would like to :<\/p>\n<p>\u2705 Create your own <strong>a beauty space anywhere.<\/strong><\/p>\n<p>\u2705 <strong>Save space with ease<\/strong> in your bathroom or hotel rooms when traveling.<\/p>\n<p>\u2705 Have a kit with <strong>comfortable yet compact storage<\/strong>\u00a0for your beauty products.<\/p>\n<h3 style=\"text-align: center;\"><span style=\"color: #db7c46;\">Then our Fly Mode Toiletry Bag is just the thing for you!<\/span><\/h3>\n<p>Here are the\u00a0<strong>4 advantages<\/strong> that make our toiletry bag <strong>an essential accessory<\/strong> for your daily life and your travels:<\/p>\n<ul>\n<li>\n<strong>All your products in one place:<\/strong> Save space in your suitcase by 30% compared to cramming several kits.<\/li>\n<li>Your products <strong>always organized in one place<\/strong> no more searching for products in different pockets<\/li>\n<li>\n<strong>A real beauty area<\/strong>\u00a0available anywhere, thanks to its hook which can be fitted to: a door, shower walls, towel rack, shelves, etc.\u00a0\u00a0\n<\/li>\n<li>\n<span style=\"text-decoration: underline;\">A design to suit your lifestyle:<\/span> unfolds and <strong>range in less than 3 seconds<\/strong> !<\/li>\n<\/ul>\n<p><span style=\"text-decoration: underline;\">Dimensions<\/span> :\u00a0<\/p>\n<p><meta charset=\"utf-8\"><span data-mce-fragment=\"1\">Folded and closed\u00a0<\/span>Dimensions: 22.5 x 18.5 x 8.5 cm<\/p>","protected":false},"excerpt":{"rendered":"<p>Pourquoi choisir\u00a0notre Trousse de Toilette de Voyage \u00e0 Suspendre ? Si vous souhaitez : \u2705 Pouvoir vous cr\u00e9er un espace beaut\u00e9 n&rsquo;importe o\u00f9. \u2705 Gagner facilement de la place dans votre salle de bain ou les chambres d&rsquo;h\u00f4tel lors de vos d\u00e9placements. \u2705 Avoir une trousse avec un rangement confortable, mais qui reste compact\u00a0pour vos&#8230;<\/p>","protected":false},"featured_media":13063,"comment_status":"open","ping_status":"closed","template":"","meta":{"_kad_blocks_custom_css":"","_kad_blocks_head_custom_js":"","_kad_blocks_body_custom_js":"","_kad_blocks_footer_custom_js":"","_kad_post_transparent":"","_kad_post_title":"","_kad_post_layout":"","_kad_post_sidebar_id":"","_kad_post_content_style":"","_kad_post_vertical_padding":"","_kad_post_feature":"","_kad_post_feature_position":"","_kad_post_header":false,"_kad_post_footer":false,"_kad_post_classname":""},"product_brand":[385],"product_cat":[404,401],"product_tag":[],"class_list":{"0":"post-8304","1":"product","2":"type-product","3":"status-publish","4":"has-post-thumbnail","6":"product_brand-velartrip","7":"product_cat-accessoires-voyage","8":"product_cat-trousses-toilette","10":"first","11":"instock","12":"taxable","13":"shipping-taxable","14":"purchasable","15":"product-type-variable","16":"entry","17":"content-bg","18":"loop-entry"},"taxonomy_info":{"product_brand":[{"value":385,"label":"VelarTrip"}],"product_cat":[{"value":404,"label":"Accessoires de Voyage"},{"value":401,"label":"Trousses de Toilette"}]},"featured_image_src_large":["https:\/\/velartrip.com\/wp-content\/uploads\/2022\/04\/trousse-de-toilette-a\u0300-suspendre-to-travel-to-life-rose-velartrip.jpg",800,800,false],"author_info":[],"comment_info":4,"_links":{"self":[{"href":"https:\/\/velartrip.com\/en\/wp-json\/wp\/v2\/product\/8304","targetHints":{"allow":["GET"]}}],"collection":[{"href":"https:\/\/velartrip.com\/en\/wp-json\/wp\/v2\/product"}],"about":[{"href":"https:\/\/velartrip.com\/en\/wp-json\/wp\/v2\/types\/product"}],"replies":[{"embeddable":true,"href":"https:\/\/velartrip.com\/en\/wp-json\/wp\/v2\/comments?post=8304"}],"wp:featuredmedia":[{"embeddable":true,"href":"https:\/\/velartrip.com\/en\/wp-json\/wp\/v2\/media\/13063"}],"wp:attachment":[{"href":"https:\/\/velartrip.com\/en\/wp-json\/wp\/v2\/media?parent=8304"}],"wp:term":[{"taxonomy":"product_brand","embeddable":true,"href":"https:\/\/velartrip.com\/en\/wp-json\/wp\/v2\/product_brand?post=8304"},{"taxonomy":"product_cat","embeddable":true,"href":"https:\/\/velartrip.com\/en\/wp-json\/wp\/v2\/product_cat?post=8304"},{"taxonomy":"product_tag","embeddable":true,"href":"https:\/\/velartrip.com\/en\/wp-json\/wp\/v2\/product_tag?post=8304"}],"curies":[{"name":"wp","href":"https:\/\/api.w.org\/{rel}","templated":true}]}}