{"id":8349,"date":"2021-02-11T00:04:36","date_gmt":"2021-02-11T00:04:36","guid":{"rendered":"https:\/\/velartrip.com\/?product=etiquette-bagage-br-pack-up"},"modified":"2024-12-04T09:29:26","modified_gmt":"2024-12-04T08:29:26","slug":"etiquette-bagage-packup","status":"publish","type":"product","link":"https:\/\/velartrip.com\/en\/accessoires-pour-valise\/etiquettes-bagages\/etiquette-bagage-packup\/","title":{"rendered":"Pack Up Luggage Tags"},"content":{"rendered":"<h1>Pack your suitcase and fly far, far away. If you're an avid traveler, this sentence written on our Luggage Tags is sure to resonate with you.<\/h1>\n<ul>\n<li><strong>Identify and find<\/strong>\u00a0your luggage with ease<\/li>\n<li><strong>Attaches quickly<\/strong>\u00a0with ease.<\/li>\n<li>Designed for\u00a0<strong>all types of luggage<\/strong>s (hands, travel bag, carry-on suitcase, backpack...)<\/li>\n<li>Composition: synthetic leather<\/li>\n<li>Dimensions :\u00a0<span data-mce-fragment=\"1\">10.5 cm x 6.5 cm<\/span><\/li>\n<\/ul>\n<h3 style=\"text-align: center\"><span style=\"color: #82d5c7\">Why label your suitcases?<\/span><\/h3>\n<p>If you would like to :<\/p>\n<p>\u2705 Travel by train, boat or plane.<\/p>\n<p>\u2705\u00a0<strong>Distinguishing your suitcases<\/strong>\u00a0of other travellers on the baggage carousel<\/p>\n<p>\u2705 <strong>Find your way more easily<\/strong>t a lost suitcase (although we wouldn't wish it on you!)<\/p>\n<p>\u2705 To be <strong>in compliance with regulations<\/strong> airport\u00a0<span data-mce-fragment=\"1\">international<\/span><\/p>\n<p><span data-mce-fragment=\"1\">\u2705 <strong>Avoiding destruction<\/strong> by the authorities of your unattended suitcase.<\/span><\/p>\n<p><span data-mce-fragment=\"1\">In this case, you will need a luggage tag.<\/span><\/p>\n<h3 style=\"text-align: center\"><span style=\"color: #db7c46\" data-mce-fragment=\"1\">How do I choose a label for my suitcase?<\/span><\/h3>\n<p><span data-mce-fragment=\"1\">This is probably the easiest travel accessory to choose since it will depend <strong>just your taste in design<\/strong> !<\/span><\/p>\n<p><span data-mce-fragment=\"1\">For the rest, each label has more or less <strong>the same fields to be completed<\/strong>, that&#039;s to say :<\/span><\/p>\n<ul>\n<li><span data-mce-fragment=\"1\">first and last name<\/span><\/li>\n<li><span data-mce-fragment=\"1\">the postal address\u00a0<\/span><\/li>\n<li><span data-mce-fragment=\"1\">telephone number\u00a0<\/span><\/li>\n<li><span data-mce-fragment=\"1\">the email address<\/span><\/li>\n<\/ul>","protected":false},"excerpt":{"rendered":"<p>Pr\u00e9parez votre valise et envolez-vous loin, tr\u00e8s loin. Si vous \u00eates passionn\u00e9s de voyages, cette phrase\u00a0\u00e9crite sur notre \u00c9tiquette pour Bagage doit surement vous faire \u00e9cho. Identifiez et retrouvez\u00a0facilement\u00a0vos bagages S&rsquo;attache rapidement\u00a0et facilement. Con\u00e7u pour\u00a0tous types de bagages (mains, sac de voyage, valise cabine, sac \u00e0 dos&#8230;) Composition : cuir synth\u00e9tique Dimensions :\u00a010.5 cm x&#8230;<\/p>","protected":false},"featured_media":13055,"comment_status":"open","ping_status":"closed","template":"","meta":{"_kad_blocks_custom_css":"","_kad_blocks_head_custom_js":"","_kad_blocks_body_custom_js":"","_kad_blocks_footer_custom_js":"","_kad_post_transparent":"","_kad_post_title":"","_kad_post_layout":"","_kad_post_sidebar_id":"","_kad_post_content_style":"","_kad_post_vertical_padding":"","_kad_post_feature":"","_kad_post_feature_position":"","_kad_post_header":false,"_kad_post_footer":false,"_kad_post_classname":""},"product_brand":[385],"product_cat":[618,397],"product_tag":[],"class_list":{"0":"post-8349","1":"product","2":"type-product","3":"status-publish","4":"has-post-thumbnail","6":"product_brand-velartrip","7":"product_cat-accessoires-pour-valise","8":"product_cat-etiquettes-bagages","10":"first","11":"instock","12":"taxable","13":"shipping-taxable","14":"purchasable","15":"product-type-simple","16":"entry","17":"content-bg","18":"loop-entry"},"taxonomy_info":{"product_brand":[{"value":385,"label":"VelarTrip"}],"product_cat":[{"value":618,"label":"Accessoires pour Valise"},{"value":397,"label":"\u00c9tiquette Bagage"}]},"featured_image_src_large":["https:\/\/velartrip.com\/wp-content\/uploads\/2022\/04\/Sans-titre-27.jpg",800,800,false],"author_info":[],"comment_info":5,"_links":{"self":[{"href":"https:\/\/velartrip.com\/en\/wp-json\/wp\/v2\/product\/8349","targetHints":{"allow":["GET"]}}],"collection":[{"href":"https:\/\/velartrip.com\/en\/wp-json\/wp\/v2\/product"}],"about":[{"href":"https:\/\/velartrip.com\/en\/wp-json\/wp\/v2\/types\/product"}],"replies":[{"embeddable":true,"href":"https:\/\/velartrip.com\/en\/wp-json\/wp\/v2\/comments?post=8349"}],"wp:featuredmedia":[{"embeddable":true,"href":"https:\/\/velartrip.com\/en\/wp-json\/wp\/v2\/media\/13055"}],"wp:attachment":[{"href":"https:\/\/velartrip.com\/en\/wp-json\/wp\/v2\/media?parent=8349"}],"wp:term":[{"taxonomy":"product_brand","embeddable":true,"href":"https:\/\/velartrip.com\/en\/wp-json\/wp\/v2\/product_brand?post=8349"},{"taxonomy":"product_cat","embeddable":true,"href":"https:\/\/velartrip.com\/en\/wp-json\/wp\/v2\/product_cat?post=8349"},{"taxonomy":"product_tag","embeddable":true,"href":"https:\/\/velartrip.com\/en\/wp-json\/wp\/v2\/product_tag?post=8349"}],"curies":[{"name":"wp","href":"https:\/\/api.w.org\/{rel}","templated":true}]}}