{"id":8371,"date":"2021-02-18T20:07:02","date_gmt":"2021-02-18T20:07:02","guid":{"rendered":"https:\/\/velartrip.com\/?product=pins-br-singe"},"modified":"2025-12-08T10:23:12","modified_gmt":"2025-12-08T09:23:12","slug":"pins-singe","status":"publish","type":"product","link":"https:\/\/velartrip.com\/en\/accessoires-voyage\/pins\/pins-singe\/","title":{"rendered":"Monkey Pin"},"content":{"rendered":"<h2>Discover our pin featuring our primate cousin, the monkey.<br \/>\n<\/h2>\n<ul>\n<li>The useful accessory for <strong>add your personal touch<\/strong> on his luggage.<\/li>\n<li>It will be inseparable from your bag thanks to <strong>secure 100% clasp<\/strong>.<\/li>\n<li>Dimensions: 1.9 x 1.7 cm.<\/li>\n<\/ul>\n<h3 style=\"text-align: center;\"><span style=\"color: #82d5c7;\">Why choose a Pin for your travels?<\/span><\/h3>\n<h4>1 &#8211; <span style=\"text-decoration: underline;\">History of the Pin\u00a0<\/span><br \/>\n<\/h4>\n<p>Pins have long been used as a means for brands to advertise. We believe the pin&#039;s popularity peaked in the 1990s. Five years later, production has declined significantly.<\/p>\n<p>Today, the production of the pin has stopped and only concerns certain sporting or cultural events. <br \/>However, there is still a community of enthusiasts called philopins or philopinists who continue to unearth the rarest pins at collector fairs or using forums.<\/p>\n<h4>2 &#8211; <span style=\"text-decoration: underline;\">The Pin and the trip by VelarTrip<\/span><br \/>\n<\/h4>\n<p>As you know, our deepest ambition is to enable you to <strong>travel while focusing only on the essentials.<\/strong><\/p>\n<p><span style=\"text-decoration: underline;\"><\/span>But what is \u201cthe essential\u201d?<\/p>\n<p>If we had to define it, it's all the positive emotions that travel brings.<\/p>\n<p>This is why, thanks to our pins, we (strongly) hope that you can:<\/p>\n<ul>\n<li>\n<strong>Customize<\/strong><span>\u00a0<\/span>according to your personality your<strong><span>\u00a0<\/span>travel bags or backpacks<\/strong>.<\/li>\n<li>\n<strong>Easy to find<\/strong><span>\u00a0<\/span>your suitcases.<\/li>\n<li>\n<strong>Distinguishing your bags<\/strong><span>\u00a0<\/span>among other travelers.<\/li>\n<\/ul>\n<p>In addition to our<span style=\"text-decoration: underline;\">\u00a0<a href=\"https:\/\/velartrip.com\/en\/collections\/housses-de-valise\/\" title=\"suitcase covers collection\" target=\"_blank\" rel=\"noopener\">suitcase covers<\/a><\/span><span>\u00a0<\/span>or our<span>\u00a0<\/span><span style=\"text-decoration: underline;\"><a href=\"https:\/\/velartrip.com\/en\/collections\/etiquettes-bagages\/\" title=\"luggage label collection\" target=\"_blank\" rel=\"noopener\">luggage tags<\/a><\/span>, simply adding a pin will allow you to<span>\u00a0<\/span><strong>considerably reduce the risk of lost luggage<\/strong>.<\/p>","protected":false},"excerpt":{"rendered":"<p>D\u00e9couvrez notre Pin&rsquo;s \u00e0 l&rsquo;image de notre cousin\u00a0primate le Singe. L&rsquo;accessoire\u00a0utile\u00a0pour ajouter\u00a0sa touche personnelle sur\u00a0ses bagages. Il sera ins\u00e9parable avec votre sac gr\u00e2ce \u00e0 son\u00a0fermoir 100% s\u00e9curis\u00e9. Dimensions :\u00a01,9 x\u00a01,7\u00a0cm. Pourquoi choisir un Pin&rsquo;s pour vos voyages ? 1 &#8211; Histoire du Pin&rsquo;s\u00a0 Le pin&rsquo;s a \u00e9t\u00e9 longtemps utilis\u00e9 comme un moyen pour les marques&#8230;<\/p>","protected":false},"featured_media":12785,"comment_status":"open","ping_status":"closed","template":"","meta":{"_kad_blocks_custom_css":"","_kad_blocks_head_custom_js":"","_kad_blocks_body_custom_js":"","_kad_blocks_footer_custom_js":"","_kad_post_transparent":"","_kad_post_title":"","_kad_post_layout":"","_kad_post_sidebar_id":"","_kad_post_content_style":"","_kad_post_vertical_padding":"","_kad_post_feature":"","_kad_post_feature_position":"","_kad_post_header":false,"_kad_post_footer":false,"_kad_post_classname":""},"product_brand":[385],"product_cat":[404,402],"product_tag":[318],"class_list":{"0":"post-8371","1":"product","2":"type-product","3":"status-publish","4":"has-post-thumbnail","6":"product_brand-velartrip","7":"product_cat-accessoires-voyage","8":"product_cat-pins","9":"product_tag-animal","11":"first","12":"outofstock","13":"taxable","14":"shipping-taxable","15":"purchasable","16":"product-type-simple","17":"entry","18":"content-bg","19":"loop-entry"},"taxonomy_info":{"product_brand":[{"value":385,"label":"VelarTrip"}],"product_cat":[{"value":404,"label":"Accessoires de Voyage"},{"value":402,"label":"Pin's"}],"product_tag":[{"value":318,"label":"Animal"}]},"featured_image_src_large":["https:\/\/velartrip.com\/wp-content\/uploads\/2021\/02\/1005003842213792_images_6261d9b5d49d2_1-800x800.webp",800,800,true],"author_info":[],"comment_info":4,"_links":{"self":[{"href":"https:\/\/velartrip.com\/en\/wp-json\/wp\/v2\/product\/8371","targetHints":{"allow":["GET"]}}],"collection":[{"href":"https:\/\/velartrip.com\/en\/wp-json\/wp\/v2\/product"}],"about":[{"href":"https:\/\/velartrip.com\/en\/wp-json\/wp\/v2\/types\/product"}],"replies":[{"embeddable":true,"href":"https:\/\/velartrip.com\/en\/wp-json\/wp\/v2\/comments?post=8371"}],"wp:featuredmedia":[{"embeddable":true,"href":"https:\/\/velartrip.com\/en\/wp-json\/wp\/v2\/media\/12785"}],"wp:attachment":[{"href":"https:\/\/velartrip.com\/en\/wp-json\/wp\/v2\/media?parent=8371"}],"wp:term":[{"taxonomy":"product_brand","embeddable":true,"href":"https:\/\/velartrip.com\/en\/wp-json\/wp\/v2\/product_brand?post=8371"},{"taxonomy":"product_cat","embeddable":true,"href":"https:\/\/velartrip.com\/en\/wp-json\/wp\/v2\/product_cat?post=8371"},{"taxonomy":"product_tag","embeddable":true,"href":"https:\/\/velartrip.com\/en\/wp-json\/wp\/v2\/product_tag?post=8371"}],"curies":[{"name":"wp","href":"https:\/\/api.w.org\/{rel}","templated":true}]}}