{"id":10583,"date":"2021-07-13T15:28:11","date_gmt":"2021-07-13T15:28:11","guid":{"rendered":"https:\/\/velartrip.com\/?post_type=product&#038;p=10583"},"modified":"2024-12-04T09:28:41","modified_gmt":"2024-12-04T08:28:41","slug":"protege-passeport-rfid","status":"publish","type":"product","link":"https:\/\/velartrip.com\/es\/accessoires-pour-valise\/protege-passeports\/protege-passeport-rfid\/","title":{"rendered":"Funda RFID para pasaporte"},"content":{"rendered":"<h2>La meilleure protection de passeport RFID pour vos cartes bancaires.<\/h2>\n<p>[section padding=\u00a0\u00bb0px\u00a0\u00bb class=\u00a0\u00bbinfo-cards-chess-box\u00a0\u00bb]<\/p>\n<p>[row label=\u00a0\u00bbBox 1&Prime; style=\u00a0\u00bbcollapse\u00a0\u00bb v_align=\u00a0\u00bbmiddle\u00a0\u00bb]<\/p>\n<p>[col span=\u00a0\u00bb4&Prime; span__sm=\u00a0\u00bb12&Prime;]<\/p>\n<p>[ux_image id=\u00a0\u00bb12998&Prime;]<\/p>\n<p>[\/col]<br \/>\n[col span=\u00a0\u00bb8&Prime; span__sm=\u00a0\u00bb12&Prime; padding=\u00a0\u00bb10% 0px 0px 0px\u00a0\u00bb]<\/p>\n<p>[row_inner h_align=\u00a0\u00bbcenter\u00a0\u00bb]<\/p>\n<p>[col_inner span=\u00a0\u00bb9&Prime; span__sm=\u00a0\u00bb12&Prime; span__md=\u00a0\u00bb10&Prime;]<\/p>\n<h3><span style=\"color: #33cccc;\">Des dimensions bien pens\u00e9es<\/span><\/h3>\n<p><span style=\"font-family: tahoma, geneva, sans-serif;\"><span style=\"font-size: 16px;\">Avec ses 14,8 cm de hauteur, notre prot\u00e8ge-passeport prot\u00e8gera plus facilement les coins de votre passeport. L&rsquo;eau et la poussi\u00e8re seront dor\u00e9navant de l&rsquo;histoire ancienne !<\/span><\/span><\/p>\n<p>[\/col_inner]<\/p>\n<p>[\/row_inner]<\/p>\n<p>[\/col]<\/p>\n<p>[\/row]<br \/>\n[row label=\u00a0\u00bbBox 2&Prime; style=\u00a0\u00bbcollapse\u00a0\u00bb v_align=\u00a0\u00bbmiddle\u00a0\u00bb]<\/p>\n<p>[col span=\u00a0\u00bb8&Prime; span__sm=\u00a0\u00bb12&Prime; padding=\u00a0\u00bb0% 0px 0px 0px\u00a0\u00bb]<\/p>\n<p>[row_inner h_align=\u00a0\u00bbcenter\u00a0\u00bb]<\/p>\n<p>[col_inner span=\u00a0\u00bb10&Prime; span__sm=\u00a0\u00bb12&Prime; span__md=\u00a0\u00bb10&Prime;]<\/p>\n<h3><span style=\"color: #33cccc;\">Vos cartes bancaires se font une place \u00e0 vos c\u00f4t\u00e9s<\/span><\/h3>\n<p>Avec ses <strong>4 emplacements pour cartes bancaires<\/strong> et <strong>2 espaces pour cartes SIM.<\/strong><\/p>\n<p>Vous serez fins pr\u00eats pour tous vos voyages autour du globe. \ud83c\udf0d<\/p>\n<p>[\/col_inner]<\/p>\n<p>[\/row_inner]<\/p>\n<p>[\/col]<br \/>\n[col span=\u00a0\u00bb4&Prime; span__sm=\u00a0\u00bb12&Prime; force_first=\u00a0\u00bbsmall\u00a0\u00bb]<\/p>\n<p>[ux_image id=\u00a0\u00bb12997&Prime; image_size=\u00a0\u00bboriginal\u00a0\u00bb]<\/p>\n<p>[\/col]<\/p>\n<p>[\/row]<br \/>\n[row label=\u00a0\u00bbBox 3&Prime; style=\u00a0\u00bbcollapse\u00a0\u00bb v_align=\u00a0\u00bbmiddle\u00a0\u00bb]<\/p>\n<p>[col span=\u00a0\u00bb4&Prime; span__sm=\u00a0\u00bb12&Prime;]<\/p>\n<p>[ux_image id=\u00a0\u00bb12999&Prime; width__sm=\u00a0\u00bb100&Prime;]<\/p>\n<p>[ux_image_box style=\u00a0\u00bbnone\u00a0\u00bb img=\u00a0\u00bb10760&Prime; image_width=\u00a0\u00bb74&Prime; image_overlay=\u00a0\u00bbrgba(0, 0, 0, 0)\u00a0\u00bb link=\u00a0\u00bb#\u00a0\u00bb text_bg=\u00a0\u00bbrgba(121, 161, 186, 0.85)\u00a0\u00bb text_color=\u00a0\u00bbdark\u00a0\u00bb text_padding=\u00a0\u00bb40px 40px 30px 40px\u00a0\u00bb]<\/p>\n<p>[divider width=\u00a0\u00bb80%\u00a0\u00bb height=\u00a0\u00bb2px\u00a0\u00bb color=\u00a0\u00bbrgb(255, 255, 255)\u00a0\u00bb]<\/p>\n<p>[\/ux_image_box]<\/p>\n<p>[\/col]<br \/>\n[col span=\u00a0\u00bb8&Prime; span__sm=\u00a0\u00bb12&Prime; padding=\u00a0\u00bb0% 0px 0px 0px\u00a0\u00bb]<\/p>\n<p>[row_inner h_align=\u00a0\u00bbcenter\u00a0\u00bb]<\/p>\n<p>[col_inner span__sm=\u00a0\u00bb12&Prime; span__md=\u00a0\u00bb10&Prime; padding=\u00a0\u00bb0px 0px 0px 24px\u00a0\u00bb padding__sm=\u00a0\u00bb0px 0px 0px 0px\u00a0\u00bb]<\/p>\n<h3><span style=\"color: #33cccc;\">La s\u00e9curit\u00e9 avant tout !\u00a0<\/span><\/h3>\n<p>Dot\u00e9e d&rsquo;une <strong>protection RFID<\/strong> vos cartes bancaires seront enti\u00e8rement crypt\u00e9es.<\/p>\n<p>Aucun risque de vous faire pirater vos donn\u00e9es.<\/p>\n<p>De plus gr\u00e2ce \u00e0 son fermoir aimant\u00e9 notre prot\u00e8ge-passeport vous permettra de ne pas perdre vos cartes.<\/p>\n<p>[\/col_inner]<\/p>\n<p>[\/row_inner]<\/p>\n<p>[\/col]<\/p>\n<p>[\/row]<\/p>\n<p>[\/section]<\/p>\n<div class=\"detailmodule_html\">\n<div class=\"detail-desc-decorate-richtext\">\n<div class=\"detailmodule_html\">\n<div class=\"detail-desc-decorate-richtext\">\n<div class=\"detailmodule_html\">\n<div class=\"detail-desc-decorate-richtext\">\n<div style=\"max-width: 956px; margin: 0 auto;\">\n<p style=\"overflow: hidden; height: 1px; padding: 0; margin: 0;\">\n<\/div>\n<\/div>\n<\/div>\n<\/div>\n<\/div>\n<\/div>\n<\/div>\n","protected":false},"excerpt":{"rendered":"<p>La meilleure protection de passeport RFID pour vos cartes bancaires. [section padding=\u00a0\u00bb0px\u00a0\u00bb class=\u00a0\u00bbinfo-cards-chess-box\u00a0\u00bb] [row label=\u00a0\u00bbBox 1&Prime; style=\u00a0\u00bbcollapse\u00a0\u00bb v_align=\u00a0\u00bbmiddle\u00a0\u00bb] [col span=\u00a0\u00bb4&Prime; span__sm=\u00a0\u00bb12&Prime;] [ux_image id=\u00a0\u00bb12998&Prime;] [\/col] [col span=\u00a0\u00bb8&Prime; span__sm=\u00a0\u00bb12&Prime; padding=\u00a0\u00bb10% 0px 0px 0px\u00a0\u00bb] [row_inner h_align=\u00a0\u00bbcenter\u00a0\u00bb] [col_inner span=\u00a0\u00bb9&Prime; span__sm=\u00a0\u00bb12&Prime; span__md=\u00a0\u00bb10&Prime;] Des dimensions bien pens\u00e9es Avec ses 14,8 cm de hauteur, notre prot\u00e8ge-passeport prot\u00e8gera plus facilement les coins de&#8230;<\/p>\n","protected":false},"featured_media":13006,"comment_status":"open","ping_status":"closed","template":"","meta":{"_kad_blocks_custom_css":"","_kad_blocks_head_custom_js":"","_kad_blocks_body_custom_js":"","_kad_blocks_footer_custom_js":"","_kad_post_transparent":"","_kad_post_title":"","_kad_post_layout":"","_kad_post_sidebar_id":"","_kad_post_content_style":"","_kad_post_vertical_padding":"","_kad_post_feature":"","_kad_post_feature_position":"","_kad_post_header":false,"_kad_post_footer":false,"_kad_post_classname":""},"product_brand":[],"product_cat":[395,618],"product_tag":[],"class_list":{"0":"post-10583","1":"product","2":"type-product","3":"status-publish","4":"has-post-thumbnail","6":"product_cat-protege-passeports","7":"product_cat-accessoires-pour-valise","9":"first","10":"instock","11":"taxable","12":"shipping-taxable","13":"purchasable","14":"product-type-variable","15":"entry","16":"content-bg","17":"loop-entry"},"taxonomy_info":{"product_cat":[{"value":395,"label":"Prot\u00e8ge-Passeports"},{"value":618,"label":"Accessoires pour Valise"}]},"featured_image_src_large":["https:\/\/velartrip.com\/wp-content\/uploads\/2022\/04\/33.jpg",800,800,false],"author_info":[],"comment_info":0,"_links":{"self":[{"href":"https:\/\/velartrip.com\/es\/wp-json\/wp\/v2\/product\/10583","targetHints":{"allow":["GET"]}}],"collection":[{"href":"https:\/\/velartrip.com\/es\/wp-json\/wp\/v2\/product"}],"about":[{"href":"https:\/\/velartrip.com\/es\/wp-json\/wp\/v2\/types\/product"}],"replies":[{"embeddable":true,"href":"https:\/\/velartrip.com\/es\/wp-json\/wp\/v2\/comments?post=10583"}],"wp:featuredmedia":[{"embeddable":true,"href":"https:\/\/velartrip.com\/es\/wp-json\/wp\/v2\/media\/13006"}],"wp:attachment":[{"href":"https:\/\/velartrip.com\/es\/wp-json\/wp\/v2\/media?parent=10583"}],"wp:term":[{"taxonomy":"product_brand","embeddable":true,"href":"https:\/\/velartrip.com\/es\/wp-json\/wp\/v2\/product_brand?post=10583"},{"taxonomy":"product_cat","embeddable":true,"href":"https:\/\/velartrip.com\/es\/wp-json\/wp\/v2\/product_cat?post=10583"},{"taxonomy":"product_tag","embeddable":true,"href":"https:\/\/velartrip.com\/es\/wp-json\/wp\/v2\/product_tag?post=10583"}],"curies":[{"name":"wp","href":"https:\/\/api.w.org\/{rel}","templated":true}]}}