{"id":11731,"date":"2021-12-20T23:24:27","date_gmt":"2021-12-20T22:24:27","guid":{"rendered":"https:\/\/velartrip.com\/?post_type=product&#038;p=11731"},"modified":"2024-12-04T09:28:22","modified_gmt":"2024-12-04T08:28:22","slug":"protege-passeport-francais","status":"publish","type":"product","link":"https:\/\/velartrip.com\/es\/accessoires-pour-valise\/protege-passeports\/protege-passeport-francais\/","title":{"rendered":"Portada del pasaporte franc\u00e9s"},"content":{"rendered":"<h2><span style=\"font-size: 80%;\">\u00bfQuiere renovar su pasaporte franc\u00e9s? Tenemos la soluci\u00f3n para usted con nuestra funda para pasaporte, que imita a la perfecci\u00f3n la cubierta de su preciado documento de identidad. \ud83c\uddeb\ud83c\uddf7<\/span><\/h2>\n<ul>\n<li>Cubra perfectamente su pasaporte.<\/li>\n<li>1 ranura espec\u00edfica para su tarjeta bancaria.<\/li>\n<li>A prueba de salpicaduras.<\/li>\n<li><strong>F\u00e1cil de detectar<\/strong> en una mochila o cartera.<\/li>\n<\/ul>","protected":false},"excerpt":{"rendered":"<p>\u00bfQuiere renovar su pasaporte franc\u00e9s? Tenemos la soluci\u00f3n para usted con nuestra funda para pasaporte, que imita a la perfecci\u00f3n la cubierta de su preciado documento de identidad. \ud83c\uddeb\ud83c\uddf7 Cubre perfectamente su pasaporte. 1 ranura dedicada para su tarjeta bancaria. Resistente a las salpicaduras. F\u00e1cil de encontrar en la mochila o el bolso.<\/p>","protected":false},"featured_media":12981,"comment_status":"open","ping_status":"closed","template":"","meta":{"_kad_blocks_custom_css":"","_kad_blocks_head_custom_js":"","_kad_blocks_body_custom_js":"","_kad_blocks_footer_custom_js":"","_kad_post_transparent":"","_kad_post_title":"","_kad_post_layout":"","_kad_post_sidebar_id":"","_kad_post_content_style":"","_kad_post_vertical_padding":"","_kad_post_feature":"","_kad_post_feature_position":"","_kad_post_header":false,"_kad_post_footer":false,"_kad_post_classname":""},"product_brand":[],"product_cat":[395,618],"product_tag":[],"class_list":{"0":"post-11731","1":"product","2":"type-product","3":"status-publish","4":"has-post-thumbnail","6":"product_cat-protege-passeports","7":"product_cat-accessoires-pour-valise","9":"first","10":"instock","11":"taxable","12":"shipping-taxable","13":"purchasable","14":"product-type-variable","15":"has-default-attributes","16":"entry","17":"content-bg","18":"loop-entry"},"taxonomy_info":{"product_cat":[{"value":395,"label":"Prot\u00e8ge-Passeports"},{"value":618,"label":"Accessoires pour Valise"}]},"featured_image_src_large":["https:\/\/velartrip.com\/wp-content\/uploads\/2022\/04\/26.jpg",800,800,false],"author_info":[],"comment_info":2,"_links":{"self":[{"href":"https:\/\/velartrip.com\/es\/wp-json\/wp\/v2\/product\/11731","targetHints":{"allow":["GET"]}}],"collection":[{"href":"https:\/\/velartrip.com\/es\/wp-json\/wp\/v2\/product"}],"about":[{"href":"https:\/\/velartrip.com\/es\/wp-json\/wp\/v2\/types\/product"}],"replies":[{"embeddable":true,"href":"https:\/\/velartrip.com\/es\/wp-json\/wp\/v2\/comments?post=11731"}],"wp:featuredmedia":[{"embeddable":true,"href":"https:\/\/velartrip.com\/es\/wp-json\/wp\/v2\/media\/12981"}],"wp:attachment":[{"href":"https:\/\/velartrip.com\/es\/wp-json\/wp\/v2\/media?parent=11731"}],"wp:term":[{"taxonomy":"product_brand","embeddable":true,"href":"https:\/\/velartrip.com\/es\/wp-json\/wp\/v2\/product_brand?post=11731"},{"taxonomy":"product_cat","embeddable":true,"href":"https:\/\/velartrip.com\/es\/wp-json\/wp\/v2\/product_cat?post=11731"},{"taxonomy":"product_tag","embeddable":true,"href":"https:\/\/velartrip.com\/es\/wp-json\/wp\/v2\/product_tag?post=11731"}],"curies":[{"name":"wp","href":"https:\/\/api.w.org\/{rel}","templated":true}]}}