{"id":11918,"date":"2021-12-21T18:08:56","date_gmt":"2021-12-21T17:08:56","guid":{"rendered":"https:\/\/velartrip.com\/?post_type=product&#038;p=11918"},"modified":"2024-12-04T09:28:22","modified_gmt":"2024-12-04T08:28:22","slug":"protege-passeport-girafe","status":"publish","type":"product","link":"https:\/\/velartrip.com\/es\/accessoires-pour-valise\/protege-passeports\/protege-passeport-girafe\/","title":{"rendered":"Funda de pasaporte Jirafa"},"content":{"rendered":"<h2><span style=\"font-size: 80%;\">Tres jirafas con chicle desde tres \u00e1ngulos diferentes. (Las gafas le quedan un poco grandes a la de delante, pedimos disculpas, estaba demasiado ilusionada con la idea de la foto... \ud83e\udd92)<\/span><\/h2>\n<ul>\n<li><strong>Cubra perfectamente su pasaporte.<\/strong><\/li>\n<li>A prueba de salpicaduras.<\/li>\n<li>3 ranuras para tarjetas bancarias \ud83d\udcb3<\/li>\n<li>1 ranura para billetes.<\/li>\n<li>Piel sint\u00e9tica.<\/li>\n<\/ul>\n<p><em>El color real puede diferir ligeramente del color de la imagen.<\/em><\/p>","protected":false},"excerpt":{"rendered":"<p>Trois girafes avec un chewing-gum sous trois angles diff\u00e9rents. (Les lunettes sont un peu grandes pour celle de face, on s&rsquo;en excuse, elle \u00e9tait trop emball\u00e9e \u00e0 l&rsquo;id\u00e9e de la photo&#8230; \ud83e\udd92) Couvre parfaitement ton passeport. R\u00e9siste aux \u00e9claboussures. 3 emplacements pour cartes bancaires \ud83d\udcb3 1 emplacement pour des billets de banque. Cuir synth\u00e9tique. La&#8230;<\/p>","protected":false},"featured_media":12933,"comment_status":"open","ping_status":"closed","template":"","meta":{"_kad_blocks_custom_css":"","_kad_blocks_head_custom_js":"","_kad_blocks_body_custom_js":"","_kad_blocks_footer_custom_js":"","_kad_post_transparent":"","_kad_post_title":"","_kad_post_layout":"","_kad_post_sidebar_id":"","_kad_post_content_style":"","_kad_post_vertical_padding":"","_kad_post_feature":"","_kad_post_feature_position":"","_kad_post_header":false,"_kad_post_footer":false,"_kad_post_classname":""},"product_brand":[],"product_cat":[395,618],"product_tag":[],"class_list":{"0":"post-11918","1":"product","2":"type-product","3":"status-publish","4":"has-post-thumbnail","6":"product_cat-protege-passeports","7":"product_cat-accessoires-pour-valise","9":"first","10":"instock","11":"taxable","12":"shipping-taxable","13":"purchasable","14":"product-type-variable","15":"has-default-attributes","16":"entry","17":"content-bg","18":"loop-entry"},"taxonomy_info":{"product_cat":[{"value":395,"label":"Prot\u00e8ge-Passeports"},{"value":618,"label":"Accessoires pour Valise"}]},"featured_image_src_large":["https:\/\/velartrip.com\/wp-content\/uploads\/2022\/04\/1005002265612210_images_62667b103c833_11.webp",800,800,false],"author_info":[],"comment_info":0,"_links":{"self":[{"href":"https:\/\/velartrip.com\/es\/wp-json\/wp\/v2\/product\/11918","targetHints":{"allow":["GET"]}}],"collection":[{"href":"https:\/\/velartrip.com\/es\/wp-json\/wp\/v2\/product"}],"about":[{"href":"https:\/\/velartrip.com\/es\/wp-json\/wp\/v2\/types\/product"}],"replies":[{"embeddable":true,"href":"https:\/\/velartrip.com\/es\/wp-json\/wp\/v2\/comments?post=11918"}],"wp:featuredmedia":[{"embeddable":true,"href":"https:\/\/velartrip.com\/es\/wp-json\/wp\/v2\/media\/12933"}],"wp:attachment":[{"href":"https:\/\/velartrip.com\/es\/wp-json\/wp\/v2\/media?parent=11918"}],"wp:term":[{"taxonomy":"product_brand","embeddable":true,"href":"https:\/\/velartrip.com\/es\/wp-json\/wp\/v2\/product_brand?post=11918"},{"taxonomy":"product_cat","embeddable":true,"href":"https:\/\/velartrip.com\/es\/wp-json\/wp\/v2\/product_cat?post=11918"},{"taxonomy":"product_tag","embeddable":true,"href":"https:\/\/velartrip.com\/es\/wp-json\/wp\/v2\/product_tag?post=11918"}],"curies":[{"name":"wp","href":"https:\/\/api.w.org\/{rel}","templated":true}]}}