{"id":11964,"date":"2021-12-21T18:11:32","date_gmt":"2021-12-21T17:11:32","guid":{"rendered":"https:\/\/velartrip.com\/?post_type=product&#038;p=11964"},"modified":"2024-12-04T09:28:18","modified_gmt":"2024-12-04T08:28:18","slug":"protege-passeport-raton-laveur-chewing-gum","status":"publish","type":"product","link":"https:\/\/velartrip.com\/es\/accessoires-pour-valise\/protege-passeports\/protege-passeport-raton-laveur-chewing-gum\/","title":{"rendered":"Funda para pasaporte Mapache"},"content":{"rendered":"<h2><span style=\"font-size: 80%;\">No sabemos d\u00f3nde encontr\u00f3 este mapache este chicle, pero lo que s\u00ed sabemos es que no estaba en su madriguera. En cualquier caso, la pausa para la foto es demasiado tierna.<\/span><\/h2>\n<ul>\n<li><strong>Cubra perfectamente su pasaporte.<\/strong><\/li>\n<li>A prueba de salpicaduras.<\/li>\n<li>3 ranuras para tarjetas bancarias \ud83d\udcb3<\/li>\n<li>1 ranura para billetes.<\/li>\n<li>Piel sint\u00e9tica.<\/li>\n<\/ul>\n<p><em>El color real puede diferir ligeramente del color de la imagen.<\/em><\/p>","protected":false},"excerpt":{"rendered":"<p>On ne sait pas o\u00f9 ce raton laveur \u00e0 trouv\u00e9 ce chewing-gum, mais ce que l&rsquo;on sait, c&rsquo;est que ce n&rsquo;est surement pas dans son terrier ! En tout cas la pause pour la photo est juste trop mignonne. Couvre parfaitement ton passeport. R\u00e9siste aux \u00e9claboussures. 3 emplacements pour cartes bancaires \ud83d\udcb3 1 emplacement pour&#8230;<\/p>","protected":false},"featured_media":12926,"comment_status":"open","ping_status":"closed","template":"","meta":{"_kad_blocks_custom_css":"","_kad_blocks_head_custom_js":"","_kad_blocks_body_custom_js":"","_kad_blocks_footer_custom_js":"","_kad_post_transparent":"","_kad_post_title":"","_kad_post_layout":"","_kad_post_sidebar_id":"","_kad_post_content_style":"","_kad_post_vertical_padding":"","_kad_post_feature":"","_kad_post_feature_position":"","_kad_post_header":false,"_kad_post_footer":false,"_kad_post_classname":""},"product_brand":[],"product_cat":[395,618],"product_tag":[],"class_list":{"0":"post-11964","1":"product","2":"type-product","3":"status-publish","4":"has-post-thumbnail","6":"product_cat-protege-passeports","7":"product_cat-accessoires-pour-valise","9":"first","10":"instock","11":"taxable","12":"shipping-taxable","13":"purchasable","14":"product-type-simple","15":"entry","16":"content-bg","17":"loop-entry"},"taxonomy_info":{"product_cat":[{"value":395,"label":"Prot\u00e8ge-Passeports"},{"value":618,"label":"Accessoires pour Valise"}]},"featured_image_src_large":["https:\/\/velartrip.com\/wp-content\/uploads\/2022\/04\/1005002265612210_images_62667b103c833_18.webp",800,800,false],"author_info":[],"comment_info":0,"_links":{"self":[{"href":"https:\/\/velartrip.com\/es\/wp-json\/wp\/v2\/product\/11964","targetHints":{"allow":["GET"]}}],"collection":[{"href":"https:\/\/velartrip.com\/es\/wp-json\/wp\/v2\/product"}],"about":[{"href":"https:\/\/velartrip.com\/es\/wp-json\/wp\/v2\/types\/product"}],"replies":[{"embeddable":true,"href":"https:\/\/velartrip.com\/es\/wp-json\/wp\/v2\/comments?post=11964"}],"wp:featuredmedia":[{"embeddable":true,"href":"https:\/\/velartrip.com\/es\/wp-json\/wp\/v2\/media\/12926"}],"wp:attachment":[{"href":"https:\/\/velartrip.com\/es\/wp-json\/wp\/v2\/media?parent=11964"}],"wp:term":[{"taxonomy":"product_brand","embeddable":true,"href":"https:\/\/velartrip.com\/es\/wp-json\/wp\/v2\/product_brand?post=11964"},{"taxonomy":"product_cat","embeddable":true,"href":"https:\/\/velartrip.com\/es\/wp-json\/wp\/v2\/product_cat?post=11964"},{"taxonomy":"product_tag","embeddable":true,"href":"https:\/\/velartrip.com\/es\/wp-json\/wp\/v2\/product_tag?post=11964"}],"curies":[{"name":"wp","href":"https:\/\/api.w.org\/{rel}","templated":true}]}}