{"id":13789,"date":"2022-06-11T16:44:31","date_gmt":"2022-06-11T14:44:31","guid":{"rendered":"https:\/\/velartrip.com\/?post_type=product&#038;p=13789"},"modified":"2024-12-04T09:28:12","modified_gmt":"2024-12-04T08:28:12","slug":"protege-passeport-charm-infinite","status":"publish","type":"product","link":"https:\/\/velartrip.com\/es\/accessoires-pour-valise\/protege-passeports\/protege-passeport-charm-infinite\/","title":{"rendered":"Funda para pasaporte Charm Infinite"},"content":{"rendered":"<h2>Nuestra funda de pasaporte m\u00e1s vers\u00e1til para todos sus viajes fuera de nuestras fronteras.<\/h2>\n<p>Empiece ya a proteger su pasaporte contra los riesgos habituales de los viajes.<\/p>\n<p>\u27a1\ufe0f Amortiguadores<br \/>\n\u27a1\ufe0f Rayas<br \/>\n\u27a1\ufe0f Humedad<\/p>\n<p>ser\u00e1 cosa del pasado con nuestra protecci\u00f3n que envuelve toda la parte delantera de su pasaporte.<\/p>\n<p>Dimensiones: 15 cm * 11 cm<br \/>\nMaterial: Poliuretano<\/p>\n<p>&nbsp;<\/p>","protected":false},"excerpt":{"rendered":"<p>\u00a1Nuestro porta pasaporte m\u00e1s vers\u00e1til para todos tus viajes m\u00e1s all\u00e1 de nuestras fronteras! Proteja su pasaporte ahora de los riesgos de viaje m\u00e1s comunes. \u27a1\ufe0f Golpes \u27a1\ufe0f Ara\u00f1azos \u27a1\ufe0f Humedad Ser\u00e1 cosa del pasado con nuestra protecci\u00f3n que cubre todo el frente de tu pasaporte. Dimensiones: 15cm * 11cm Material\u2026<\/p>","protected":false},"featured_media":13807,"comment_status":"open","ping_status":"closed","template":"","meta":{"_kad_blocks_custom_css":"","_kad_blocks_head_custom_js":"","_kad_blocks_body_custom_js":"","_kad_blocks_footer_custom_js":"","_kad_post_transparent":"","_kad_post_title":"","_kad_post_layout":"","_kad_post_sidebar_id":"","_kad_post_content_style":"","_kad_post_vertical_padding":"","_kad_post_feature":"","_kad_post_feature_position":"","_kad_post_header":false,"_kad_post_footer":false,"_kad_post_classname":""},"product_brand":[],"product_cat":[395,618],"product_tag":[],"class_list":{"0":"post-13789","1":"product","2":"type-product","3":"status-publish","4":"has-post-thumbnail","6":"product_cat-protege-passeports","7":"product_cat-accessoires-pour-valise","9":"first","10":"instock","11":"taxable","12":"shipping-taxable","13":"purchasable","14":"product-type-variable","15":"entry","16":"content-bg","17":"loop-entry"},"taxonomy_info":{"product_cat":[{"value":395,"label":"Prot\u00e8ge-Passeports"},{"value":618,"label":"Accessoires pour Valise"}]},"featured_image_src_large":["https:\/\/velartrip.com\/wp-content\/uploads\/2022\/06\/Sa00f066c7f2747d6a3100c30bf62198aA-e1654959119589.jpg",600,600,false],"author_info":[],"comment_info":0,"_links":{"self":[{"href":"https:\/\/velartrip.com\/es\/wp-json\/wp\/v2\/product\/13789","targetHints":{"allow":["GET"]}}],"collection":[{"href":"https:\/\/velartrip.com\/es\/wp-json\/wp\/v2\/product"}],"about":[{"href":"https:\/\/velartrip.com\/es\/wp-json\/wp\/v2\/types\/product"}],"replies":[{"embeddable":true,"href":"https:\/\/velartrip.com\/es\/wp-json\/wp\/v2\/comments?post=13789"}],"wp:featuredmedia":[{"embeddable":true,"href":"https:\/\/velartrip.com\/es\/wp-json\/wp\/v2\/media\/13807"}],"wp:attachment":[{"href":"https:\/\/velartrip.com\/es\/wp-json\/wp\/v2\/media?parent=13789"}],"wp:term":[{"taxonomy":"product_brand","embeddable":true,"href":"https:\/\/velartrip.com\/es\/wp-json\/wp\/v2\/product_brand?post=13789"},{"taxonomy":"product_cat","embeddable":true,"href":"https:\/\/velartrip.com\/es\/wp-json\/wp\/v2\/product_cat?post=13789"},{"taxonomy":"product_tag","embeddable":true,"href":"https:\/\/velartrip.com\/es\/wp-json\/wp\/v2\/product_tag?post=13789"}],"curies":[{"name":"wp","href":"https:\/\/api.w.org\/{rel}","templated":true}]}}