{"id":13835,"date":"2022-06-13T17:39:50","date_gmt":"2022-06-13T15:39:50","guid":{"rendered":"https:\/\/velartrip.com\/?post_type=product&#038;p=13835"},"modified":"2024-12-04T09:28:03","modified_gmt":"2024-12-04T08:28:03","slug":"protege-passeport-raton-laveur","status":"publish","type":"product","link":"https:\/\/velartrip.com\/es\/accessoires-pour-valise\/protege-passeports\/protege-passeport-raton-laveur\/","title":{"rendered":"Funda para pasaporte Red Panda"},"content":{"rendered":"<h2>Hay un panda rojo escondido en la cubierta de tu pasaporte, \u00a1s\u00f3lo tienes que encontrarlo! \ud83d\ude09 .<\/h2>\n<p>No se preocupe por los golpes y ara\u00f1azos que pueda sufrir su pasaporte con nuestro protector de pasaportes.<\/p>\n<p>Aproveche las 3 ranuras para sus tarjetas bancarias o su permiso de conducir.<\/p>\n<p>Dimensiones: 14 x 10 cm<br \/>\nMaterial: poliuretano<\/p>","protected":false},"excerpt":{"rendered":"<p>Un panda roux se cache sur votre prot\u00e8ge-passeport, il n&rsquo;y a plus qu&rsquo;\u00e0 le trouver ! \ud83d\ude09 Ne craignez plus les chocs et les rayures sur votre passeport avec notre prot\u00e8ge-passeport. Profitez de 3 emplacements pour vos cartes bancaires ou permis de conduire. Dimensions : 14 x 10 cm Mati\u00e8re : polyur\u00e9thane<\/p>","protected":false},"featured_media":13895,"comment_status":"open","ping_status":"closed","template":"","meta":{"_kad_blocks_custom_css":"","_kad_blocks_head_custom_js":"","_kad_blocks_body_custom_js":"","_kad_blocks_footer_custom_js":"","_kad_post_transparent":"","_kad_post_title":"","_kad_post_layout":"","_kad_post_sidebar_id":"","_kad_post_content_style":"","_kad_post_vertical_padding":"","_kad_post_feature":"","_kad_post_feature_position":"","_kad_post_header":false,"_kad_post_footer":false,"_kad_post_classname":""},"product_brand":[],"product_cat":[395,618],"product_tag":[],"class_list":{"0":"post-13835","1":"product","2":"type-product","3":"status-publish","4":"has-post-thumbnail","6":"product_cat-protege-passeports","7":"product_cat-accessoires-pour-valise","9":"first","10":"instock","11":"taxable","12":"shipping-taxable","13":"purchasable","14":"product-type-simple","15":"entry","16":"content-bg","17":"loop-entry"},"taxonomy_info":{"product_cat":[{"value":395,"label":"Prot\u00e8ge-Passeports"},{"value":618,"label":"Accessoires pour Valise"}]},"featured_image_src_large":["https:\/\/velartrip.com\/wp-content\/uploads\/2022\/06\/6.jpg",800,800,false],"author_info":[],"comment_info":1,"_links":{"self":[{"href":"https:\/\/velartrip.com\/es\/wp-json\/wp\/v2\/product\/13835","targetHints":{"allow":["GET"]}}],"collection":[{"href":"https:\/\/velartrip.com\/es\/wp-json\/wp\/v2\/product"}],"about":[{"href":"https:\/\/velartrip.com\/es\/wp-json\/wp\/v2\/types\/product"}],"replies":[{"embeddable":true,"href":"https:\/\/velartrip.com\/es\/wp-json\/wp\/v2\/comments?post=13835"}],"wp:featuredmedia":[{"embeddable":true,"href":"https:\/\/velartrip.com\/es\/wp-json\/wp\/v2\/media\/13895"}],"wp:attachment":[{"href":"https:\/\/velartrip.com\/es\/wp-json\/wp\/v2\/media?parent=13835"}],"wp:term":[{"taxonomy":"product_brand","embeddable":true,"href":"https:\/\/velartrip.com\/es\/wp-json\/wp\/v2\/product_brand?post=13835"},{"taxonomy":"product_cat","embeddable":true,"href":"https:\/\/velartrip.com\/es\/wp-json\/wp\/v2\/product_cat?post=13835"},{"taxonomy":"product_tag","embeddable":true,"href":"https:\/\/velartrip.com\/es\/wp-json\/wp\/v2\/product_tag?post=13835"}],"curies":[{"name":"wp","href":"https:\/\/api.w.org\/{rel}","templated":true}]}}