{"id":16716,"date":"2025-03-14T17:37:04","date_gmt":"2025-03-14T16:37:04","guid":{"rendered":"https:\/\/velartrip.com\/?post_type=product&#038;p=16716"},"modified":"2026-03-23T20:15:21","modified_gmt":"2026-03-23T19:15:21","slug":"kit-de-survie-3eme-guerre-mondiale","status":"publish","type":"product","link":"https:\/\/velartrip.com\/es\/survie\/kit-de-survie-3eme-guerre-mondiale\/","title":{"rendered":"Kit de supervivencia de la Tercera Guerra Mundial"},"content":{"rendered":"<p><strong>Kit de supervivencia definitivo para la Tercera Guerra Mundial: equipo de emergencia completo<\/strong><\/p>\n<p>Prep\u00e1rese para cualquier situaci\u00f3n con esto <strong>kit de supervivencia ultracompleto<\/strong>, dise\u00f1ado para hacer frente a los eventos inesperados de un desastre, conflicto o evacuaci\u00f3n de emergencia. Ya sea en el desierto, en la ciudad o en movimiento, esta bolsa de supervivencia militar le ofrece la <strong>herramientas esenciales para garantizar su seguridad e independencia.<\/strong><\/p>\n<h3>\ud83d\ude80 <strong>\u00bfQu\u00e9 hay en este kit de supervivencia?<\/strong><\/h3>\n<p>\ud83d\udd26 <strong>Iluminaci\u00f3n y orientaci\u00f3n<\/strong><\/p>\n<ul>\n<li><strong>Flash<\/strong> Ultra potente para ver incluso en la oscuridad total<\/li>\n<li><strong>Br\u00fajula de precisi\u00f3n<\/strong> navegar sin GPS<\/li>\n<li><strong>Silbato de socorro<\/strong> para informar su posici\u00f3n<\/li>\n<\/ul>\n<p>\ud83d\udd2a <strong>Herramientas multifunci\u00f3n<\/strong><\/p>\n<ul>\n<li><strong>Alicates plegables<\/strong> con m\u00faltiples funciones para cortar, atornillar, apretar<\/li>\n<li><strong>Cuchillo y tenedor 2 en 1<\/strong> Ideal para comer en una situaci\u00f3n de supervivencia.<\/li>\n<li><strong>Tarjeta multiherramienta<\/strong> (abrebotellas, destornillador, sierra, llave hexagonal, etc.)<\/li>\n<li><strong>Bol\u00edgrafo t\u00e1ctico<\/strong> que puede usarse como arma defensiva<\/li>\n<\/ul>\n<p>\ud83c\udf92 <strong>Equipo de supervivencia y primeros auxilios<\/strong><\/p>\n<ul>\n<li><strong>guantes de PVC<\/strong> Para protegerse contra contaminantes<\/li>\n<li><strong>M\u00e1scara de primeros auxilios<\/strong><\/li>\n<li><strong>Manta de emergencia<\/strong> para conservar el calor corporal<\/li>\n<li><strong>Botiqu\u00edn completo de primeros auxilios<\/strong> (vendas, tijeras, compresas, cinta adhesiva, hisopos de algod\u00f3n)<\/li>\n<\/ul>\n<p>\ud83d\udee0\ufe0f <strong>Supervivencia y bricolaje<\/strong><\/p>\n<ul>\n<li><strong>sierra de alambre<\/strong> para cortar madera u otros materiales<\/li>\n<li><strong>Encendedor\/iniciador de fuego<\/strong> encender un fuego r\u00e1pidamente<\/li>\n<li><strong>Cuerda fuerte<\/strong> para diversos usos (atar, construir un refugio, asegurar)<\/li>\n<li><strong>Hebilla en forma de D<\/strong> para arreglar su equipo<\/li>\n<\/ul>\n<p>\ud83d\udca6 <strong>Equipo adicional<\/strong><\/p>\n<ul>\n<li><strong>Capa impermeable<\/strong> para protegerse de la lluvia<\/li>\n<li><strong>Clip para botella de agua<\/strong> Mantenerse hidratado f\u00e1cilmente<\/li>\n<li><strong>Soplete<\/strong> para avivar el fuego o filtrar agua<\/li>\n<\/ul>\n<h3>\u2705 <strong>\u00bfPor qu\u00e9 elegir este kit de supervivencia?<\/strong><\/h3>\n<p>\u2714 <strong>Compacto y ligero<\/strong> \u2013 F\u00e1cil de transportar en su bolsa t\u00e1ctica de camuflaje.<br \/>\n\u2714 <strong>Ultraresistente<\/strong> \u2013 Dise\u00f1ado para condiciones extremas<br \/>\n\u2714 <strong>Todo en uno<\/strong> \u2013 Ideal para evacuaci\u00f3n r\u00e1pida o situaci\u00f3n de emergencia.<\/p>\n<p>\ud83d\udd25 <strong>\u00a1Est\u00e9 preparado antes de que sea demasiado tarde!<\/strong> \ud83d\udd25<br \/>\nOrdene su <strong>Kit de supervivencia de la Tercera Guerra Mundial<\/strong> ahora y pon todas las posibilidades de tu lado para enfrentar lo impredecible. \ud83d\ude80<\/p>\n<p>&nbsp;<\/p>","protected":false},"excerpt":{"rendered":"<p>Kit de survie ultime 3\u00e8me guerre mondiale \u2013 \u00c9quipement d&rsquo;urgence complet Pr\u00e9parez-vous \u00e0 toute situation avec ce kit de survie ultra-complet, con\u00e7u pour faire face aux impr\u00e9vus d\u2019une catastrophe, d\u2019un conflit ou d\u2019une \u00e9vacuation d\u2019urgence. Que ce soit en pleine nature, en ville ou en d\u00e9placement, ce sac de survie militaire vous offre les outils&#8230;<\/p>","protected":false},"featured_media":16706,"comment_status":"open","ping_status":"closed","template":"","meta":{"_kad_blocks_custom_css":"","_kad_blocks_head_custom_js":"","_kad_blocks_body_custom_js":"","_kad_blocks_footer_custom_js":"","_kad_post_transparent":"default","_kad_post_title":"","_kad_post_layout":"default","_kad_post_sidebar_id":"","_kad_post_content_style":"default","_kad_post_vertical_padding":"default","_kad_post_feature":"","_kad_post_feature_position":"","_kad_post_header":false,"_kad_post_footer":false,"_kad_post_classname":""},"product_brand":[],"product_cat":[987],"product_tag":[],"class_list":{"0":"post-16716","1":"product","2":"type-product","3":"status-publish","4":"has-post-thumbnail","6":"product_cat-survie","8":"first","9":"instock","10":"taxable","11":"shipping-taxable","12":"purchasable","13":"product-type-variable","14":"entry","15":"content-bg","16":"loop-entry"},"taxonomy_info":{"product_cat":[{"value":987,"label":"Survivalisme et Guerre \ud83e\ude96"}]},"featured_image_src_large":["https:\/\/velartrip.com\/wp-content\/uploads\/2025\/03\/S7d01af89bde84f0f836513299c61365d5-800x800.webp",800,800,true],"author_info":[],"comment_info":2,"_links":{"self":[{"href":"https:\/\/velartrip.com\/es\/wp-json\/wp\/v2\/product\/16716","targetHints":{"allow":["GET"]}}],"collection":[{"href":"https:\/\/velartrip.com\/es\/wp-json\/wp\/v2\/product"}],"about":[{"href":"https:\/\/velartrip.com\/es\/wp-json\/wp\/v2\/types\/product"}],"replies":[{"embeddable":true,"href":"https:\/\/velartrip.com\/es\/wp-json\/wp\/v2\/comments?post=16716"}],"wp:featuredmedia":[{"embeddable":true,"href":"https:\/\/velartrip.com\/es\/wp-json\/wp\/v2\/media\/16706"}],"wp:attachment":[{"href":"https:\/\/velartrip.com\/es\/wp-json\/wp\/v2\/media?parent=16716"}],"wp:term":[{"taxonomy":"product_brand","embeddable":true,"href":"https:\/\/velartrip.com\/es\/wp-json\/wp\/v2\/product_brand?post=16716"},{"taxonomy":"product_cat","embeddable":true,"href":"https:\/\/velartrip.com\/es\/wp-json\/wp\/v2\/product_cat?post=16716"},{"taxonomy":"product_tag","embeddable":true,"href":"https:\/\/velartrip.com\/es\/wp-json\/wp\/v2\/product_tag?post=16716"}],"curies":[{"name":"wp","href":"https:\/\/api.w.org\/{rel}","templated":true}]}}