{"id":16742,"date":"2025-03-23T18:19:47","date_gmt":"2025-03-23T17:19:47","guid":{"rendered":"https:\/\/velartrip.com\/?post_type=product&#038;p=16742"},"modified":"2025-03-23T18:39:34","modified_gmt":"2025-03-23T17:39:34","slug":"couverture-survie-reutilisable","status":"publish","type":"product","link":"https:\/\/velartrip.com\/es\/survie\/couverture-survie-reutilisable\/","title":{"rendered":"Manta de supervivencia reutilizable"},"content":{"rendered":"<h2 class=\"\" data-start=\"200\" data-end=\"223\"><strong data-start=\"203\" data-end=\"223\">Presupuesto:<\/strong><\/h2>\n<ul data-start=\"224\" data-end=\"428\">\n<li class=\"\" data-start=\"224\" data-end=\"270\">\n<p class=\"\" data-start=\"226\" data-end=\"270\"><strong data-start=\"226\" data-end=\"240\">Material :<\/strong> Mylar ultrarresistente (26 \u00b5m)<\/p>\n<\/li>\n<li class=\"\" data-start=\"271\" data-end=\"329\">\n<p class=\"\" data-start=\"273\" data-end=\"329\"><strong data-start=\"273\" data-end=\"286\">Color :<\/strong> Naranja de alta visibilidad o verde camuflaje<\/p>\n<\/li>\n<li class=\"\" data-start=\"330\" data-end=\"372\">\n<p class=\"\" data-start=\"332\" data-end=\"372\"><strong data-start=\"332\" data-end=\"357\">Dimensiones abiertas:<\/strong> 213 cm x 91 cm<\/p>\n<\/li>\n<li class=\"\" data-start=\"373\" data-end=\"428\">\n<p class=\"\" data-start=\"375\" data-end=\"428\"><strong data-start=\"375\" data-end=\"386\">Peso :<\/strong> Ligero y compacto para f\u00e1cil transporte.<\/p>\n<\/li>\n<\/ul>\n<h2 class=\"\" data-start=\"430\" data-end=\"455\"><strong data-start=\"433\" data-end=\"455\">Caracter\u00edsticas :<\/strong><\/h2>\n<h3 class=\"\" data-start=\"457\" data-end=\"490\"><strong data-start=\"461\" data-end=\"490\">\ud83d\udca1 Facilidad de uso<\/strong><\/h3>\n<p class=\"\" data-start=\"491\" data-end=\"886\">A diferencia de las mantas de emergencia tradicionales, esta manta de supervivencia reutilizable est\u00e1 dise\u00f1ada como una bolsa de vivac. Simplemente s\u00e1quelo de su bolsa de almacenamiento, desenr\u00f3llelo y col\u00f3quelo dentro. Tambi\u00e9n se puede utilizar como <strong data-start=\"743\" data-end=\"774\">forro de saco de dormir<\/strong> para mantener el calor corporal. F\u00e1cil de plegar y guardar, se puede transportar a cualquier lugar sin ocupar espacio.<\/p>\n<h3 class=\"\" data-start=\"888\" data-end=\"932\"><strong data-start=\"892\" data-end=\"932\">\ud83d\udd25Aislamiento y protecci\u00f3n t\u00e9rmica<\/strong><\/h3>\n<p class=\"\" data-start=\"933\" data-end=\"1234\">Hecho en <strong data-start=\"946\" data-end=\"969\">mylar reflectante<\/strong>Esta manta de supervivencia puede aumentar la temperatura corporal hasta <strong data-start=\"1047\" data-end=\"1055\">20\u00b0C<\/strong> en condiciones extremas. Su interior refleja <strong data-start=\"1110\" data-end=\"1143\">90 % calor corporal<\/strong>, reduciendo as\u00ed el riesgo de hipotermia en caso de fr\u00edo, lluvia o nieve.<\/p>\n<h3 class=\"\" data-start=\"1236\" data-end=\"1272\"><strong data-start=\"1240\" data-end=\"1272\">\ud83c\udf27\ufe0f Resistencia y durabilidad<\/strong><\/h3>\n<ul data-start=\"1273\" data-end=\"1607\">\n<li class=\"\" data-start=\"1273\" data-end=\"1363\">\n<p class=\"\" data-start=\"1275\" data-end=\"1363\"><strong data-start=\"1275\" data-end=\"1303\">Impermeable y a prueba de viento<\/strong> :Protege eficazmente contra el agua, el viento y la humedad.<\/p>\n<\/li>\n<li class=\"\" data-start=\"1364\" data-end=\"1528\">\n<p class=\"\" data-start=\"1366\" data-end=\"1528\"><strong data-start=\"1366\" data-end=\"1399\">Resistente al desgarro y reutilizable.<\/strong> :A diferencia de las mantas desechables, esta est\u00e1 dise\u00f1ada para m\u00faltiples usos y se puede doblar sin deteriorarse.<\/p>\n<\/li>\n<li class=\"\" data-start=\"1529\" data-end=\"1607\">\n<p class=\"\" data-start=\"1531\" data-end=\"1607\"><strong data-start=\"1531\" data-end=\"1552\">Costuras selladas<\/strong> :Para una protecci\u00f3n \u00f3ptima contra las inclemencias del tiempo.<\/p>\n<\/li>\n<\/ul>\n<h3 class=\"\" data-start=\"1609\" data-end=\"1644\"><strong data-start=\"1613\" data-end=\"1644\">\ud83c\udd98 Dise\u00f1ado para emergencias<\/strong><\/h3>\n<ul data-start=\"1645\" data-end=\"1967\">\n<li class=\"\" data-start=\"1645\" data-end=\"1734\">\n<p class=\"\" data-start=\"1647\" data-end=\"1734\"><strong data-start=\"1647\" data-end=\"1667\">Alta visibilidad<\/strong> :El color naranja se\u00f1ala su presencia a los servicios de emergencia.<\/p>\n<\/li>\n<li class=\"\" data-start=\"1735\" data-end=\"1863\">\n<p class=\"\" data-start=\"1737\" data-end=\"1863\"><strong data-start=\"1737\" data-end=\"1752\">Vers\u00e1til<\/strong> :Se puede utilizar como <strong data-start=\"1770\" data-end=\"1862\">Manta t\u00e9rmica, refugio de emergencia, poncho impermeable o lona aislante.<\/strong>.<\/p>\n<\/li>\n<li class=\"\" data-start=\"1864\" data-end=\"1967\">\n<p class=\"\" data-start=\"1866\" data-end=\"1967\"><strong data-start=\"1866\" data-end=\"1881\">Ideal para<\/strong> :Senderismo, acampada, monta\u00f1ismo, supervivencia extrema, botiqu\u00edn de primeros auxilios para el coche.<\/p>\n<\/li>\n<\/ul>\n<h2 class=\"\" data-start=\"1974\" data-end=\"2030\"><strong data-start=\"1977\" data-end=\"2030\">Preguntas frecuentes: \u00bfC\u00f3mo utilizar una manta de supervivencia?<\/strong><\/h2>\n<h3 class=\"\" data-start=\"2032\" data-end=\"2089\"><strong data-start=\"2036\" data-end=\"2089\">Manta de emergencia: \u00bfqu\u00e9 lado se puede utilizar?<\/strong><\/h3>\n<p class=\"\" data-start=\"2090\" data-end=\"2153\">La cubierta tiene <strong data-start=\"2112\" data-end=\"2126\">dos lados<\/strong> con funciones diferenciadas:<\/p>\n<ul data-start=\"2154\" data-end=\"2356\">\n<li class=\"\" data-start=\"2154\" data-end=\"2257\">\n<p class=\"\" data-start=\"2156\" data-end=\"2257\"><strong data-start=\"2156\" data-end=\"2187\">Cara plateada en el interior<\/strong> :Retiene el calor corporal, ideal para combatir el fr\u00edo.<\/p>\n<\/li>\n<li class=\"\" data-start=\"2258\" data-end=\"2356\">\n<p class=\"\" data-start=\"2260\" data-end=\"2356\"><strong data-start=\"2260\" data-end=\"2289\">Cara naranja en el exterior<\/strong> :Hace visible a la persona para los servicios de emergencia y la protege de las inclemencias del tiempo.<\/p>\n<\/li>\n<\/ul>\n<h3 class=\"\" data-start=\"2358\" data-end=\"2409\"><strong data-start=\"2362\" data-end=\"2409\">\u00bfC\u00f3mo utilizar una manta de supervivencia?<\/strong><\/h3>\n<ol data-start=\"2410\" data-end=\"2725\">\n<li class=\"\" data-start=\"2410\" data-end=\"2522\">\n<p class=\"\" data-start=\"2413\" data-end=\"2522\"><strong data-start=\"2413\" data-end=\"2432\">Contra el fr\u00edo<\/strong> :Envu\u00e9lvete en \u00e9l con tu cara <strong data-start=\"2469\" data-end=\"2498\">plateado hacia dentro<\/strong> para atrapar el calor.<\/p>\n<\/li>\n<li class=\"\" data-start=\"2523\" data-end=\"2643\">\n<p class=\"\" data-start=\"2526\" data-end=\"2643\"><strong data-start=\"2526\" data-end=\"2547\">Contra el calor<\/strong> :Coloca la cara <strong data-start=\"2565\" data-end=\"2594\">plateado por fuera<\/strong> Para reflejar el sol y mantenerse fresco.<\/p>\n<\/li>\n<li class=\"\" data-start=\"2644\" data-end=\"2725\">\n<p class=\"\" data-start=\"2647\" data-end=\"2725\"><strong data-start=\"2647\" data-end=\"2668\">En refugio de emergencia<\/strong> :Cu\u00e9lguelo como cortavientos o techo temporal.<\/p>\n<\/li>\n<\/ol>\n<h3 class=\"\" data-start=\"2727\" data-end=\"2785\"><strong data-start=\"2731\" data-end=\"2785\">Manta de supervivencia: \u00bfaislamiento contra el fr\u00edo?<\/strong><\/h3>\n<p class=\"\" data-start=\"2786\" data-end=\"3091\">S\u00ed, esta funda est\u00e1 dise\u00f1ada para <strong data-start=\"2824\" data-end=\"2843\">aislar del fr\u00edo<\/strong> mientras se preserva <strong data-start=\"2858\" data-end=\"2899\">hasta 90 % de calor corporal<\/strong>. Es particularmente eficaz para <strong data-start=\"2941\" data-end=\"2965\">evitar la hipotermia<\/strong> en entornos hostiles (monta\u00f1as, nieve, tormentas). Para un aislamiento \u00f3ptimo, comb\u00ednalo con ropa abrigada y abrigo.<\/p>\n<p>&nbsp;<\/p>","protected":false},"excerpt":{"rendered":"<p>Especificaciones: Material: Mylar ultra resistente (26 \u00b5m) Color: Naranja de alta visibilidad o verde camuflaje Dimensiones abiertas: 213 cm x 91 cm Peso: Ligero y compacto para facilitar su transporte Caracter\u00edsticas: \ud83d\udca1 Facilidad de uso A diferencia de las mantas de emergencia convencionales, esta manta de supervivencia reutilizable est\u00e1 dise\u00f1ada en forma de bolsa de vivac\u2026.<\/p>","protected":false},"featured_media":16736,"comment_status":"open","ping_status":"closed","template":"","meta":{"_kad_blocks_custom_css":"","_kad_blocks_head_custom_js":"","_kad_blocks_body_custom_js":"","_kad_blocks_footer_custom_js":"","_kad_post_transparent":"default","_kad_post_title":"","_kad_post_layout":"default","_kad_post_sidebar_id":"","_kad_post_content_style":"default","_kad_post_vertical_padding":"default","_kad_post_feature":"","_kad_post_feature_position":"","_kad_post_header":false,"_kad_post_footer":false,"_kad_post_classname":""},"product_brand":[385],"product_cat":[987],"product_tag":[],"class_list":{"0":"post-16742","1":"product","2":"type-product","3":"status-publish","4":"has-post-thumbnail","6":"product_brand-velartrip","7":"product_cat-survie","9":"first","10":"instock","11":"taxable","12":"shipping-taxable","13":"purchasable","14":"product-type-variable","15":"entry","16":"content-bg","17":"loop-entry"},"taxonomy_info":{"product_brand":[{"value":385,"label":"VelarTrip"}],"product_cat":[{"value":987,"label":"Survivalisme et Guerre \ud83e\ude96"}]},"featured_image_src_large":["https:\/\/velartrip.com\/wp-content\/uploads\/2025\/03\/S7f717a75387a47e69873b2caad340928d.webp",800,800,false],"author_info":[],"comment_info":2,"_links":{"self":[{"href":"https:\/\/velartrip.com\/es\/wp-json\/wp\/v2\/product\/16742","targetHints":{"allow":["GET"]}}],"collection":[{"href":"https:\/\/velartrip.com\/es\/wp-json\/wp\/v2\/product"}],"about":[{"href":"https:\/\/velartrip.com\/es\/wp-json\/wp\/v2\/types\/product"}],"replies":[{"embeddable":true,"href":"https:\/\/velartrip.com\/es\/wp-json\/wp\/v2\/comments?post=16742"}],"wp:featuredmedia":[{"embeddable":true,"href":"https:\/\/velartrip.com\/es\/wp-json\/wp\/v2\/media\/16736"}],"wp:attachment":[{"href":"https:\/\/velartrip.com\/es\/wp-json\/wp\/v2\/media?parent=16742"}],"wp:term":[{"taxonomy":"product_brand","embeddable":true,"href":"https:\/\/velartrip.com\/es\/wp-json\/wp\/v2\/product_brand?post=16742"},{"taxonomy":"product_cat","embeddable":true,"href":"https:\/\/velartrip.com\/es\/wp-json\/wp\/v2\/product_cat?post=16742"},{"taxonomy":"product_tag","embeddable":true,"href":"https:\/\/velartrip.com\/es\/wp-json\/wp\/v2\/product_tag?post=16742"}],"curies":[{"name":"wp","href":"https:\/\/api.w.org\/{rel}","templated":true}]}}