{"id":6119,"date":"2020-03-19T16:45:22","date_gmt":"2020-03-19T16:45:22","guid":{"rendered":"https:\/\/velartrip.com\/?product=repose-pieds-br-barcelone"},"modified":"2022-05-31T15:35:16","modified_gmt":"2022-05-31T13:35:16","slug":"repose-pieds","status":"publish","type":"product","link":"https:\/\/velartrip.com\/es\/accessoires-pratiques\/repose-pieds\/","title":{"rendered":"Reposapi\u00e9s Barcelona"},"content":{"rendered":"<h2 class=\"p1\">Hemos querido desarrollar el mismo concepto que la Hamaca, pero esta vez para los pies. Es una forma pr\u00e1ctica de evitar el riesgo de trombosis causado por permanecer sentado durante mucho tiempo.<\/h2>\n<ul class=\"ul1\">\n<li class=\"li3\"><b> Pr\u00e1ctico y f\u00e1cil:<\/b> Este reposapi\u00e9s est\u00e1 cuidadosamente dise\u00f1ado para facilitar su uso, basta con engancharlo a una mesa o al soporte del asiento y apoyar los pies en \u00e9l.<\/li>\n<\/ul>\n<ul class=\"ul1\">\n<li class=\"li3\"><b>Cinta flexible : <\/b>\u00a0La longitud del reposapi\u00e9s se puede ajustar libremente para que se sienta m\u00e1s c\u00f3modo.<\/li>\n<\/ul>\n<ul class=\"ul1\">\n<li class=\"li3\"><b>Excelente material: <\/b>Fabricado con tejido robusto de alta calidad y suave acolchado de algod\u00f3n, es suave al tacto y duradero. Ayuda eficazmente a aliviar la fatiga de los pies y el cuerpo durante vuelos, trayectos largos en metro, tren, autob\u00fas, etc.<\/li>\n<\/ul>\n<ul class=\"ul1\">\n<li class=\"li3\"><b>N\u00f3mada\u00a0<\/b>F\u00e1cil de transportar: se puede plegar para que quede compacta y guardar en la bolsa de almacenamiento incluida en el pack. Ligera y puede utilizarse en cualquier lugar y en cualquier momento.<\/li>\n<\/ul>\n<p>Apto para todos los medios de transporte: avi\u00f3n, tren y coche.<\/p>","protected":false},"excerpt":{"rendered":"<p>Quer\u00edamos desarrollar el mismo concepto que la Hamaca pero esta vez para los pies. Muy pr\u00e1ctico para evitar el riesgo de trombosis provocado por estar mucho tiempo sentado. C\u00f3modo y f\u00e1cil: este reposapi\u00e9s est\u00e1 cuidadosamente dise\u00f1ado para un uso f\u00e1cil, simplemente eng\u00e1nchelo al soporte de una mesa o asiento y\u2026<\/p>","protected":false},"featured_media":13758,"comment_status":"open","ping_status":"closed","template":"","meta":{"_kad_blocks_custom_css":"","_kad_blocks_head_custom_js":"","_kad_blocks_body_custom_js":"","_kad_blocks_footer_custom_js":"","_kad_post_transparent":"","_kad_post_title":"","_kad_post_layout":"","_kad_post_sidebar_id":"","_kad_post_content_style":"","_kad_post_vertical_padding":"","_kad_post_feature":"","_kad_post_feature_position":"","_kad_post_header":false,"_kad_post_footer":false,"_kad_post_classname":""},"product_brand":[385],"product_cat":[386],"product_tag":[95,107],"class_list":{"0":"post-6119","1":"product","2":"type-product","3":"status-publish","4":"has-post-thumbnail","6":"product_brand-velartrip","7":"product_cat-accessoires-pratiques","8":"product_tag-avion","9":"product_tag-nomade","11":"first","12":"instock","13":"taxable","14":"shipping-taxable","15":"purchasable","16":"product-type-simple","17":"entry","18":"content-bg","19":"loop-entry"},"taxonomy_info":{"product_brand":[{"value":385,"label":"VelarTrip"}],"product_cat":[{"value":386,"label":"Accessoires Pratiques"}],"product_tag":[{"value":95,"label":"Avion"},{"value":107,"label":"Nomade"}]},"featured_image_src_large":["https:\/\/velartrip.com\/wp-content\/uploads\/2020\/03\/Sans-titre-33.jpg",800,800,false],"author_info":[],"comment_info":8,"_links":{"self":[{"href":"https:\/\/velartrip.com\/es\/wp-json\/wp\/v2\/product\/6119","targetHints":{"allow":["GET"]}}],"collection":[{"href":"https:\/\/velartrip.com\/es\/wp-json\/wp\/v2\/product"}],"about":[{"href":"https:\/\/velartrip.com\/es\/wp-json\/wp\/v2\/types\/product"}],"replies":[{"embeddable":true,"href":"https:\/\/velartrip.com\/es\/wp-json\/wp\/v2\/comments?post=6119"}],"wp:featuredmedia":[{"embeddable":true,"href":"https:\/\/velartrip.com\/es\/wp-json\/wp\/v2\/media\/13758"}],"wp:attachment":[{"href":"https:\/\/velartrip.com\/es\/wp-json\/wp\/v2\/media?parent=6119"}],"wp:term":[{"taxonomy":"product_brand","embeddable":true,"href":"https:\/\/velartrip.com\/es\/wp-json\/wp\/v2\/product_brand?post=6119"},{"taxonomy":"product_cat","embeddable":true,"href":"https:\/\/velartrip.com\/es\/wp-json\/wp\/v2\/product_cat?post=6119"},{"taxonomy":"product_tag","embeddable":true,"href":"https:\/\/velartrip.com\/es\/wp-json\/wp\/v2\/product_tag?post=6119"}],"curies":[{"name":"wp","href":"https:\/\/api.w.org\/{rel}","templated":true}]}}