{"id":6171,"date":"2020-03-19T18:36:33","date_gmt":"2020-03-19T18:36:33","guid":{"rendered":"https:\/\/velartrip.com\/?product=protege-passeport-br-premiere-classe"},"modified":"2025-07-02T14:02:58","modified_gmt":"2025-07-02T12:02:58","slug":"protege-passeport-premiere-classe","status":"publish","type":"product","link":"https:\/\/velartrip.com\/es\/accessoires-pour-valise\/protege-passeports\/protege-passeport-premiere-classe\/","title":{"rendered":"Funda de pasaporte de primera clase"},"content":{"rendered":"<h2>Un estilo para todos los gustos, nuevos colores y mayor seguridad. Nuestra funda para pasaporte m\u00e1s completa.<\/h2>\n<ul>\n<li>Protecci\u00f3n en <strong>cuero sint\u00e9tico.<\/strong><\/li>\n<\/ul>\n<ul>\n<li>No pesa <strong>m\u00e1s de 90 g.<\/strong><\/li>\n<\/ul>\n<ul>\n<li>Mayor seguridad para sus tarjetas bancarias gracias al<strong> Sistema \"RFID Protect\".<\/strong><\/li>\n<\/ul>\n<ul>\n<li>Con \u00e9l\u00a0<strong>evite<\/strong>\u00a0un gran n\u00famero de\u00a0<strong>\u00a1percances!<\/strong><\/li>\n<\/ul>","protected":false},"excerpt":{"rendered":"<p>Un estilo para todos los gustos, nuevos colores y mayor seguridad. Nuestra funda para pasaporte m\u00e1s completa. Protecci\u00f3n de piel sint\u00e9tica. No pesa m\u00e1s de 90 g. Mayor seguridad para sus tarjetas bancarias gracias al sistema \"RFID Protect\". Con \u00e9l, evitar\u00e1 un sinf\u00edn de contratiempos.<\/p>","protected":false},"featured_media":13704,"comment_status":"open","ping_status":"closed","template":"","meta":{"_kad_blocks_custom_css":"","_kad_blocks_head_custom_js":"","_kad_blocks_body_custom_js":"","_kad_blocks_footer_custom_js":"","_kad_post_transparent":"","_kad_post_title":"","_kad_post_layout":"","_kad_post_sidebar_id":"","_kad_post_content_style":"","_kad_post_vertical_padding":"","_kad_post_feature":"","_kad_post_feature_position":"","_kad_post_header":false,"_kad_post_footer":false,"_kad_post_classname":""},"product_brand":[385],"product_cat":[395,618],"product_tag":[112,186,95],"class_list":{"0":"post-6171","1":"product","2":"type-product","3":"status-publish","4":"has-post-thumbnail","6":"product_brand-velartrip","7":"product_cat-protege-passeports","8":"product_cat-accessoires-pour-valise","9":"product_tag-protege-passeport","10":"product_tag-aeroport","11":"product_tag-avion","13":"first","14":"instock","15":"taxable","16":"shipping-taxable","17":"purchasable","18":"product-type-variable","19":"entry","20":"content-bg","21":"loop-entry"},"taxonomy_info":{"product_brand":[{"value":385,"label":"VelarTrip"}],"product_cat":[{"value":395,"label":"Prot\u00e8ge-Passeports"},{"value":618,"label":"Accessoires pour Valise"}],"product_tag":[{"value":112,"label":" Prot\u00e8ge Passeport"},{"value":186,"label":"A\u00e9roport"},{"value":95,"label":"Avion"}]},"featured_image_src_large":["https:\/\/velartrip.com\/wp-content\/uploads\/2022\/05\/188.jpg",800,800,false],"author_info":[],"comment_info":6,"_links":{"self":[{"href":"https:\/\/velartrip.com\/es\/wp-json\/wp\/v2\/product\/6171","targetHints":{"allow":["GET"]}}],"collection":[{"href":"https:\/\/velartrip.com\/es\/wp-json\/wp\/v2\/product"}],"about":[{"href":"https:\/\/velartrip.com\/es\/wp-json\/wp\/v2\/types\/product"}],"replies":[{"embeddable":true,"href":"https:\/\/velartrip.com\/es\/wp-json\/wp\/v2\/comments?post=6171"}],"wp:featuredmedia":[{"embeddable":true,"href":"https:\/\/velartrip.com\/es\/wp-json\/wp\/v2\/media\/13704"}],"wp:attachment":[{"href":"https:\/\/velartrip.com\/es\/wp-json\/wp\/v2\/media?parent=6171"}],"wp:term":[{"taxonomy":"product_brand","embeddable":true,"href":"https:\/\/velartrip.com\/es\/wp-json\/wp\/v2\/product_brand?post=6171"},{"taxonomy":"product_cat","embeddable":true,"href":"https:\/\/velartrip.com\/es\/wp-json\/wp\/v2\/product_cat?post=6171"},{"taxonomy":"product_tag","embeddable":true,"href":"https:\/\/velartrip.com\/es\/wp-json\/wp\/v2\/product_tag?post=6171"}],"curies":[{"name":"wp","href":"https:\/\/api.w.org\/{rel}","templated":true}]}}