{"id":6250,"date":"2020-04-03T18:41:57","date_gmt":"2020-04-03T18:41:57","guid":{"rendered":"https:\/\/velartrip.com\/?product=coussin-de-voyage-br-travelsky"},"modified":"2022-05-30T16:20:17","modified_gmt":"2022-05-30T14:20:17","slug":"coussin-de-voyage-confortable","status":"publish","type":"product","link":"https:\/\/velartrip.com\/es\/accessoires-voyage\/coussins-voyage\/coussin-de-voyage-confortable\/","title":{"rendered":"Almohada de viaje Travelsky"},"content":{"rendered":"<h2>\u00bfHa dormido alguna vez relajado en un avi\u00f3n?<\/h2>\n<h2>Al menos para nosotros, no del todo... Por eso hoy te presentamos uno de nuestros cojines favoritos para cuando estamos de viaje: <strong>el Travelsky<\/strong><\/h2>\n<ul>\n<li>Un dise\u00f1o\u00a0<strong>\u00a1ultra-confortable!<\/strong><\/li>\n<li>El \u00fanico producto que garantiza <strong><span style=\"text-decoration: underline\">alineaci\u00f3n natural de la cabeza y el cuello<\/span><\/strong> para todas sus necesidades de viaje.<\/li>\n<li>Visite <strong>se hincha r\u00e1pidamente<\/strong> \u00a1en s\u00f3lo unas respiraciones!<\/li>\n<li>Tama\u00f1o: 31 cm * 34 cm * 45 cm<\/li>\n<\/ul>\n<ul>\n<li><strong>ENTREGA EST\u00c1NDAR GRATUITA<\/strong><\/li>\n<\/ul>","protected":false},"excerpt":{"rendered":"<p>\u00bfAlguna vez has tenido un sue\u00f1o reparador en un avi\u00f3n? Al menos para nosotros, para nada\u2026 Por eso hoy os presentamos uno de nuestros cojines de viaje favoritos: el Travelsky. \u00a1Un dise\u00f1o ultra c\u00f3modo! El \u00fanico producto que garantiza la alineaci\u00f3n natural de la cabeza y el cuello para todos tus movimientos. Se infla r\u00e1pidamente en\u2026<\/p>","protected":false},"featured_media":13670,"comment_status":"open","ping_status":"closed","template":"","meta":{"_kad_blocks_custom_css":"","_kad_blocks_head_custom_js":"","_kad_blocks_body_custom_js":"","_kad_blocks_footer_custom_js":"","_kad_post_transparent":"","_kad_post_title":"","_kad_post_layout":"","_kad_post_sidebar_id":"","_kad_post_content_style":"","_kad_post_vertical_padding":"","_kad_post_feature":"","_kad_post_feature_position":"","_kad_post_header":false,"_kad_post_footer":false,"_kad_post_classname":""},"product_brand":[385],"product_cat":[404,393],"product_tag":[95,107],"class_list":{"0":"post-6250","1":"product","2":"type-product","3":"status-publish","4":"has-post-thumbnail","6":"product_brand-velartrip","7":"product_cat-accessoires-voyage","8":"product_cat-coussins-voyage","9":"product_tag-avion","10":"product_tag-nomade","12":"first","13":"instock","14":"taxable","15":"shipping-taxable","16":"purchasable","17":"product-type-variable","18":"entry","19":"content-bg","20":"loop-entry"},"taxonomy_info":{"product_brand":[{"value":385,"label":"VelarTrip"}],"product_cat":[{"value":404,"label":"Accessoires de Voyage"},{"value":393,"label":"Coussins De Voyage"}],"product_tag":[{"value":95,"label":"Avion"},{"value":107,"label":"Nomade"}]},"featured_image_src_large":["https:\/\/velartrip.com\/wp-content\/uploads\/2022\/05\/172.jpg",800,800,false],"author_info":[],"comment_info":4,"_links":{"self":[{"href":"https:\/\/velartrip.com\/es\/wp-json\/wp\/v2\/product\/6250","targetHints":{"allow":["GET"]}}],"collection":[{"href":"https:\/\/velartrip.com\/es\/wp-json\/wp\/v2\/product"}],"about":[{"href":"https:\/\/velartrip.com\/es\/wp-json\/wp\/v2\/types\/product"}],"replies":[{"embeddable":true,"href":"https:\/\/velartrip.com\/es\/wp-json\/wp\/v2\/comments?post=6250"}],"wp:featuredmedia":[{"embeddable":true,"href":"https:\/\/velartrip.com\/es\/wp-json\/wp\/v2\/media\/13670"}],"wp:attachment":[{"href":"https:\/\/velartrip.com\/es\/wp-json\/wp\/v2\/media?parent=6250"}],"wp:term":[{"taxonomy":"product_brand","embeddable":true,"href":"https:\/\/velartrip.com\/es\/wp-json\/wp\/v2\/product_brand?post=6250"},{"taxonomy":"product_cat","embeddable":true,"href":"https:\/\/velartrip.com\/es\/wp-json\/wp\/v2\/product_cat?post=6250"},{"taxonomy":"product_tag","embeddable":true,"href":"https:\/\/velartrip.com\/es\/wp-json\/wp\/v2\/product_tag?post=6250"}],"curies":[{"name":"wp","href":"https:\/\/api.w.org\/{rel}","templated":true}]}}