{"id":6256,"date":"2020-04-12T15:53:23","date_gmt":"2020-04-12T15:53:23","guid":{"rendered":"https:\/\/velartrip.com\/?product=sacs-de-rangement-br-los-angeles"},"modified":"2022-05-30T15:24:13","modified_gmt":"2022-05-30T13:24:13","slug":"sacs-de-rangement-valise","status":"publish","type":"product","link":"https:\/\/velartrip.com\/es\/accessoires-pratiques\/sacs-de-rangement-valise\/","title":{"rendered":"Bolsas de almacenaje Los Angeles"},"content":{"rendered":"<h2 style=\"text-align: left;\">\u00bfQui\u00e9n no ha so\u00f1ado alguna vez con tener la ropa sin arrugas y ordenada al llegar a su destino?<br \/>\n<strong>Descubra nuestras bolsas de almacenamiento de Los \u00c1ngeles<\/strong><\/h2>\n<ul style=\"text-align: left;\">\n<li><strong>6 compartimentos<\/strong> de <strong>varios tama\u00f1os<\/strong> apto para todo tipo de ropa\/accesorios \ud83d\udccf<\/li>\n<\/ul>\n<ul style=\"text-align: left;\">\n<li>Tu ropa, <strong>siempre ordenado<\/strong> \u00a1! \ud83d\udc4c<\/li>\n<\/ul>\n<ul style=\"text-align: left;\">\n<li>Empu\u00f1adura de dise\u00f1o ergon\u00f3mico <span style=\"text-decoration: underline;\">f\u00e1cil de manejar<\/span> <em>(Lo usamos para llevar la ropa a la lavander\u00eda \ud83e\uddfa )<\/em><\/li>\n<\/ul>\n<ul style=\"text-align: left;\">\n<li>Un gran <strong>variedad de colores<\/strong> distinguirse f\u00e1cilmente.<\/li>\n<\/ul>\n<ul>\n<li style=\"text-align: left;\"><strong>ENTREGA EST\u00c1NDAR GRATUITA<\/strong><\/li>\n<\/ul>","protected":false},"excerpt":{"rendered":"<p>\u00bfQui\u00e9n no ha so\u00f1ado alguna vez con tener su ropa sin arrugas y perfectamente guardada al llegar a su destino? \u00a1Descubre nuestras bolsas de almacenamiento de Los \u00c1ngeles! 6 compartimentos de varios tama\u00f1os adecuados para todo tipo de ropa\/accesorios \ud83d\udccf \u00a1Tu ropa, siempre ordenada! \ud83d\udc4c Un mango ergon\u00f3mico para un f\u00e1cil manejo (nos parece muy\u2026<\/p>","protected":false},"featured_media":13662,"comment_status":"open","ping_status":"closed","template":"","meta":{"_kad_blocks_custom_css":"","_kad_blocks_head_custom_js":"","_kad_blocks_body_custom_js":"","_kad_blocks_footer_custom_js":"","_kad_post_transparent":"","_kad_post_title":"","_kad_post_layout":"","_kad_post_sidebar_id":"","_kad_post_content_style":"","_kad_post_vertical_padding":"","_kad_post_feature":"","_kad_post_feature_position":"","_kad_post_header":false,"_kad_post_footer":false,"_kad_post_classname":""},"product_brand":[385],"product_cat":[386],"product_tag":[93,107],"class_list":{"0":"post-6256","1":"product","2":"type-product","3":"status-publish","4":"has-post-thumbnail","6":"product_brand-velartrip","7":"product_cat-accessoires-pratiques","8":"product_tag-accessoire","9":"product_tag-nomade","11":"first","12":"instock","13":"taxable","14":"shipping-taxable","15":"purchasable","16":"product-type-variable","17":"entry","18":"content-bg","19":"loop-entry"},"taxonomy_info":{"product_brand":[{"value":385,"label":"VelarTrip"}],"product_cat":[{"value":386,"label":"Accessoires Pratiques"}],"product_tag":[{"value":93,"label":"Accessoire"},{"value":107,"label":"Nomade"}]},"featured_image_src_large":["https:\/\/velartrip.com\/wp-content\/uploads\/2022\/05\/167.jpg",800,800,false],"author_info":[],"comment_info":6,"_links":{"self":[{"href":"https:\/\/velartrip.com\/es\/wp-json\/wp\/v2\/product\/6256","targetHints":{"allow":["GET"]}}],"collection":[{"href":"https:\/\/velartrip.com\/es\/wp-json\/wp\/v2\/product"}],"about":[{"href":"https:\/\/velartrip.com\/es\/wp-json\/wp\/v2\/types\/product"}],"replies":[{"embeddable":true,"href":"https:\/\/velartrip.com\/es\/wp-json\/wp\/v2\/comments?post=6256"}],"wp:featuredmedia":[{"embeddable":true,"href":"https:\/\/velartrip.com\/es\/wp-json\/wp\/v2\/media\/13662"}],"wp:attachment":[{"href":"https:\/\/velartrip.com\/es\/wp-json\/wp\/v2\/media?parent=6256"}],"wp:term":[{"taxonomy":"product_brand","embeddable":true,"href":"https:\/\/velartrip.com\/es\/wp-json\/wp\/v2\/product_brand?post=6256"},{"taxonomy":"product_cat","embeddable":true,"href":"https:\/\/velartrip.com\/es\/wp-json\/wp\/v2\/product_cat?post=6256"},{"taxonomy":"product_tag","embeddable":true,"href":"https:\/\/velartrip.com\/es\/wp-json\/wp\/v2\/product_tag?post=6256"}],"curies":[{"name":"wp","href":"https:\/\/api.w.org\/{rel}","templated":true}]}}