{"id":6292,"date":"2020-04-12T17:56:43","date_gmt":"2020-04-12T17:56:43","guid":{"rendered":"https:\/\/velartrip.com\/?product=adaptateur-de-voyage-br-stockholm"},"modified":"2022-05-30T10:39:26","modified_gmt":"2022-05-30T08:39:26","slug":"adaptateur-de-voyage","status":"publish","type":"product","link":"https:\/\/velartrip.com\/es\/accessoires-pratiques\/adaptateur-de-voyage\/","title":{"rendered":"Estocolmo Adaptador de viaje"},"content":{"rendered":"<h2>\n<span style=\"padding-left: 0px; padding-right: 0px;\"><span style=\"line-height: normal;\">Nuestro mejor adaptador universal para todos sus viajes por el mundo. <\/span><\/span>Con Stockoholm, puedes recargar tus dispositivos en m\u00e1s de 160 pa\u00edses.<\/h2>\n<ul>\n<li>Un adaptador para todos sus productos electr\u00f3nicos<\/li>\n<\/ul>\n<ul>\n<li>Protecci\u00f3n contra sobretensi\u00f3n y sobrecalentamiento<\/li>\n<\/ul>\n<ul>\n<li>\n<strong>5 puertos USB<\/strong> &amp; <strong>1 puerto USB tipo-C<\/strong>\n<\/li>\n<\/ul>","protected":false},"excerpt":{"rendered":"<p>\u00a1Nuestro mejor adaptador universal para todos tus viajes alrededor del mundo! \u00a1Con Estocolmo podr\u00e1s cargar tus dispositivos en m\u00e1s de 160 pa\u00edses! Un adaptador para todos tus dispositivos electr\u00f3nicos Protecci\u00f3n contra sobretensi\u00f3n y sobrecalentamiento 5 puertos USB y 1 puerto USB tipo C<\/p>","protected":false},"featured_media":13652,"comment_status":"open","ping_status":"closed","template":"","meta":{"_kad_blocks_custom_css":"","_kad_blocks_head_custom_js":"","_kad_blocks_body_custom_js":"","_kad_blocks_footer_custom_js":"","_kad_post_transparent":"","_kad_post_title":"","_kad_post_layout":"","_kad_post_sidebar_id":"","_kad_post_content_style":"","_kad_post_vertical_padding":"","_kad_post_feature":"","_kad_post_feature_position":"","_kad_post_header":false,"_kad_post_footer":false,"_kad_post_classname":""},"product_brand":[385],"product_cat":[386],"product_tag":[107],"class_list":{"0":"post-6292","1":"product","2":"type-product","3":"status-publish","4":"has-post-thumbnail","6":"product_brand-velartrip","7":"product_cat-accessoires-pratiques","8":"product_tag-nomade","10":"first","11":"instock","12":"taxable","13":"shipping-taxable","14":"purchasable","15":"product-type-variable","16":"entry","17":"content-bg","18":"loop-entry"},"taxonomy_info":{"product_brand":[{"value":385,"label":"VelarTrip"}],"product_cat":[{"value":386,"label":"Accessoires Pratiques"}],"product_tag":[{"value":107,"label":"Nomade"}]},"featured_image_src_large":["https:\/\/velartrip.com\/wp-content\/uploads\/2022\/05\/161.jpg",800,800,false],"author_info":[],"comment_info":6,"_links":{"self":[{"href":"https:\/\/velartrip.com\/es\/wp-json\/wp\/v2\/product\/6292","targetHints":{"allow":["GET"]}}],"collection":[{"href":"https:\/\/velartrip.com\/es\/wp-json\/wp\/v2\/product"}],"about":[{"href":"https:\/\/velartrip.com\/es\/wp-json\/wp\/v2\/types\/product"}],"replies":[{"embeddable":true,"href":"https:\/\/velartrip.com\/es\/wp-json\/wp\/v2\/comments?post=6292"}],"wp:featuredmedia":[{"embeddable":true,"href":"https:\/\/velartrip.com\/es\/wp-json\/wp\/v2\/media\/13652"}],"wp:attachment":[{"href":"https:\/\/velartrip.com\/es\/wp-json\/wp\/v2\/media?parent=6292"}],"wp:term":[{"taxonomy":"product_brand","embeddable":true,"href":"https:\/\/velartrip.com\/es\/wp-json\/wp\/v2\/product_brand?post=6292"},{"taxonomy":"product_cat","embeddable":true,"href":"https:\/\/velartrip.com\/es\/wp-json\/wp\/v2\/product_cat?post=6292"},{"taxonomy":"product_tag","embeddable":true,"href":"https:\/\/velartrip.com\/es\/wp-json\/wp\/v2\/product_tag?post=6292"}],"curies":[{"name":"wp","href":"https:\/\/api.w.org\/{rel}","templated":true}]}}