{"id":6382,"date":"2020-04-17T15:07:08","date_gmt":"2020-04-17T15:07:08","guid":{"rendered":"https:\/\/velartrip.com\/?product=protege-passeport-br-business-premium-graine"},"modified":"2022-08-04T00:00:07","modified_gmt":"2022-08-03T22:00:07","slug":"protege-passeport-cuir-graine","status":"publish","type":"product","link":"https:\/\/velartrip.com\/es\/accessoires-pour-valise\/protege-passeports\/protege-passeport-cuir-graine\/","title":{"rendered":"Funda Premium para Pasaporte de Negocios (Grain\u00e9)"},"content":{"rendered":"<h2>\u00a0Nuestro protector de pasaporte es ideal para todos sus viajes a los 4 rincones del planeta.<\/h2>\n<ul>\n<li>Una funda de pasaporte en <strong>Piel aut\u00e9ntica granulada.<\/strong><\/li>\n<li>Ubicaci\u00f3n para<strong> 2 tarjetas de cr\u00e9dito.<\/strong><\/li>\n<li>M\u00e1s grueso que la media con su <strong>\u00a180 gramos!\u00a0<\/strong><\/li>\n<li>Con \u00e9l\u00a0<strong>evite<\/strong>\u00a0un gran n\u00famero de\u00a0<strong>\u00a1percances!<\/strong><\/li>\n<\/ul>\n<ul>\n<li><strong>ENTREGA EST\u00c1NDAR GRATUITA<\/strong><\/li>\n<\/ul>","protected":false},"excerpt":{"rendered":"<p>\u00a0Contre tous les impr\u00e9vus, notre prot\u00e8ge-passeport sera id\u00e9al pour tous tes voyages aux 4 coins du globe. Un prot\u00e8ge-passeport en cuir grain\u00e9 v\u00e9ritable ! Emplacement pour 2 cartes bancaires. Plus \u00e9pais que la moyenne avec ses 80 grammes !\u00a0 Avec lui\u00a0tu\u00a0\u00e9viteras\u00a0un grand nombre de\u00a0m\u00e9saventures ! LIVRAISON STANDARD OFFERTE<\/p>","protected":false},"featured_media":13604,"comment_status":"open","ping_status":"closed","template":"","meta":{"_kad_blocks_custom_css":"","_kad_blocks_head_custom_js":"","_kad_blocks_body_custom_js":"","_kad_blocks_footer_custom_js":"","_kad_post_transparent":"","_kad_post_title":"","_kad_post_layout":"","_kad_post_sidebar_id":"","_kad_post_content_style":"","_kad_post_vertical_padding":"","_kad_post_feature":"","_kad_post_feature_position":"","_kad_post_header":false,"_kad_post_footer":false,"_kad_post_classname":""},"product_brand":[385],"product_cat":[395,618],"product_tag":[186,95],"class_list":{"0":"post-6382","1":"product","2":"type-product","3":"status-publish","4":"has-post-thumbnail","6":"product_brand-velartrip","7":"product_cat-protege-passeports","8":"product_cat-accessoires-pour-valise","9":"product_tag-aeroport","10":"product_tag-avion","12":"first","13":"instock","14":"taxable","15":"shipping-taxable","16":"purchasable","17":"product-type-variable","18":"entry","19":"content-bg","20":"loop-entry"},"taxonomy_info":{"product_brand":[{"value":385,"label":"VelarTrip"}],"product_cat":[{"value":395,"label":"Prot\u00e8ge-Passeports"},{"value":618,"label":"Accessoires pour Valise"}],"product_tag":[{"value":186,"label":"A\u00e9roport"},{"value":95,"label":"Avion"}]},"featured_image_src_large":["https:\/\/velartrip.com\/wp-content\/uploads\/2020\/09\/Sans-titre-15.jpg",800,800,false],"author_info":[],"comment_info":5,"_links":{"self":[{"href":"https:\/\/velartrip.com\/es\/wp-json\/wp\/v2\/product\/6382","targetHints":{"allow":["GET"]}}],"collection":[{"href":"https:\/\/velartrip.com\/es\/wp-json\/wp\/v2\/product"}],"about":[{"href":"https:\/\/velartrip.com\/es\/wp-json\/wp\/v2\/types\/product"}],"replies":[{"embeddable":true,"href":"https:\/\/velartrip.com\/es\/wp-json\/wp\/v2\/comments?post=6382"}],"wp:featuredmedia":[{"embeddable":true,"href":"https:\/\/velartrip.com\/es\/wp-json\/wp\/v2\/media\/13604"}],"wp:attachment":[{"href":"https:\/\/velartrip.com\/es\/wp-json\/wp\/v2\/media?parent=6382"}],"wp:term":[{"taxonomy":"product_brand","embeddable":true,"href":"https:\/\/velartrip.com\/es\/wp-json\/wp\/v2\/product_brand?post=6382"},{"taxonomy":"product_cat","embeddable":true,"href":"https:\/\/velartrip.com\/es\/wp-json\/wp\/v2\/product_cat?post=6382"},{"taxonomy":"product_tag","embeddable":true,"href":"https:\/\/velartrip.com\/es\/wp-json\/wp\/v2\/product_tag?post=6382"}],"curies":[{"name":"wp","href":"https:\/\/api.w.org\/{rel}","templated":true}]}}