{"id":6397,"date":"2020-04-17T15:41:55","date_gmt":"2020-04-17T15:41:55","guid":{"rendered":"https:\/\/velartrip.com\/?product=protege-passeport-br-business-premium-floral"},"modified":"2022-08-04T00:00:07","modified_gmt":"2022-08-03T22:00:07","slug":"protege-passeport-motifs-floraux","status":"publish","type":"product","link":"https:\/\/velartrip.com\/es\/accessoires-pour-valise\/protege-passeports\/protege-passeport-motifs-floraux\/","title":{"rendered":"Funda de pasaporte Business Premium (Floral)"},"content":{"rendered":"<h2>\u00a0Si busca una funda para pasaporte que destaque entre la multitud, le ofrecemos nuestra funda con motivos florales.<\/h2>\n<ul>\n<li>Una funda de pasaporte<strong> en piel aut\u00e9ntica estampada.<\/strong><\/li>\n<li>Ubicaci\u00f3n para <strong>2 tarjetas de cr\u00e9dito.<\/strong><\/li>\n<li><strong>M\u00e1s grueso<\/strong> que la media con su <strong>\u00a180 gramos!<\/strong><\/li>\n<li>Con \u00e9l <strong>evite<\/strong>\u00a0un gran n\u00famero de <strong>\u00a1percances!<\/strong><\/li>\n<\/ul>\n<ul>\n<li><strong>ENTREGA EST\u00c1NDAR GRATUITA<\/strong><\/li>\n<\/ul>","protected":false},"excerpt":{"rendered":"<p>\u00a0Si busca una funda para pasaporte que destaque entre la multitud, \u00a1le ofrecemos nuestra funda con estampado floral! Funda de pasaporte de piel aut\u00e9ntica con estampado. Ranura para 2 tarjetas bancarias. M\u00e1s gruesa que la media: \u00a180 gramos! Con ella evitar\u00e1 un sinf\u00edn de contratiempos. ENTREGA EST\u00c1NDAR GRATUITA<\/p>","protected":false},"featured_media":13608,"comment_status":"open","ping_status":"closed","template":"","meta":{"_kad_blocks_custom_css":"","_kad_blocks_head_custom_js":"","_kad_blocks_body_custom_js":"","_kad_blocks_footer_custom_js":"","_kad_post_transparent":"","_kad_post_title":"","_kad_post_layout":"","_kad_post_sidebar_id":"","_kad_post_content_style":"","_kad_post_vertical_padding":"","_kad_post_feature":"","_kad_post_feature_position":"","_kad_post_header":false,"_kad_post_footer":false,"_kad_post_classname":""},"product_brand":[385],"product_cat":[395,618],"product_tag":[186,95],"class_list":{"0":"post-6397","1":"product","2":"type-product","3":"status-publish","4":"has-post-thumbnail","6":"product_brand-velartrip","7":"product_cat-protege-passeports","8":"product_cat-accessoires-pour-valise","9":"product_tag-aeroport","10":"product_tag-avion","12":"first","13":"instock","14":"taxable","15":"shipping-taxable","16":"purchasable","17":"product-type-variable","18":"has-default-attributes","19":"entry","20":"content-bg","21":"loop-entry"},"taxonomy_info":{"product_brand":[{"value":385,"label":"VelarTrip"}],"product_cat":[{"value":395,"label":"Prot\u00e8ge-Passeports"},{"value":618,"label":"Accessoires pour Valise"}],"product_tag":[{"value":186,"label":"A\u00e9roport"},{"value":95,"label":"Avion"}]},"featured_image_src_large":["https:\/\/velartrip.com\/wp-content\/uploads\/2022\/05\/130.jpg",800,800,false],"author_info":[],"comment_info":5,"_links":{"self":[{"href":"https:\/\/velartrip.com\/es\/wp-json\/wp\/v2\/product\/6397","targetHints":{"allow":["GET"]}}],"collection":[{"href":"https:\/\/velartrip.com\/es\/wp-json\/wp\/v2\/product"}],"about":[{"href":"https:\/\/velartrip.com\/es\/wp-json\/wp\/v2\/types\/product"}],"replies":[{"embeddable":true,"href":"https:\/\/velartrip.com\/es\/wp-json\/wp\/v2\/comments?post=6397"}],"wp:featuredmedia":[{"embeddable":true,"href":"https:\/\/velartrip.com\/es\/wp-json\/wp\/v2\/media\/13608"}],"wp:attachment":[{"href":"https:\/\/velartrip.com\/es\/wp-json\/wp\/v2\/media?parent=6397"}],"wp:term":[{"taxonomy":"product_brand","embeddable":true,"href":"https:\/\/velartrip.com\/es\/wp-json\/wp\/v2\/product_brand?post=6397"},{"taxonomy":"product_cat","embeddable":true,"href":"https:\/\/velartrip.com\/es\/wp-json\/wp\/v2\/product_cat?post=6397"},{"taxonomy":"product_tag","embeddable":true,"href":"https:\/\/velartrip.com\/es\/wp-json\/wp\/v2\/product_tag?post=6397"}],"curies":[{"name":"wp","href":"https:\/\/api.w.org\/{rel}","templated":true}]}}