{"id":6544,"date":"2020-04-19T17:39:55","date_gmt":"2020-04-19T17:39:55","guid":{"rendered":"https:\/\/velartrip.com\/?product=housse-de-valise-br-follow-me"},"modified":"2023-02-12T13:42:31","modified_gmt":"2023-02-12T12:42:31","slug":"housse-valise-asie","status":"publish","type":"product","link":"https:\/\/velartrip.com\/es\/accessoires-pour-valise\/housse-de-valise\/housse-valise-asie\/","title":{"rendered":"Funda para maleta Follow Me"},"content":{"rendered":"<h2>Voyager seul, c&rsquo;est bien, mais voyager \u00e0 deux, c&rsquo;est encore mieux ! Une housse de valise qui invite au voyage et plus particuli\u00e8rement dans les eaux turquoise d&rsquo;Asie, gr\u00e2ce \u00e0 ses magnifiques nuances de bleu.<\/h2>\n<ul>\n<li><strong><span style=\"text-decoration: underline;\">S&rsquo;adapte \u00e0 99% des valises<\/span> <\/strong>\u00e0 2 ou 4 roues.<\/li>\n<li><strong>Deux ouvertures pr\u00e9vues<\/strong> pour la poign\u00e9e t\u00e9lescopique et\/o\u00f9 la poign\u00e9e simple.<\/li>\n<li>Plus de risques de se faire voler ses affaires, <strong>les fermetures \u00e9clairs sont prot\u00e9g\u00e9es<\/strong> par notre housse<\/li>\n<li>Finis les films en plastiques jetables aux prix exorbitants, nos housses sont rentabilis\u00e9es d\u00e8s votre premier voyage.<\/li>\n<li><strong>Lavable \u00e0 30\u00b0C et r\u00e9utilisable<\/strong>, la plan\u00e8te se portera mieux ! \u267b\ufe0f<\/li>\n<\/ul>\n<p style=\"text-align: center;\">\ud83d\udccf R\u00e9f\u00e9rez-vous au guide des tailles pour choisir au mieux votre housse de valise en fonction de sa dimension \ud83d\udccf<\/p>\n<p>[block id=\u00a0\u00bbhousse-de-valise-produit-description\u00a0\u00bb]<\/p>\n","protected":false},"excerpt":{"rendered":"<p>Viajar solo es genial, \u00a1pero viajar en pareja es a\u00fan mejor! Una funda de maleta que invita a viajar, especialmente a las aguas turquesas de Asia, gracias a sus magn\u00edficas tonalidades de azul. Se adapta a maletas 99% de 2 o 4 ruedas. Se prev\u00e9n dos aberturas para el mango telesc\u00f3pico y\/o el mango\u2026<\/p>","protected":false},"featured_media":12450,"comment_status":"open","ping_status":"closed","template":"","meta":{"_kad_blocks_custom_css":"","_kad_blocks_head_custom_js":"","_kad_blocks_body_custom_js":"","_kad_blocks_footer_custom_js":"","_kad_post_transparent":"","_kad_post_title":"","_kad_post_layout":"","_kad_post_sidebar_id":"","_kad_post_content_style":"","_kad_post_vertical_padding":"","_kad_post_feature":"","_kad_post_feature_position":"","_kad_post_header":false,"_kad_post_footer":false,"_kad_post_classname":""},"product_brand":[385],"product_cat":[392,618],"product_tag":[165,153],"class_list":{"0":"post-6544","1":"product","2":"type-product","3":"status-publish","4":"has-post-thumbnail","6":"product_brand-velartrip","7":"product_cat-housse-de-valise","8":"product_cat-accessoires-pour-valise","9":"product_tag-compatible-toutes-poignees","10":"product_tag-phrase","12":"first","13":"instock","14":"taxable","15":"shipping-taxable","16":"purchasable","17":"product-type-variable","18":"entry","19":"content-bg","20":"loop-entry"},"taxonomy_info":{"product_brand":[{"value":385,"label":"VelarTrip"}],"product_cat":[{"value":392,"label":"Housses De Valise"},{"value":618,"label":"Accessoires pour Valise"}],"product_tag":[{"value":165,"label":"Compatible toutes poign\u00e9es"},{"value":153,"label":"Phrase"}]},"featured_image_src_large":["https:\/\/velartrip.com\/wp-content\/uploads\/2022\/04\/housse-de-valise-follow-me.jpg",800,800,false],"author_info":[],"comment_info":5,"_links":{"self":[{"href":"https:\/\/velartrip.com\/es\/wp-json\/wp\/v2\/product\/6544","targetHints":{"allow":["GET"]}}],"collection":[{"href":"https:\/\/velartrip.com\/es\/wp-json\/wp\/v2\/product"}],"about":[{"href":"https:\/\/velartrip.com\/es\/wp-json\/wp\/v2\/types\/product"}],"replies":[{"embeddable":true,"href":"https:\/\/velartrip.com\/es\/wp-json\/wp\/v2\/comments?post=6544"}],"wp:featuredmedia":[{"embeddable":true,"href":"https:\/\/velartrip.com\/es\/wp-json\/wp\/v2\/media\/12450"}],"wp:attachment":[{"href":"https:\/\/velartrip.com\/es\/wp-json\/wp\/v2\/media?parent=6544"}],"wp:term":[{"taxonomy":"product_brand","embeddable":true,"href":"https:\/\/velartrip.com\/es\/wp-json\/wp\/v2\/product_brand?post=6544"},{"taxonomy":"product_cat","embeddable":true,"href":"https:\/\/velartrip.com\/es\/wp-json\/wp\/v2\/product_cat?post=6544"},{"taxonomy":"product_tag","embeddable":true,"href":"https:\/\/velartrip.com\/es\/wp-json\/wp\/v2\/product_tag?post=6544"}],"curies":[{"name":"wp","href":"https:\/\/api.w.org\/{rel}","templated":true}]}}