{"id":6767,"date":"2020-04-21T16:26:30","date_gmt":"2020-04-21T16:26:30","guid":{"rendered":"https:\/\/velartrip.com\/?product=coussin-de-voyage-br-caracas"},"modified":"2024-12-04T09:30:30","modified_gmt":"2024-12-04T08:30:30","slug":"coussin-de-voyage-gonflable","status":"publish","type":"product","link":"https:\/\/velartrip.com\/es\/accessoires-voyage\/coussins-voyage\/coussin-de-voyage-gonflable\/","title":{"rendered":"Coj\u00edn de viaje Caracas"},"content":{"rendered":"<h2>Respira hondo e infla tu coj\u00edn de viaje en menos de 5 minutos. Adem\u00e1s, \u00a1ahorrar\u00e1s un espacio considerable en tu maleta!<\/h2>\n<ul>\n<li>F\u00e1cilmente transportable.<\/li>\n<li>Visite <strong>se infla y se desinfla<\/strong> \u00a1R\u00e1pido!<\/li>\n<li>A <strong>soporte \"reposacabezas<\/strong> para mayor comodidad<\/li>\n<li><strong>ENTREGA EST\u00c1NDAR GRATUITA<\/strong><\/li>\n<\/ul>","protected":false},"excerpt":{"rendered":"<p>Respira hondo e infla tu coj\u00edn de viaje en menos de 5 minutos. Adem\u00e1s, \u00a1ahorrar\u00e1s un espacio considerable en tu maleta! F\u00e1cil de transportar. Se infla y se desinfla r\u00e1pidamente Un soporte \"reposacabezas\" para mayor comodidad SE OFRECE ENTREGA EST\u00c1NDAR<\/p>","protected":false},"featured_media":13506,"comment_status":"open","ping_status":"closed","template":"","meta":{"_kad_blocks_custom_css":"","_kad_blocks_head_custom_js":"","_kad_blocks_body_custom_js":"","_kad_blocks_footer_custom_js":"","_kad_post_transparent":"","_kad_post_title":"","_kad_post_layout":"","_kad_post_sidebar_id":"","_kad_post_content_style":"","_kad_post_vertical_padding":"","_kad_post_feature":"","_kad_post_feature_position":"","_kad_post_header":false,"_kad_post_footer":false,"_kad_post_classname":""},"product_brand":[385],"product_cat":[393,404],"product_tag":[194,195,95,107],"class_list":{"0":"post-6767","1":"product","2":"type-product","3":"status-publish","4":"has-post-thumbnail","6":"product_brand-velartrip","7":"product_cat-coussins-voyage","8":"product_cat-accessoires-voyage","9":"product_tag-coussin-de-voyage","10":"product_tag-voiture","11":"product_tag-avion","12":"product_tag-nomade","14":"first","15":"instock","16":"taxable","17":"shipping-taxable","18":"purchasable","19":"product-type-variable","20":"has-default-attributes","21":"entry","22":"content-bg","23":"loop-entry"},"taxonomy_info":{"product_brand":[{"value":385,"label":"VelarTrip"}],"product_cat":[{"value":393,"label":"Coussins De Voyage"},{"value":404,"label":"Accessoires de Voyage"}],"product_tag":[{"value":194,"label":" Coussin De Voyage"},{"value":195,"label":" Voiture"},{"value":95,"label":"Avion"},{"value":107,"label":"Nomade"}]},"featured_image_src_large":["https:\/\/velartrip.com\/wp-content\/uploads\/2020\/04\/64.jpg",800,800,false],"author_info":[],"comment_info":4,"_links":{"self":[{"href":"https:\/\/velartrip.com\/es\/wp-json\/wp\/v2\/product\/6767","targetHints":{"allow":["GET"]}}],"collection":[{"href":"https:\/\/velartrip.com\/es\/wp-json\/wp\/v2\/product"}],"about":[{"href":"https:\/\/velartrip.com\/es\/wp-json\/wp\/v2\/types\/product"}],"replies":[{"embeddable":true,"href":"https:\/\/velartrip.com\/es\/wp-json\/wp\/v2\/comments?post=6767"}],"wp:featuredmedia":[{"embeddable":true,"href":"https:\/\/velartrip.com\/es\/wp-json\/wp\/v2\/media\/13506"}],"wp:attachment":[{"href":"https:\/\/velartrip.com\/es\/wp-json\/wp\/v2\/media?parent=6767"}],"wp:term":[{"taxonomy":"product_brand","embeddable":true,"href":"https:\/\/velartrip.com\/es\/wp-json\/wp\/v2\/product_brand?post=6767"},{"taxonomy":"product_cat","embeddable":true,"href":"https:\/\/velartrip.com\/es\/wp-json\/wp\/v2\/product_cat?post=6767"},{"taxonomy":"product_tag","embeddable":true,"href":"https:\/\/velartrip.com\/es\/wp-json\/wp\/v2\/product_tag?post=6767"}],"curies":[{"name":"wp","href":"https:\/\/api.w.org\/{rel}","templated":true}]}}