{"id":6817,"date":"2020-04-21T20:17:14","date_gmt":"2020-04-21T20:17:14","guid":{"rendered":"https:\/\/velartrip.com\/?product=coussin-de-voyage-br-bogota"},"modified":"2022-05-16T20:05:16","modified_gmt":"2022-05-16T18:05:16","slug":"coussin-repose-tete-de-voyage","status":"publish","type":"product","link":"https:\/\/velartrip.com\/es\/accessoires-voyage\/coussins-voyage\/coussin-repose-tete-de-voyage\/","title":{"rendered":"Coj\u00edn de viaje Bogot\u00e1"},"content":{"rendered":"<div class=\"detailmodule_html\">\n<div class=\"detail-desc-decorate-richtext\">\n<meta charset=\"utf-8\"><\/p>\n<h2>El descanso es esencial para sus viajes, y una mente descansada significa :\u00a0<\/h2>\n<h2>- Ser m\u00e1s agudo a la hora de tomar decisiones.<\/h2>\n<h2>- Limitar las posibilidades de contraer enfermedades.<\/h2>\n<h2>\u00a1Aprovecha nuestro coj\u00edn de viaje Bogot\u00e1 para dormir bien est\u00e9s donde est\u00e9s!<\/h2>\n<ul>\n<li>\n<p>Disfrute de nuestra espuma natural <span style=\"text-decoration: underline;\">en madera de bamb\u00fa<\/span> : <strong>mucho m\u00e1s transpirable<\/strong> que las espumas est\u00e1ndar.<\/p>\n<\/li>\n<li>\n<strong>3 usos<\/strong>\u00a0posible <strong>rel\u00e1jate r\u00e1pidamente.<\/strong>\n<\/li>\n<\/ul>\n<ul>\n<li>Funda lavable a m\u00e1quina<\/li>\n<\/ul>\n<ul>\n<li>\n<p><strong>ENTREGA EST\u00c1NDAR GRATUITA<\/strong><\/p>\n<\/li>\n<\/ul>\n<\/div>\n<\/div>","protected":false},"excerpt":{"rendered":"<p>Le repos est essentiel pour\u00a0tes voyages, un esprit repos\u00e9 permet :\u00a0 &#8211; D&rsquo;\u00eatre plus vif pour ses prises de d\u00e9cision. &#8211; De limiter les chances d&rsquo;attraper des maladies. Profites de notre coussin de voyage\u00a0Bogota pour un sommeil r\u00e9parateur n&rsquo;importe o\u00f9 que\u00a0tu\u00a0sois ! Profites de notre mousse naturelle en bois de bambou : beaucoup plus respirante&#8230;<\/p>","protected":false},"featured_media":13492,"comment_status":"open","ping_status":"closed","template":"","meta":{"_kad_blocks_custom_css":"","_kad_blocks_head_custom_js":"","_kad_blocks_body_custom_js":"","_kad_blocks_footer_custom_js":"","_kad_post_transparent":"","_kad_post_title":"","_kad_post_layout":"","_kad_post_sidebar_id":"","_kad_post_content_style":"","_kad_post_vertical_padding":"","_kad_post_feature":"","_kad_post_feature_position":"","_kad_post_header":false,"_kad_post_footer":false,"_kad_post_classname":""},"product_brand":[385],"product_cat":[404,393],"product_tag":[198],"class_list":{"0":"post-6817","1":"product","2":"type-product","3":"status-publish","4":"has-post-thumbnail","6":"product_brand-velartrip","7":"product_cat-accessoires-voyage","8":"product_cat-coussins-voyage","9":"product_tag-coussin","11":"first","12":"instock","13":"taxable","14":"shipping-taxable","15":"purchasable","16":"product-type-variable","17":"entry","18":"content-bg","19":"loop-entry"},"taxonomy_info":{"product_brand":[{"value":385,"label":"VelarTrip"}],"product_cat":[{"value":404,"label":"Accessoires de Voyage"},{"value":393,"label":"Coussins De Voyage"}],"product_tag":[{"value":198,"label":"Coussin"}]},"featured_image_src_large":["https:\/\/velartrip.com\/wp-content\/uploads\/2022\/05\/51.jpg",800,800,false],"author_info":[],"comment_info":4,"_links":{"self":[{"href":"https:\/\/velartrip.com\/es\/wp-json\/wp\/v2\/product\/6817","targetHints":{"allow":["GET"]}}],"collection":[{"href":"https:\/\/velartrip.com\/es\/wp-json\/wp\/v2\/product"}],"about":[{"href":"https:\/\/velartrip.com\/es\/wp-json\/wp\/v2\/types\/product"}],"replies":[{"embeddable":true,"href":"https:\/\/velartrip.com\/es\/wp-json\/wp\/v2\/comments?post=6817"}],"wp:featuredmedia":[{"embeddable":true,"href":"https:\/\/velartrip.com\/es\/wp-json\/wp\/v2\/media\/13492"}],"wp:attachment":[{"href":"https:\/\/velartrip.com\/es\/wp-json\/wp\/v2\/media?parent=6817"}],"wp:term":[{"taxonomy":"product_brand","embeddable":true,"href":"https:\/\/velartrip.com\/es\/wp-json\/wp\/v2\/product_brand?post=6817"},{"taxonomy":"product_cat","embeddable":true,"href":"https:\/\/velartrip.com\/es\/wp-json\/wp\/v2\/product_cat?post=6817"},{"taxonomy":"product_tag","embeddable":true,"href":"https:\/\/velartrip.com\/es\/wp-json\/wp\/v2\/product_tag?post=6817"}],"curies":[{"name":"wp","href":"https:\/\/api.w.org\/{rel}","templated":true}]}}