{"id":6844,"date":"2020-04-22T20:26:46","date_gmt":"2020-04-22T20:26:46","guid":{"rendered":"https:\/\/velartrip.com\/?product=coussin-de-voyage-br-la-paz"},"modified":"2022-05-05T15:52:41","modified_gmt":"2022-05-05T13:52:41","slug":"oreiller-de-voyage-gonflable","status":"publish","type":"product","link":"https:\/\/velartrip.com\/es\/accessoires-voyage\/coussins-voyage\/oreiller-de-voyage-gonflable\/","title":{"rendered":"Coj\u00edn de viaje La Paz"},"content":{"rendered":"<p><meta charset=\"utf-8\"><\/p>\n<h2>Basta con presionar hacia abajo para inflar nuestra almohada de viaje La Paz; la v\u00e1lvula s\u00f3lo se utiliza para liberar el aire y poder guardar la almohada en la mochila.<\/h2>\n<ul>\n<li>Ultra <strong>compacto<\/strong> !<\/li>\n<li>Sistema de inflado a presi\u00f3n<\/li>\n<li>\n<strong><span style=\"text-decoration: underline;\">Muy higi\u00e9nico<\/span><\/strong> sin contacto con la boca\u00a0<\/li>\n<li>Sistema de inflado por presi\u00f3n o v\u00e1lvula\u00a0<\/li>\n<\/ul>\n<ul>\n<li><strong>ENTREGA EST\u00c1NDAR GRATUITA<\/strong><\/li>\n<\/ul>","protected":false},"excerpt":{"rendered":"<p>De simples pressions suffisent pour gonfler notre\u00a0oreiller de voyage La Paz, la valve sert uniquement \u00e0 faire \u00e9vacuer l&rsquo;air pour ranger votre coussin dans votre sac \u00e0 dos ! Ultra compact ! Syst\u00e8me de\u00a0gonflage par pressions Tr\u00e8s hygi\u00e9nique : pas de contact avec la bouche\u00a0 Syst\u00e8me de gonflage par pressions ou \u00e0 l&rsquo;aide de la&#8230;<\/p>","protected":false},"featured_media":13461,"comment_status":"open","ping_status":"closed","template":"","meta":{"_kad_blocks_custom_css":"","_kad_blocks_head_custom_js":"","_kad_blocks_body_custom_js":"","_kad_blocks_footer_custom_js":"","_kad_post_transparent":"","_kad_post_title":"","_kad_post_layout":"","_kad_post_sidebar_id":"","_kad_post_content_style":"","_kad_post_vertical_padding":"","_kad_post_feature":"","_kad_post_feature_position":"","_kad_post_header":false,"_kad_post_footer":false,"_kad_post_classname":""},"product_brand":[385],"product_cat":[404,393],"product_tag":[],"class_list":{"0":"post-6844","1":"product","2":"type-product","3":"status-publish","4":"has-post-thumbnail","6":"product_brand-velartrip","7":"product_cat-accessoires-voyage","8":"product_cat-coussins-voyage","10":"first","11":"instock","12":"taxable","13":"shipping-taxable","14":"purchasable","15":"product-type-variable","16":"entry","17":"content-bg","18":"loop-entry"},"taxonomy_info":{"product_brand":[{"value":385,"label":"VelarTrip"}],"product_cat":[{"value":404,"label":"Accessoires de Voyage"},{"value":393,"label":"Coussins De Voyage"}]},"featured_image_src_large":["https:\/\/velartrip.com\/wp-content\/uploads\/2022\/05\/37-1.jpg",800,800,false],"author_info":[],"comment_info":4,"_links":{"self":[{"href":"https:\/\/velartrip.com\/es\/wp-json\/wp\/v2\/product\/6844","targetHints":{"allow":["GET"]}}],"collection":[{"href":"https:\/\/velartrip.com\/es\/wp-json\/wp\/v2\/product"}],"about":[{"href":"https:\/\/velartrip.com\/es\/wp-json\/wp\/v2\/types\/product"}],"replies":[{"embeddable":true,"href":"https:\/\/velartrip.com\/es\/wp-json\/wp\/v2\/comments?post=6844"}],"wp:featuredmedia":[{"embeddable":true,"href":"https:\/\/velartrip.com\/es\/wp-json\/wp\/v2\/media\/13461"}],"wp:attachment":[{"href":"https:\/\/velartrip.com\/es\/wp-json\/wp\/v2\/media?parent=6844"}],"wp:term":[{"taxonomy":"product_brand","embeddable":true,"href":"https:\/\/velartrip.com\/es\/wp-json\/wp\/v2\/product_brand?post=6844"},{"taxonomy":"product_cat","embeddable":true,"href":"https:\/\/velartrip.com\/es\/wp-json\/wp\/v2\/product_cat?post=6844"},{"taxonomy":"product_tag","embeddable":true,"href":"https:\/\/velartrip.com\/es\/wp-json\/wp\/v2\/product_tag?post=6844"}],"curies":[{"name":"wp","href":"https:\/\/api.w.org\/{rel}","templated":true}]}}