{"id":6890,"date":"2020-04-23T14:17:13","date_gmt":"2020-04-23T14:17:13","guid":{"rendered":"https:\/\/velartrip.com\/?product=sac-etanche-br-new-delhi"},"modified":"2022-05-05T12:41:38","modified_gmt":"2022-05-05T10:41:38","slug":"sac-etanche-10l","status":"publish","type":"product","link":"https:\/\/velartrip.com\/es\/accessoires-pratiques\/sac-etanche-10l\/","title":{"rendered":"Bolsa impermeable Nueva Delhi"},"content":{"rendered":"<p>&nbsp;<\/p>\n<h2>Nuestra bolsa impermeable m\u00e1s completa con 2 compartimentos de almacenamiento adicionales. Totalmente impermeable \ud83d\udca6<\/h2>\n<ul>\n<li><strong>Dos bolsillos<\/strong> se han integrado (red interior y exterior) para <strong>aislar<\/strong> determinados art\u00edculos del resto de la bolsa\u00a0<em>(\u00fatil para tel\u00e9fonos o tarjetas de cr\u00e9dito, por ejemplo)<\/em><\/li>\n<\/ul>\n<ul>\n<li><strong>10 litros recomendados\u00a0<\/strong>para peque\u00f1os accesorios (smartphone, c\u00e1mara, etc.)<\/li>\n<\/ul>\n<ul>\n<li><strong>20 litros recomendados<\/strong>\u00a0llevar todo su equipo (toallas de playa, gorras...)<\/li>\n<\/ul>\n<ul>\n<li><strong>ENTREGA EST\u00c1NDAR GRATUITA<\/strong><\/li>\n<\/ul>","protected":false},"excerpt":{"rendered":"<p>&nbsp; Notre sac \u00e9tanche le plus complet avec 2 rangements suppl\u00e9mentaires. Enti\u00e8rement \u00e9tanche \ud83d\udca6 Deux poches ont \u00e9t\u00e9 int\u00e9gr\u00e9es (int\u00e9rieure &amp; ext\u00e9rieur \u00e0 filet) pour isoler certains articles du reste du sac\u00a0(pratique pour les t\u00e9l\u00e9phones ou CB par exemple) 10 litres conseill\u00e9s\u00a0pour des petits accessoires (smartphone, appareil photo&#8230;) 20 litres conseill\u00e9s\u00a0pour emmener sa panoplie (serviettes&#8230;<\/p>","protected":false},"featured_media":13431,"comment_status":"open","ping_status":"closed","template":"","meta":{"_kad_blocks_custom_css":"","_kad_blocks_head_custom_js":"","_kad_blocks_body_custom_js":"","_kad_blocks_footer_custom_js":"","_kad_post_transparent":"","_kad_post_title":"","_kad_post_layout":"","_kad_post_sidebar_id":"","_kad_post_content_style":"","_kad_post_vertical_padding":"","_kad_post_feature":"","_kad_post_feature_position":"","_kad_post_header":false,"_kad_post_footer":false,"_kad_post_classname":""},"product_brand":[385],"product_cat":[386],"product_tag":[201,107],"class_list":{"0":"post-6890","1":"product","2":"type-product","3":"status-publish","4":"has-post-thumbnail","6":"product_brand-velartrip","7":"product_cat-accessoires-pratiques","8":"product_tag-plage","9":"product_tag-nomade","11":"first","12":"instock","13":"taxable","14":"shipping-taxable","15":"purchasable","16":"product-type-variable","17":"has-default-attributes","18":"entry","19":"content-bg","20":"loop-entry"},"taxonomy_info":{"product_brand":[{"value":385,"label":"VelarTrip"}],"product_cat":[{"value":386,"label":"Accessoires Pratiques"}],"product_tag":[{"value":201,"label":" Plage"},{"value":107,"label":"Nomade"}]},"featured_image_src_large":["https:\/\/velartrip.com\/wp-content\/uploads\/2020\/04\/7.jpg",800,800,false],"author_info":[],"comment_info":7,"_links":{"self":[{"href":"https:\/\/velartrip.com\/es\/wp-json\/wp\/v2\/product\/6890","targetHints":{"allow":["GET"]}}],"collection":[{"href":"https:\/\/velartrip.com\/es\/wp-json\/wp\/v2\/product"}],"about":[{"href":"https:\/\/velartrip.com\/es\/wp-json\/wp\/v2\/types\/product"}],"replies":[{"embeddable":true,"href":"https:\/\/velartrip.com\/es\/wp-json\/wp\/v2\/comments?post=6890"}],"wp:featuredmedia":[{"embeddable":true,"href":"https:\/\/velartrip.com\/es\/wp-json\/wp\/v2\/media\/13431"}],"wp:attachment":[{"href":"https:\/\/velartrip.com\/es\/wp-json\/wp\/v2\/media?parent=6890"}],"wp:term":[{"taxonomy":"product_brand","embeddable":true,"href":"https:\/\/velartrip.com\/es\/wp-json\/wp\/v2\/product_brand?post=6890"},{"taxonomy":"product_cat","embeddable":true,"href":"https:\/\/velartrip.com\/es\/wp-json\/wp\/v2\/product_cat?post=6890"},{"taxonomy":"product_tag","embeddable":true,"href":"https:\/\/velartrip.com\/es\/wp-json\/wp\/v2\/product_tag?post=6890"}],"curies":[{"name":"wp","href":"https:\/\/api.w.org\/{rel}","templated":true}]}}