{"id":7000,"date":"2020-04-25T15:50:09","date_gmt":"2020-04-25T15:50:09","guid":{"rendered":"https:\/\/velartrip.com\/?product=miroir-de-voyage-br-papeete"},"modified":"2022-05-02T19:08:16","modified_gmt":"2022-05-02T17:08:16","slug":"miroir-de-voyage","status":"publish","type":"product","link":"https:\/\/velartrip.com\/es\/accessoires-voyage\/accessoires-beaute\/miroir-de-voyage\/","title":{"rendered":"Espejo de viaje Papeete"},"content":{"rendered":"<h2>Un espejo de viaje para llevar siempre encima, \u00a1de d\u00eda o de noche! Nos encanta por 2 razones: su tama\u00f1o &amp; el hecho de que se ilumina \ud83d\udca1.<\/h2>\n<ul>\n<li>Espejo en <strong>acero inoxidable<\/strong> y en <strong>aleaci\u00f3n de zinc<\/strong> para una mayor resistencia<\/li>\n<\/ul>\n<ul>\n<li><strong>Bater\u00eda de litio<\/strong> \u00a1la \u00faltima generaci\u00f3n!<\/li>\n<\/ul>\n<ul>\n<li><strong>Recargable<\/strong> \u00a1gracias al cable USB!<\/li>\n<\/ul>\n<ul>\n<li><strong>2 colores claros :<\/strong> azul o natural<\/li>\n<\/ul>\n<ul>\n<li>Tama\u00f1o : <strong>90*90 cm<\/strong> para un dise\u00f1o polivalente<\/li>\n<\/ul>\n<p><em><span style=\"text-decoration: underline;\">Un bot\u00f3n para 3 opciones de potencia luminosa:<\/span><\/em><\/p>\n<ul>\n<li>100 %: 1h30 de autonom\u00eda<\/li>\n<li>50 %: 3h30 de autonom\u00eda<\/li>\n<li>30 %: 6h30 de autonom\u00eda<\/li>\n<\/ul>\n<p><span style=\"text-decoration: underline;\"><em>Se suministra con :<\/em><\/span><\/p>\n<ul>\n<li>Un cable USB<\/li>\n<li>Un pa\u00f1o de limpieza<\/li>\n<li>Malet\u00edn de transporte<\/li>\n<\/ul>\n<p style=\"text-align: center;\"><strong>ENTREGA EST\u00c1NDAR GRATUITA<\/strong><\/p>","protected":false},"excerpt":{"rendered":"<p>\u00a1Un espejo de viaje para estar al tanto de tus actividades d\u00eda y noche! Nos encanta por 2 razones: su tama\u00f1o y el hecho de que est\u00e1 iluminado \ud83d\udca1 Espejo de acero inoxidable y aleaci\u00f3n de zinc para mayor resistencia \u00a1Bater\u00eda de litio de \u00faltima generaci\u00f3n! \u00a1Recargable con cable USB! 2 colores de luz: azul\u2026<\/p>","protected":false},"featured_media":13350,"comment_status":"open","ping_status":"closed","template":"","meta":{"_kad_blocks_custom_css":"","_kad_blocks_head_custom_js":"","_kad_blocks_body_custom_js":"","_kad_blocks_footer_custom_js":"","_kad_post_transparent":"","_kad_post_title":"","_kad_post_layout":"","_kad_post_sidebar_id":"","_kad_post_content_style":"","_kad_post_vertical_padding":"","_kad_post_feature":"","_kad_post_feature_position":"","_kad_post_header":false,"_kad_post_footer":false,"_kad_post_classname":""},"product_brand":[385],"product_cat":[396,404],"product_tag":[209],"class_list":{"0":"post-7000","1":"product","2":"type-product","3":"status-publish","4":"has-post-thumbnail","6":"product_brand-velartrip","7":"product_cat-accessoires-beaute","8":"product_cat-accessoires-voyage","9":"product_tag-miroir-de-voyage","11":"first","12":"instock","13":"taxable","14":"shipping-taxable","15":"purchasable","16":"product-type-variable","17":"has-default-attributes","18":"entry","19":"content-bg","20":"loop-entry"},"taxonomy_info":{"product_brand":[{"value":385,"label":"VelarTrip"}],"product_cat":[{"value":396,"label":"Mini Produits de Beaut\u00e9"},{"value":404,"label":"Accessoires de Voyage"}],"product_tag":[{"value":209,"label":"Miroir De Voyage"}]},"featured_image_src_large":["https:\/\/velartrip.com\/wp-content\/uploads\/2020\/04\/accessoire-beaute\u0301-papeete-rose-VelarTrip.jpg",800,800,false],"author_info":[],"comment_info":4,"_links":{"self":[{"href":"https:\/\/velartrip.com\/es\/wp-json\/wp\/v2\/product\/7000","targetHints":{"allow":["GET"]}}],"collection":[{"href":"https:\/\/velartrip.com\/es\/wp-json\/wp\/v2\/product"}],"about":[{"href":"https:\/\/velartrip.com\/es\/wp-json\/wp\/v2\/types\/product"}],"replies":[{"embeddable":true,"href":"https:\/\/velartrip.com\/es\/wp-json\/wp\/v2\/comments?post=7000"}],"wp:featuredmedia":[{"embeddable":true,"href":"https:\/\/velartrip.com\/es\/wp-json\/wp\/v2\/media\/13350"}],"wp:attachment":[{"href":"https:\/\/velartrip.com\/es\/wp-json\/wp\/v2\/media?parent=7000"}],"wp:term":[{"taxonomy":"product_brand","embeddable":true,"href":"https:\/\/velartrip.com\/es\/wp-json\/wp\/v2\/product_brand?post=7000"},{"taxonomy":"product_cat","embeddable":true,"href":"https:\/\/velartrip.com\/es\/wp-json\/wp\/v2\/product_cat?post=7000"},{"taxonomy":"product_tag","embeddable":true,"href":"https:\/\/velartrip.com\/es\/wp-json\/wp\/v2\/product_tag?post=7000"}],"curies":[{"name":"wp","href":"https:\/\/api.w.org\/{rel}","templated":true}]}}