{"id":7055,"date":"2020-04-25T18:01:06","date_gmt":"2020-04-25T18:01:06","guid":{"rendered":"https:\/\/velartrip.com\/?product=masque-de-nuit-br-quito-leopard"},"modified":"2022-08-03T11:19:58","modified_gmt":"2022-08-03T09:19:58","slug":"masque-de-nuit-leopard","status":"publish","type":"product","link":"https:\/\/velartrip.com\/es\/accessoires-voyage\/masques-nuit\/masque-de-nuit-leopard\/","title":{"rendered":"M\u00e1scara nocturna Quito Leopardo"},"content":{"rendered":"<p>&nbsp;<\/p>\n<h2>No hay necesidad de sacar las garras: \u00a1nadie va a molestar a un leopardo descansando!<\/h2>\n<ul>\n<li><strong>Dise\u00f1o 3D<\/strong>\u00a0para evitar la sensaci\u00f3n de presi\u00f3n en los ojos.<\/li>\n<\/ul>\n<ul>\n<li>Una m\u00e1scara<strong>\u00a0ligero y c\u00f3modo.<\/strong><\/li>\n<\/ul>\n<ul>\n<li>Nuestra banda\u00a0<strong><em>\"zen ajuste<\/em><\/strong>\u00a0que\u00a0<strong>se adapta a todos.<\/strong><\/li>\n<\/ul>\n<ul>\n<li>25 cm de largo y 9 cm de ancho.<\/li>\n<\/ul>\n<ul>\n<li><strong>ENTREGA EST\u00c1NDAR GRATUITA<\/strong><\/li>\n<\/ul>","protected":false},"excerpt":{"rendered":"<p>&nbsp; No hace falta sacar las garras, \u00a1nadie molestar\u00e1 a un leopardo descansando! Dise\u00f1o en 3D para que no sientas presi\u00f3n en los ojos. Una m\u00e1scara ligera y c\u00f3moda. Nuestra banda de \"ajuste zen\" que se adapta a todo el mundo. 25 cm de largo y 9 cm de ancho. ENTREGA EST\u00c1NDAR GRATUITA<\/p>","protected":false},"featured_media":13328,"comment_status":"open","ping_status":"closed","template":"","meta":{"_kad_blocks_custom_css":"","_kad_blocks_head_custom_js":"","_kad_blocks_body_custom_js":"","_kad_blocks_footer_custom_js":"","_kad_post_transparent":"","_kad_post_title":"","_kad_post_layout":"","_kad_post_sidebar_id":"","_kad_post_content_style":"","_kad_post_vertical_padding":"","_kad_post_feature":"","_kad_post_feature_position":"","_kad_post_header":false,"_kad_post_footer":false,"_kad_post_classname":""},"product_brand":[385],"product_cat":[394,404],"product_tag":[107],"class_list":{"0":"post-7055","1":"product","2":"type-product","3":"status-publish","4":"has-post-thumbnail","6":"product_brand-velartrip","7":"product_cat-masques-nuit","8":"product_cat-accessoires-voyage","9":"product_tag-nomade","11":"first","12":"instock","13":"taxable","14":"shipping-taxable","15":"purchasable","16":"product-type-simple","17":"entry","18":"content-bg","19":"loop-entry"},"taxonomy_info":{"product_brand":[{"value":385,"label":"VelarTrip"}],"product_cat":[{"value":394,"label":"Masques De Nuit"},{"value":404,"label":"Accessoires de Voyage"}],"product_tag":[{"value":107,"label":"Nomade"}]},"featured_image_src_large":["https:\/\/velartrip.com\/wp-content\/uploads\/2022\/05\/86.jpg",800,800,false],"author_info":[],"comment_info":4,"_links":{"self":[{"href":"https:\/\/velartrip.com\/es\/wp-json\/wp\/v2\/product\/7055","targetHints":{"allow":["GET"]}}],"collection":[{"href":"https:\/\/velartrip.com\/es\/wp-json\/wp\/v2\/product"}],"about":[{"href":"https:\/\/velartrip.com\/es\/wp-json\/wp\/v2\/types\/product"}],"replies":[{"embeddable":true,"href":"https:\/\/velartrip.com\/es\/wp-json\/wp\/v2\/comments?post=7055"}],"wp:featuredmedia":[{"embeddable":true,"href":"https:\/\/velartrip.com\/es\/wp-json\/wp\/v2\/media\/13328"}],"wp:attachment":[{"href":"https:\/\/velartrip.com\/es\/wp-json\/wp\/v2\/media?parent=7055"}],"wp:term":[{"taxonomy":"product_brand","embeddable":true,"href":"https:\/\/velartrip.com\/es\/wp-json\/wp\/v2\/product_brand?post=7055"},{"taxonomy":"product_cat","embeddable":true,"href":"https:\/\/velartrip.com\/es\/wp-json\/wp\/v2\/product_cat?post=7055"},{"taxonomy":"product_tag","embeddable":true,"href":"https:\/\/velartrip.com\/es\/wp-json\/wp\/v2\/product_tag?post=7055"}],"curies":[{"name":"wp","href":"https:\/\/api.w.org\/{rel}","templated":true}]}}