{"id":7171,"date":"2020-06-17T23:28:32","date_gmt":"2020-06-17T23:28:32","guid":{"rendered":"https:\/\/velartrip.com\/?product=protege-passeport-br-world-trip"},"modified":"2025-03-22T23:58:37","modified_gmt":"2025-03-22T22:58:37","slug":"protege-passeport-mappemonde","status":"publish","type":"product","link":"https:\/\/velartrip.com\/es\/accessoires-pour-valise\/protege-passeports\/protege-passeport-mappemonde\/","title":{"rendered":"Funda para pasaporte Viaje al Mundo"},"content":{"rendered":"<h2>Plasme el esp\u00edritu de sus viajes con nuestra magn\u00edfica funda para pasaporte. Un dise\u00f1o de mapamundi para realzar su pasaporte \u2708\ufe0f<\/h2>\n<ul>\n<li>Cubra perfectamente su pasaporte.<\/li>\n<li>Ideal para evitar salpicaduras y ca\u00eddas.<\/li>\n<li>Composici\u00f3n: sint\u00e9tico.<\/li>\n<\/ul>","protected":false},"excerpt":{"rendered":"<p>Encarna tu esp\u00edritu viajero con nuestra magn\u00edfica funda para pasaporte a juego con tus viajes. Un dise\u00f1o de mapa del mundo para realzar su pasaporte \u2708\ufe0f Cubre perfectamente su pasaporte. Ideal para proteger su pasaporte de salpicaduras y ca\u00eddas. Composici\u00f3n: sint\u00e9tico.<\/p>","protected":false},"featured_media":12958,"comment_status":"open","ping_status":"closed","template":"","meta":{"_kad_blocks_custom_css":"","_kad_blocks_head_custom_js":"","_kad_blocks_body_custom_js":"","_kad_blocks_footer_custom_js":"","_kad_post_transparent":"","_kad_post_title":"","_kad_post_layout":"","_kad_post_sidebar_id":"","_kad_post_content_style":"","_kad_post_vertical_padding":"","_kad_post_feature":"","_kad_post_feature_position":"","_kad_post_header":false,"_kad_post_footer":false,"_kad_post_classname":""},"product_brand":[385],"product_cat":[395,618],"product_tag":[216],"class_list":{"0":"post-7171","1":"product","2":"type-product","3":"status-publish","4":"has-post-thumbnail","6":"product_brand-velartrip","7":"product_cat-protege-passeports","8":"product_cat-accessoires-pour-valise","9":"product_tag-carte","11":"first","12":"instock","13":"taxable","14":"shipping-taxable","15":"purchasable","16":"product-type-variable","17":"entry","18":"content-bg","19":"loop-entry"},"taxonomy_info":{"product_brand":[{"value":385,"label":"VelarTrip"}],"product_cat":[{"value":395,"label":"Prot\u00e8ge-Passeports"},{"value":618,"label":"Accessoires pour Valise"}],"product_tag":[{"value":216,"label":"Carte"}]},"featured_image_src_large":["https:\/\/velartrip.com\/wp-content\/uploads\/2022\/04\/1005003678849404_images_626689912ce1b_3.webp",800,800,false],"author_info":[],"comment_info":5,"_links":{"self":[{"href":"https:\/\/velartrip.com\/es\/wp-json\/wp\/v2\/product\/7171","targetHints":{"allow":["GET"]}}],"collection":[{"href":"https:\/\/velartrip.com\/es\/wp-json\/wp\/v2\/product"}],"about":[{"href":"https:\/\/velartrip.com\/es\/wp-json\/wp\/v2\/types\/product"}],"replies":[{"embeddable":true,"href":"https:\/\/velartrip.com\/es\/wp-json\/wp\/v2\/comments?post=7171"}],"wp:featuredmedia":[{"embeddable":true,"href":"https:\/\/velartrip.com\/es\/wp-json\/wp\/v2\/media\/12958"}],"wp:attachment":[{"href":"https:\/\/velartrip.com\/es\/wp-json\/wp\/v2\/media?parent=7171"}],"wp:term":[{"taxonomy":"product_brand","embeddable":true,"href":"https:\/\/velartrip.com\/es\/wp-json\/wp\/v2\/product_brand?post=7171"},{"taxonomy":"product_cat","embeddable":true,"href":"https:\/\/velartrip.com\/es\/wp-json\/wp\/v2\/product_cat?post=7171"},{"taxonomy":"product_tag","embeddable":true,"href":"https:\/\/velartrip.com\/es\/wp-json\/wp\/v2\/product_tag?post=7171"}],"curies":[{"name":"wp","href":"https:\/\/api.w.org\/{rel}","templated":true}]}}