{"id":7188,"date":"2020-06-18T20:09:33","date_gmt":"2020-06-18T20:09:33","guid":{"rendered":"https:\/\/velartrip.com\/?product=etiquette-bagage-br-feerique"},"modified":"2022-11-10T15:49:52","modified_gmt":"2022-11-10T14:49:52","slug":"etiquette-valise-licorne","status":"publish","type":"product","link":"https:\/\/velartrip.com\/es\/accessoires-pour-valise\/etiquettes-bagages\/etiquette-valise-licorne\/","title":{"rendered":"Etiqueta de equipaje de hada"},"content":{"rendered":"<p>&nbsp;<\/p>\n<h2>Cuenta la leyenda que el unicornio es el guardi\u00e1n del bosque. Eche un vistazo a nuestra etiqueta de equipaje con el dise\u00f1o floral de este animal m\u00e1gico.<\/h2>\n<ul>\n<li>\u00datil para aeropuertos y compa\u00f1\u00edas a\u00e9reas\u00a0<em>(Thomas, del equipo, consigui\u00f3 encontrar su equipaje a la vuelta de Tailandia gracias a su etiqueta \ud83c\udff7\ufe0f)<\/em><\/li>\n<li><strong>Se fija r\u00e1pidamente<\/strong>\u00a0y f\u00e1cilmente.<\/li>\n<li>Dise\u00f1ado para\u00a0<strong>todo tipo de equipaje<\/strong>\u00a0(manos, bolsa de viaje, maleta de mano, mochila, etc.)<\/li>\n<li>Composici\u00f3n: sint\u00e9tico<\/li>\n<\/ul>\n<ul>\n<li><strong>aENTREGA EST\u00c1NDAR GRATUITA<\/strong><\/li>\n<\/ul>","protected":false},"excerpt":{"rendered":"<p>&nbsp; Cuenta la leyenda que el Unicornio es el guardi\u00e1n del bosque. Descubre nuestra etiqueta de equipaje con este m\u00e1gico animal con dise\u00f1o floral. \u00datil para aeropuertos y aerol\u00edneas (Thomas en el equipo logr\u00f3 encontrar su equipaje al regresar de Tailandia gracias a su etiqueta \ud83c\udff7\ufe0f) Se fija r\u00e1pida y f\u00e1cilmente. Dise\u00f1ado\u2026<\/p>","protected":false},"featured_media":13311,"comment_status":"open","ping_status":"closed","template":"","meta":{"_kad_blocks_custom_css":"","_kad_blocks_head_custom_js":"","_kad_blocks_body_custom_js":"","_kad_blocks_footer_custom_js":"","_kad_post_transparent":"","_kad_post_title":"","_kad_post_layout":"","_kad_post_sidebar_id":"","_kad_post_content_style":"","_kad_post_vertical_padding":"","_kad_post_feature":"","_kad_post_feature_position":"","_kad_post_header":false,"_kad_post_footer":false,"_kad_post_classname":""},"product_brand":[385],"product_cat":[618,397],"product_tag":[227],"class_list":{"0":"post-7188","1":"product","2":"type-product","3":"status-publish","4":"has-post-thumbnail","6":"product_brand-velartrip","7":"product_cat-accessoires-pour-valise","8":"product_cat-etiquettes-bagages","9":"product_tag-licorne","11":"first","12":"instock","13":"taxable","14":"shipping-taxable","15":"purchasable","16":"product-type-simple","17":"entry","18":"content-bg","19":"loop-entry"},"taxonomy_info":{"product_brand":[{"value":385,"label":"VelarTrip"}],"product_cat":[{"value":618,"label":"Accessoires pour Valise"},{"value":397,"label":"\u00c9tiquette Bagage"}],"product_tag":[{"value":227,"label":"Licorne"}]},"featured_image_src_large":["https:\/\/velartrip.com\/wp-content\/uploads\/2022\/05\/Sans-titre-3.jpg",800,800,false],"author_info":[],"comment_info":5,"_links":{"self":[{"href":"https:\/\/velartrip.com\/es\/wp-json\/wp\/v2\/product\/7188","targetHints":{"allow":["GET"]}}],"collection":[{"href":"https:\/\/velartrip.com\/es\/wp-json\/wp\/v2\/product"}],"about":[{"href":"https:\/\/velartrip.com\/es\/wp-json\/wp\/v2\/types\/product"}],"replies":[{"embeddable":true,"href":"https:\/\/velartrip.com\/es\/wp-json\/wp\/v2\/comments?post=7188"}],"wp:featuredmedia":[{"embeddable":true,"href":"https:\/\/velartrip.com\/es\/wp-json\/wp\/v2\/media\/13311"}],"wp:attachment":[{"href":"https:\/\/velartrip.com\/es\/wp-json\/wp\/v2\/media?parent=7188"}],"wp:term":[{"taxonomy":"product_brand","embeddable":true,"href":"https:\/\/velartrip.com\/es\/wp-json\/wp\/v2\/product_brand?post=7188"},{"taxonomy":"product_cat","embeddable":true,"href":"https:\/\/velartrip.com\/es\/wp-json\/wp\/v2\/product_cat?post=7188"},{"taxonomy":"product_tag","embeddable":true,"href":"https:\/\/velartrip.com\/es\/wp-json\/wp\/v2\/product_tag?post=7188"}],"curies":[{"name":"wp","href":"https:\/\/api.w.org\/{rel}","templated":true}]}}