{"id":7659,"date":"2020-08-08T19:06:38","date_gmt":"2020-08-08T19:06:38","guid":{"rendered":"https:\/\/velartrip.com\/?product=protege-passeport-br-mandala"},"modified":"2024-12-04T09:30:28","modified_gmt":"2024-12-04T08:30:28","slug":"protege-passeport-mandala","status":"publish","type":"product","link":"https:\/\/velartrip.com\/es\/accessoires-pour-valise\/protege-passeports\/protege-passeport-mandala\/","title":{"rendered":"Funda mandala para pasaporte"},"content":{"rendered":"<p>&nbsp;<\/p>\n<h2>\u00a1Nuestra magn\u00edfica funda de pasaporte Mandala y nada m\u00e1s para alegrar su viaje!<\/h2>\n<ul>\n<li><strong>Cobertura perfecta<\/strong>\u00a0su pasaporte.<\/li>\n<li>Ideal para evitar salpicaduras y ca\u00eddas.<\/li>\n<li>Composici\u00f3n: sint\u00e9tico.<\/li>\n<\/ul>","protected":false},"excerpt":{"rendered":"<p>&nbsp; Nuestra magn\u00edfica funda de pasaporte Mandala es justo lo que necesita para alegrar su viaje. Cubre perfectamente su pasaporte. Ideal para proteger su pasaporte de salpicaduras y ca\u00eddas. Composici\u00f3n: sint\u00e9tico.<\/p>","protected":false},"featured_media":12968,"comment_status":"open","ping_status":"closed","template":"","meta":{"_kad_blocks_custom_css":"","_kad_blocks_head_custom_js":"","_kad_blocks_body_custom_js":"","_kad_blocks_footer_custom_js":"","_kad_post_transparent":"","_kad_post_title":"","_kad_post_layout":"","_kad_post_sidebar_id":"","_kad_post_content_style":"","_kad_post_vertical_padding":"","_kad_post_feature":"","_kad_post_feature_position":"","_kad_post_header":false,"_kad_post_footer":false,"_kad_post_classname":""},"product_brand":[385],"product_cat":[395,618],"product_tag":[],"class_list":{"0":"post-7659","1":"product","2":"type-product","3":"status-publish","4":"has-post-thumbnail","6":"product_brand-velartrip","7":"product_cat-protege-passeports","8":"product_cat-accessoires-pour-valise","10":"first","11":"instock","12":"taxable","13":"shipping-taxable","14":"purchasable","15":"product-type-simple","16":"entry","17":"content-bg","18":"loop-entry"},"taxonomy_info":{"product_brand":[{"value":385,"label":"VelarTrip"}],"product_cat":[{"value":395,"label":"Prot\u00e8ge-Passeports"},{"value":618,"label":"Accessoires pour Valise"}]},"featured_image_src_large":["https:\/\/velartrip.com\/wp-content\/uploads\/2022\/04\/16.jpg",800,800,false],"author_info":[],"comment_info":5,"_links":{"self":[{"href":"https:\/\/velartrip.com\/es\/wp-json\/wp\/v2\/product\/7659","targetHints":{"allow":["GET"]}}],"collection":[{"href":"https:\/\/velartrip.com\/es\/wp-json\/wp\/v2\/product"}],"about":[{"href":"https:\/\/velartrip.com\/es\/wp-json\/wp\/v2\/types\/product"}],"replies":[{"embeddable":true,"href":"https:\/\/velartrip.com\/es\/wp-json\/wp\/v2\/comments?post=7659"}],"wp:featuredmedia":[{"embeddable":true,"href":"https:\/\/velartrip.com\/es\/wp-json\/wp\/v2\/media\/12968"}],"wp:attachment":[{"href":"https:\/\/velartrip.com\/es\/wp-json\/wp\/v2\/media?parent=7659"}],"wp:term":[{"taxonomy":"product_brand","embeddable":true,"href":"https:\/\/velartrip.com\/es\/wp-json\/wp\/v2\/product_brand?post=7659"},{"taxonomy":"product_cat","embeddable":true,"href":"https:\/\/velartrip.com\/es\/wp-json\/wp\/v2\/product_cat?post=7659"},{"taxonomy":"product_tag","embeddable":true,"href":"https:\/\/velartrip.com\/es\/wp-json\/wp\/v2\/product_tag?post=7659"}],"curies":[{"name":"wp","href":"https:\/\/api.w.org\/{rel}","templated":true}]}}