{"id":7826,"date":"2020-09-25T11:36:45","date_gmt":"2020-09-25T11:36:45","guid":{"rendered":"https:\/\/velartrip.com\/?product=protege-passeport-br-automne"},"modified":"2024-12-04T09:30:05","modified_gmt":"2024-12-04T08:30:05","slug":"protege-passeport-automne","status":"publish","type":"product","link":"https:\/\/velartrip.com\/es\/accessoires-pour-valise\/protege-passeports\/protege-passeport-automne\/","title":{"rendered":"Funda de pasaporte de oto\u00f1o"},"content":{"rendered":"<h2>Las hojas oto\u00f1ales empiezan a caer, as\u00ed que una bufanda y un chocolate caliente ser\u00e1n muy bienvenidos en esta \u00e9poca del a\u00f1o.<\/h2>\n<h3>\u00a1Nuestro gato Marco te lo puede decir! \ud83d\udc31<\/h3>\n<ul>\n<li><strong>Cobertura perfecta<\/strong>\u00a0su pasaporte.<\/li>\n<li>Ideal para evitar salpicaduras y ca\u00eddas.<\/li>\n<li>Composici\u00f3n: sint\u00e9tico.<\/li>\n<\/ul>","protected":false},"excerpt":{"rendered":"<p>Les feuilles d\u2019automne commencent \u00e0 tomber, une \u00e9charpe et un chocolat chaud seront les bienvenus pour cette saison. Notre chat Marco pourra te le dire ! \ud83d\udc31 Couvre parfaitement\u00a0ton passeport. Id\u00e9al contre les risques d&rsquo;\u00e9claboussures et de chutes. Composition : synth\u00e9tique.<\/p>","protected":false},"featured_media":13220,"comment_status":"open","ping_status":"closed","template":"","meta":{"_kad_blocks_custom_css":"","_kad_blocks_head_custom_js":"","_kad_blocks_body_custom_js":"","_kad_blocks_footer_custom_js":"","_kad_post_transparent":"","_kad_post_title":"","_kad_post_layout":"","_kad_post_sidebar_id":"","_kad_post_content_style":"","_kad_post_vertical_padding":"","_kad_post_feature":"","_kad_post_feature_position":"","_kad_post_header":false,"_kad_post_footer":false,"_kad_post_classname":""},"product_brand":[385],"product_cat":[618,395],"product_tag":[180],"class_list":{"0":"post-7826","1":"product","2":"type-product","3":"status-publish","4":"has-post-thumbnail","6":"product_brand-velartrip","7":"product_cat-accessoires-pour-valise","8":"product_cat-protege-passeports","9":"product_tag-chat","11":"first","12":"instock","13":"taxable","14":"shipping-taxable","15":"purchasable","16":"product-type-simple","17":"entry","18":"content-bg","19":"loop-entry"},"taxonomy_info":{"product_brand":[{"value":385,"label":"VelarTrip"}],"product_cat":[{"value":618,"label":"Accessoires pour Valise"},{"value":395,"label":"Prot\u00e8ge-Passeports"}],"product_tag":[{"value":180,"label":"Chat"}]},"featured_image_src_large":["https:\/\/velartrip.com\/wp-content\/uploads\/2022\/04\/22.jpg",800,800,false],"author_info":[],"comment_info":5,"_links":{"self":[{"href":"https:\/\/velartrip.com\/es\/wp-json\/wp\/v2\/product\/7826","targetHints":{"allow":["GET"]}}],"collection":[{"href":"https:\/\/velartrip.com\/es\/wp-json\/wp\/v2\/product"}],"about":[{"href":"https:\/\/velartrip.com\/es\/wp-json\/wp\/v2\/types\/product"}],"replies":[{"embeddable":true,"href":"https:\/\/velartrip.com\/es\/wp-json\/wp\/v2\/comments?post=7826"}],"wp:featuredmedia":[{"embeddable":true,"href":"https:\/\/velartrip.com\/es\/wp-json\/wp\/v2\/media\/13220"}],"wp:attachment":[{"href":"https:\/\/velartrip.com\/es\/wp-json\/wp\/v2\/media?parent=7826"}],"wp:term":[{"taxonomy":"product_brand","embeddable":true,"href":"https:\/\/velartrip.com\/es\/wp-json\/wp\/v2\/product_brand?post=7826"},{"taxonomy":"product_cat","embeddable":true,"href":"https:\/\/velartrip.com\/es\/wp-json\/wp\/v2\/product_cat?post=7826"},{"taxonomy":"product_tag","embeddable":true,"href":"https:\/\/velartrip.com\/es\/wp-json\/wp\/v2\/product_tag?post=7826"}],"curies":[{"name":"wp","href":"https:\/\/api.w.org\/{rel}","templated":true}]}}