{"id":7942,"date":"2020-12-12T18:55:30","date_gmt":"2020-12-12T18:55:30","guid":{"rendered":"https:\/\/velartrip.com\/?product=pochette-etanche-br-hawai"},"modified":"2025-11-06T16:29:52","modified_gmt":"2025-11-06T15:29:52","slug":"pochette-etanche","status":"publish","type":"product","link":"https:\/\/velartrip.com\/es\/accessoires-pratiques\/pochette-etanche\/","title":{"rendered":"Bolsa impermeable Hawaii"},"content":{"rendered":"<h2>Nuestra bolsa hawaiana impermeable le acompa\u00f1ar\u00e1 en todos sus viajes, ya sea en pa\u00edses tropicales o en las pistas de esqu\u00ed.<\/h2>\n<ul>\n<li>Dise\u00f1ado por viajeros para viajeros<\/li>\n<li><strong>Bolsa estanca 100%<\/strong> para proteger no s\u00f3lo su smartphone, sino tambi\u00e9n su <strong>documentos m\u00e1s valiosos<\/strong> (tarjeta bancaria, dinero, pasaporte...)<\/li>\n<li>Resistente hasta <strong>30 metros de profundidad<\/strong> para todas sus salidas al mar<\/li>\n<li>Bordes suaves y flexibles para facilitar la fotograf\u00eda submarina<\/li>\n<li><strong>Tacto preservado<\/strong> incluso cuando est\u00e1 mojado<\/li>\n<li>Correa de seguridad incluida<\/li>\n<\/ul>\n<p>\u2744\ufe0f Tambi\u00e9n se puede utilizar contra la nieve<\/p>\n<p><span style=\"text-decoration: underline;\">Especificaciones t\u00e9cnicas : <\/span><\/p>\n<p>Altura: 20 cm<\/p>\n<p>Anchura: 12,4 cm<\/p>","protected":false},"excerpt":{"rendered":"<p>Notre pochette \u00e9tanche Hawa\u00ef accompagnera tous tes voyages que ce soit dans les pays tropicaux ou au ski Con\u00e7u par les voyages et pour les voyages Pochette\u00a0100% \u00e9tanche pour prot\u00e9ger\u00a0ton smartphone, mais aussi vos documents les plus pr\u00e9cieux (carte bancaire, argent, passeport&#8230;) R\u00e9sistant jusqu&rsquo;\u00e0 30 m\u00e8tres de profondeur pour toutes\u00a0les\u00a0sorties en mer ! Bords lisses&#8230;<\/p>","protected":false},"featured_media":13208,"comment_status":"open","ping_status":"closed","template":"","meta":{"_kad_blocks_custom_css":"","_kad_blocks_head_custom_js":"","_kad_blocks_body_custom_js":"","_kad_blocks_footer_custom_js":"","_kad_post_transparent":"","_kad_post_title":"","_kad_post_layout":"","_kad_post_sidebar_id":"","_kad_post_content_style":"","_kad_post_vertical_padding":"","_kad_post_feature":"","_kad_post_feature_position":"","_kad_post_header":false,"_kad_post_footer":false,"_kad_post_classname":""},"product_brand":[385],"product_cat":[386,388],"product_tag":[],"class_list":{"0":"post-7942","1":"product","2":"type-product","3":"status-publish","4":"has-post-thumbnail","6":"product_brand-velartrip","7":"product_cat-accessoires-pratiques","8":"product_cat-nouveautes","10":"first","11":"instock","12":"taxable","13":"shipping-taxable","14":"purchasable","15":"product-type-variable","16":"has-default-attributes","17":"entry","18":"content-bg","19":"loop-entry"},"taxonomy_info":{"product_brand":[{"value":385,"label":"VelarTrip"}],"product_cat":[{"value":386,"label":"Accessoires Pratiques"},{"value":388,"label":"Nouveaut\u00e9s"}]},"featured_image_src_large":["https:\/\/velartrip.com\/wp-content\/uploads\/2022\/04\/pochette-e\u0301tanche-vert-pastel-velartrip.jpg",800,800,false],"author_info":[],"comment_info":7,"_links":{"self":[{"href":"https:\/\/velartrip.com\/es\/wp-json\/wp\/v2\/product\/7942","targetHints":{"allow":["GET"]}}],"collection":[{"href":"https:\/\/velartrip.com\/es\/wp-json\/wp\/v2\/product"}],"about":[{"href":"https:\/\/velartrip.com\/es\/wp-json\/wp\/v2\/types\/product"}],"replies":[{"embeddable":true,"href":"https:\/\/velartrip.com\/es\/wp-json\/wp\/v2\/comments?post=7942"}],"wp:featuredmedia":[{"embeddable":true,"href":"https:\/\/velartrip.com\/es\/wp-json\/wp\/v2\/media\/13208"}],"wp:attachment":[{"href":"https:\/\/velartrip.com\/es\/wp-json\/wp\/v2\/media?parent=7942"}],"wp:term":[{"taxonomy":"product_brand","embeddable":true,"href":"https:\/\/velartrip.com\/es\/wp-json\/wp\/v2\/product_brand?post=7942"},{"taxonomy":"product_cat","embeddable":true,"href":"https:\/\/velartrip.com\/es\/wp-json\/wp\/v2\/product_cat?post=7942"},{"taxonomy":"product_tag","embeddable":true,"href":"https:\/\/velartrip.com\/es\/wp-json\/wp\/v2\/product_tag?post=7942"}],"curies":[{"name":"wp","href":"https:\/\/api.w.org\/{rel}","templated":true}]}}