{"id":7955,"date":"2020-12-30T12:22:05","date_gmt":"2020-12-30T12:22:05","guid":{"rendered":"https:\/\/velartrip.com\/?product=cadenas-digital-br-alcatraz"},"modified":"2024-12-04T09:29:55","modified_gmt":"2024-12-04T08:29:55","slug":"cadenas-empreinte-digital","status":"publish","type":"product","link":"https:\/\/velartrip.com\/es\/accessoires-pratiques\/cadenas-empreinte-digital\/","title":{"rendered":"Candado digital Alcatraz"},"content":{"rendered":"<h2>\u00a1Nuestro candado digital Alcatraz ser\u00e1 su mejor compa\u00f1ero en todos sus viajes! No m\u00e1s c\u00f3digos, \u00a1s\u00f3lo tu dedo!<\/h2>\n<ul>\n<li><strong>0,5 segundos<\/strong> son suficientes para\u00a0<strong>desbloquear<\/strong> nuestro candado<\/li>\n<li>Confort ante todo, con <strong><span style=\"text-decoration: underline;\">10 huellas almacenables<\/span><\/strong><\/li>\n<li>Una bater\u00eda recargable con <strong>1 a\u00f1o de autonom\u00eda<\/strong><\/li>\n<li><strong>Resistente a la lluvia y al polvo<\/strong> con norma IP62<\/li>\n<li>Un peso similar al de un candado tradicional con <strong>s\u00f3lo 90 g<\/strong><\/li>\n<\/ul>\n<h2 style=\"text-align: center;\"><span style=\"color: #82d5c7;\"><strong>\u00bfPor qu\u00e9 elegir un candado con huella dactilar?<\/strong><\/span><\/h2>\n<p>A diferencia de los candados TSA, los candados digitales ofrecen mayor seguridad. Como vimos juntos en el art\u00edculo sobre c\u00f3mo desbloquear tu maleta codificada.<\/p>\n<p>Las claves de la TSA de los aduaneros de EEUU se \"filtraron\" en la Red en 2014<\/p>\n<p>Hoy en d\u00eda, los candados electr\u00f3nicos de huellas dactilares ofrecen mayor seguridad por 2 razones:<\/p>\n<ul>\n<li>Tus dedos se convierten ahora en llaves para abrir el candado<\/li>\n<li>Se acabaron los problemas de cerraduras agarrotadas que imposibilitan el desbloqueo<\/li>\n<\/ul>\n<p>Nuestro candado de reconocimiento digital Alcatraz es un accesorio de \u00faltima generaci\u00f3n con una de las bater\u00edas de mayor duraci\u00f3n del mercado.<\/p>\n<h3><span style=\"color: #db7c46;\">Preguntas frecuentes de nuestros clientes\u00a0<\/span><\/h3>\n<h4 class=\"detailmodule_text\">1- \u00bfQu\u00e9 ocurre si no se puede identificar la huella dactilar?<\/h4>\n<div class=\"detailmodule_text\">\n<p class=\"detail-desc-decorate-content\" data-spm-anchor-id=\"a2g0o.detail.1000023.i2.961c2ed7KgFBzl\">Por lo general, debido al desgaste de las huellas dactilares, ara\u00f1azos, dedos sucios y h\u00famedos o la ventana de recogida de huellas dactilares con manchas y gotas de agua, la identificaci\u00f3n de huellas dactilares falla.Es necesario asegurarse de que sus dedos y <strong>la ventana de huellas dactilares est\u00e9n limpias y secas<\/strong>. Si tienes ara\u00f1azos en uno de tus dedos, te recomendamos que cojas al menos <strong>3 registros de huellas dactilares<\/strong> despu\u00e9s de la compra.<\/p>\n<\/div>\n<div class=\"detailmodule_text\">\n<h4 class=\"detail-desc-decorate-title\">2 - \u00bfC\u00f3mo desbloqueo el candado si la bater\u00eda est\u00e1 agotada?<\/h4>\n<p class=\"detail-desc-decorate-content\">Conecte el puerto de carga con Micro USB, la luz roja se enciende, indicando que se est\u00e1 cargando.Durante la carga, se puede desbloquear normalmente. Cuando la luz indicadora est\u00e1 apagada, indica que est\u00e1 completamente cargada.<\/p>\n<\/div>\n<div class=\"detailmodule_text-image\" style=\"text-align: start;\">\n<h4 class=\"detail-desc-decorate-title\">3 - \u00bfHay un indicador luminoso de bater\u00eda baja?<\/h4>\n<p class=\"detail-desc-decorate-content\">Cuando la bater\u00eda est\u00e1 baja, el LED rojo parpadea despu\u00e9s del desbloqueo.<\/p>\n<p class=\"detail-desc-decorate-content\"><img decoding=\"async\" style=\"float: none;\" src=\"https:\/\/velartrip.com\/wp-content\/uploads\/content\/temoin_de_batterie_faible_600x600.jpg\" alt=\"indicador luminoso rojo\" width=\"600x600\" height=\"600x600\" \/><\/p>\n<\/div>\n<div class=\"detailmodule_text\" style=\"text-align: start;\">\n<h4 class=\"detail-desc-decorate-title\">4 - \u00bfEs posible desbloquear el candado sin bater\u00eda?<\/h4>\n<p data-spm-anchor-id=\"a2g0o.detail.1000023.i4.961c2ed7KgFBzl\">No, no es posible desbloquear el candado con la bater\u00eda descargada.<\/p>\n<p data-spm-anchor-id=\"a2g0o.detail.1000023.i4.961c2ed7KgFBzl\">Si esto ocurre, puedes utilizar un banco de energ\u00eda m\u00f3vil para cargar temporalmente la cerradura.<span data-mce-fragment=\"1\">mostrar\u00e1 una luz roja y podr\u00e1 desbloquearse en ese momento.<\/span><\/p>\n<h4 data-spm-anchor-id=\"a2g0o.detail.1000023.i4.961c2ed7KgFBzl\"><span data-mce-fragment=\"1\">5 - \u00bfExiste un manual de instrucciones para el candado?<\/span><\/h4>\n<p><span data-mce-fragment=\"1\">S\u00ed, viene con un cable USB para cargarlo en la caja.<\/span><\/p>\n<p><span data-mce-fragment=\"1\"><img decoding=\"async\" style=\"float: none;\" src=\"https:\/\/velartrip.com\/wp-content\/uploads\/content\/cadenas_a__empreintes_digitales_600x600.jpg\" alt=\"Cable USB para candados de huellas dactilares\" width=\"600x600\" height=\"600x600\" \/><\/span><\/p>\n<\/div>","protected":false},"excerpt":{"rendered":"<p>\u00a1Nuestra cerradura digital Alcatraz ser\u00e1 tu mejor compa\u00f1era en todos tus viajes! \u00a1No m\u00e1s c\u00f3digo, s\u00f3lo tu dedo! 0,5 segundos son suficientes para desbloquear nuestro candado Comodidad ante todo, con 10 huellas dactilares almacenables Una bater\u00eda recargable con 1 a\u00f1o de autonom\u00eda Resistente a la lluvia y al polvo con el est\u00e1ndar IP62 Un peso similar\u2026<\/p>","protected":false},"featured_media":13779,"comment_status":"open","ping_status":"closed","template":"","meta":{"_kad_blocks_custom_css":"","_kad_blocks_head_custom_js":"","_kad_blocks_body_custom_js":"","_kad_blocks_footer_custom_js":"","_kad_post_transparent":"","_kad_post_title":"","_kad_post_layout":"","_kad_post_sidebar_id":"","_kad_post_content_style":"","_kad_post_vertical_padding":"","_kad_post_feature":"","_kad_post_feature_position":"","_kad_post_header":false,"_kad_post_footer":false,"_kad_post_classname":""},"product_brand":[385],"product_cat":[386],"product_tag":[],"class_list":{"0":"post-7955","1":"product","2":"type-product","3":"status-publish","4":"has-post-thumbnail","6":"product_brand-velartrip","7":"product_cat-accessoires-pratiques","9":"first","10":"instock","11":"taxable","12":"shipping-taxable","13":"purchasable","14":"product-type-variable","15":"entry","16":"content-bg","17":"loop-entry"},"taxonomy_info":{"product_brand":[{"value":385,"label":"VelarTrip"}],"product_cat":[{"value":386,"label":"Accessoires Pratiques"}]},"featured_image_src_large":["https:\/\/velartrip.com\/wp-content\/uploads\/2020\/12\/1.jpg",800,800,false],"author_info":[],"comment_info":7,"_links":{"self":[{"href":"https:\/\/velartrip.com\/es\/wp-json\/wp\/v2\/product\/7955","targetHints":{"allow":["GET"]}}],"collection":[{"href":"https:\/\/velartrip.com\/es\/wp-json\/wp\/v2\/product"}],"about":[{"href":"https:\/\/velartrip.com\/es\/wp-json\/wp\/v2\/types\/product"}],"replies":[{"embeddable":true,"href":"https:\/\/velartrip.com\/es\/wp-json\/wp\/v2\/comments?post=7955"}],"wp:featuredmedia":[{"embeddable":true,"href":"https:\/\/velartrip.com\/es\/wp-json\/wp\/v2\/media\/13779"}],"wp:attachment":[{"href":"https:\/\/velartrip.com\/es\/wp-json\/wp\/v2\/media?parent=7955"}],"wp:term":[{"taxonomy":"product_brand","embeddable":true,"href":"https:\/\/velartrip.com\/es\/wp-json\/wp\/v2\/product_brand?post=7955"},{"taxonomy":"product_cat","embeddable":true,"href":"https:\/\/velartrip.com\/es\/wp-json\/wp\/v2\/product_cat?post=7955"},{"taxonomy":"product_tag","embeddable":true,"href":"https:\/\/velartrip.com\/es\/wp-json\/wp\/v2\/product_tag?post=7955"}],"curies":[{"name":"wp","href":"https:\/\/api.w.org\/{rel}","templated":true}]}}