{"id":7998,"date":"2021-01-08T08:50:20","date_gmt":"2021-01-08T08:50:20","guid":{"rendered":"https:\/\/velartrip.com\/?product=bouteille-isotherme-intelligente-br-atlantique"},"modified":"2024-12-04T09:29:55","modified_gmt":"2024-12-04T08:29:55","slug":"bouteille-isotherme-intelligente","status":"publish","type":"product","link":"https:\/\/velartrip.com\/es\/accessoires-pratiques\/bouteille-isotherme-intelligente\/","title":{"rendered":"Botella aislante Atlantic Smart"},"content":{"rendered":"<h2>Convi\u00e9rtete en un viajero ecorresponsable sustituyendo tus botellas de pl\u00e1stico por una Botella Aislante Inteligente Atlantic.<\/h2>\n<ul>\n<li><span style=\"text-decoration: underline;\"><strong>Capacidad de 500 ml<\/strong><\/span> \u00a1para saciar tu sed!<\/li>\n<li>Sus bebidas <strong>siempre estar\u00e1 a la temperatura adecuada<\/strong> gracias a nuestro sensor digital inteligente<\/li>\n<li>T\u00e9, agua, caf\u00e9... Todos sus <strong>las bebidas favoritas son compatibles<\/strong> con nuestra botella de agua.<\/li>\n<li>\u00a1Se acab\u00f3 el riesgo de caerse! Nuestras botellas est\u00e1n equipadas con un <strong>empu\u00f1adura protectora de silicona<\/strong>.<\/li>\n<li>\u00bfLe gusta el t\u00e9? A <strong>filtro de acero inoxidable<\/strong> se incluye con nuestra botella.<\/li>\n<li>5 a\u00f1os viajando sin parar con su <strong>bater\u00eda de larga duraci\u00f3n<\/strong> (puede sustituirse posteriormente)<\/li>\n<li><strong><span style=\"text-decoration: underline;\">Sin riesgo para la salud<\/span><\/strong> con nuestro tratamiento de acero inoxidable de calidad alimentaria en el interior de la botella.<\/li>\n<li><strong>12 horas de calor constante<\/strong> para su caf\u00e9 o t\u00e9 favorito<\/li>\n<\/ul>\n<p><span style=\"text-decoration: underline;\">Caracter\u00edsticas<\/span> :<\/p>\n<ul>\n<li>Altura: 23,5 cm<\/li>\n<li>Anchura: 6,5 cm<\/li>\n<\/ul>\n<h2 style=\"text-align: center;\"><span style=\"color: #db7c46;\">\u00bfPor qu\u00e9 viajar con una botella isot\u00e9rmica atl\u00e1ntica?<\/span><\/h2>\n<p>\u00bfNo est\u00e1 seguro de si este producto le resultar\u00e1 \u00fatil? \u00bfNo entiende para qu\u00e9 sirve una botella isot\u00e9rmica?<\/p>\n<p>Si es as\u00ed, no te asustes, te lo explicamos todo. Tenga en cuenta que para obtener m\u00e1s informaci\u00f3n puede consultar nuestro art\u00edculo de blog sobre el<a href=\"https:\/\/velartrip.com\/es\/prendre-gourde-avion\/\">Las reglas sobre las botellas de agua en el avi\u00f3n.<\/a><\/p>\n<p>Inicialmente, si desea :<\/p>\n<p>\u2705 <strong>Ahorra hasta 468<\/strong> botellas de pl\u00e1stico desechables al a\u00f1o.<\/p>\n<p>\u2705 Mant\u00e9n caliente el caf\u00e9 o el t\u00e9 durante m\u00e1s de 2 horas.<\/p>\n<p>\u2705 Stop <strong>consumo de sustancias t\u00f3xicas<\/strong> de pl\u00e1stico.<\/p>\n<p>\u2705 <strong>Limite su impacto ecol\u00f3gico<\/strong> del planeta, con una reducci\u00f3n de unas 1.000 botellas de pl\u00e1stico al a\u00f1o.<\/p>\n<p>\u2705 <strong>Preservar el mundo<\/strong> para tu familia.<\/p>\n<p>Entonces, \u00a1este es su producto!<\/p>\n<h3>\u00bfPuedo pasar con mi botella isot\u00e9rmica los controles de seguridad?<\/h3>\n<p>S\u00ed, por supuesto. Pero aseg\u00farate de que est\u00e9 vac\u00edo en ese momento.<span style=\"font-family: -apple-system, BlinkMacSystemFont, 'San Francisco', 'Segoe UI', Roboto, 'Helvetica Neue', sans-serif; font-size: 1.4em;\">.<\/span><\/p>\n<h3>\u00bfPor qu\u00e9 elegir botellas isot\u00e9rmicas de acero inoxidable para uso alimentario?<\/h3>\n<p>Mucho m\u00e1s duradera que las botellas de agua de pl\u00e1stico o bamb\u00fa, tu botella de acero inoxidable te acompa\u00f1ar\u00e1 en todas tus aventuras por el mundo.<\/p>\n<h3>\u00bfC\u00f3mo limpio mi botella isot\u00e9rmica?<\/h3>\n<p>Despu\u00e9s de cada uso, se recomienda utilizar un cepillo de silicona para eliminar los residuos y dep\u00f3sitos que puedan quedar.<\/p>\n<h3>\u00bfC\u00f3mo funciona el sensor inteligente de control de temperatura?<\/h3>\n<p>Para utilizarlo, basta con tocar la tapa de la botella y aparecer\u00e1 la temperatura de la bebida.<\/p>","protected":false},"excerpt":{"rendered":"<p>Convi\u00e9rtete en un viajero ecol\u00f3gico reemplazando tus botellas de pl\u00e1stico con una botella t\u00e9rmica inteligente Atlantic. \u00a1Capacidad de 500 ml para saciar tu sed! Tus bebidas siempre estar\u00e1n a la temperatura adecuada gracias a nuestro sensor digital inteligente T\u00e9, agua, caf\u00e9... Todas tus bebidas favoritas son compatibles con nuestra botella. No m\u00e1s riesgos de\u2026<\/p>","protected":false},"featured_media":13179,"comment_status":"open","ping_status":"closed","template":"","meta":{"_kad_blocks_custom_css":"","_kad_blocks_head_custom_js":"","_kad_blocks_body_custom_js":"","_kad_blocks_footer_custom_js":"","_kad_post_transparent":"","_kad_post_title":"","_kad_post_layout":"","_kad_post_sidebar_id":"","_kad_post_content_style":"","_kad_post_vertical_padding":"","_kad_post_feature":"","_kad_post_feature_position":"","_kad_post_header":false,"_kad_post_footer":false,"_kad_post_classname":""},"product_brand":[385],"product_cat":[386],"product_tag":[],"class_list":{"0":"post-7998","1":"product","2":"type-product","3":"status-publish","4":"has-post-thumbnail","6":"product_brand-velartrip","7":"product_cat-accessoires-pratiques","9":"first","10":"instock","11":"taxable","12":"shipping-taxable","13":"purchasable","14":"product-type-variable","15":"entry","16":"content-bg","17":"loop-entry"},"taxonomy_info":{"product_brand":[{"value":385,"label":"VelarTrip"}],"product_cat":[{"value":386,"label":"Accessoires Pratiques"}]},"featured_image_src_large":["https:\/\/velartrip.com\/wp-content\/uploads\/2022\/04\/6-3.jpg",800,800,false],"author_info":[],"comment_info":6,"_links":{"self":[{"href":"https:\/\/velartrip.com\/es\/wp-json\/wp\/v2\/product\/7998","targetHints":{"allow":["GET"]}}],"collection":[{"href":"https:\/\/velartrip.com\/es\/wp-json\/wp\/v2\/product"}],"about":[{"href":"https:\/\/velartrip.com\/es\/wp-json\/wp\/v2\/types\/product"}],"replies":[{"embeddable":true,"href":"https:\/\/velartrip.com\/es\/wp-json\/wp\/v2\/comments?post=7998"}],"wp:featuredmedia":[{"embeddable":true,"href":"https:\/\/velartrip.com\/es\/wp-json\/wp\/v2\/media\/13179"}],"wp:attachment":[{"href":"https:\/\/velartrip.com\/es\/wp-json\/wp\/v2\/media?parent=7998"}],"wp:term":[{"taxonomy":"product_brand","embeddable":true,"href":"https:\/\/velartrip.com\/es\/wp-json\/wp\/v2\/product_brand?post=7998"},{"taxonomy":"product_cat","embeddable":true,"href":"https:\/\/velartrip.com\/es\/wp-json\/wp\/v2\/product_cat?post=7998"},{"taxonomy":"product_tag","embeddable":true,"href":"https:\/\/velartrip.com\/es\/wp-json\/wp\/v2\/product_tag?post=7998"}],"curies":[{"name":"wp","href":"https:\/\/api.w.org\/{rel}","templated":true}]}}