{"id":8068,"date":"2021-01-09T10:07:52","date_gmt":"2021-01-09T10:07:52","guid":{"rendered":"https:\/\/velartrip.com\/?product=bouteille-isotherme-br-mediterranee"},"modified":"2024-12-04T09:29:44","modified_gmt":"2024-12-04T08:29:44","slug":"bouteille-isotherme-tasse","status":"publish","type":"product","link":"https:\/\/velartrip.com\/es\/accessoires-pratiques\/bouteille-isotherme-tasse\/","title":{"rendered":"Botella isot\u00e9rmica mediterr\u00e1nea"},"content":{"rendered":"<h2>\u00bfLe gustar\u00eda conservar la comodidad de disfrutar de su bebida en taza en los 4 rincones del mundo?<br \/>\nDescubra nuestra Botella Aislante Mediterr\u00e1nea<\/h2>\n<ul>\n<li><span style=\"text-decoration: underline;\"> <strong>420 ml o 580 ml<\/strong><\/span>depende de ti<\/li>\n<li><strong>Una tapa en forma de copa con asa<\/strong> para que puedas disfrutar del t\u00e9 como en casa.<\/li>\n<li>T\u00e9, agua, caf\u00e9... Todos sus\u00a0<strong>las bebidas favoritas son compatibles<\/strong>\u00a0con nuestra botella de agua.<\/li>\n<li>\u00a1Se acab\u00f3 el riesgo de caerse! Nuestras botellas est\u00e1n equipadas con un\u00a0<strong>empu\u00f1adura protectora de silicona<\/strong>.<\/li>\n<li><strong><span style=\"text-decoration: underline;\">Sin riesgo para la salud<\/span><\/strong>\u00a0con nuestro tratamiento de acero inoxidable de calidad alimentaria en el interior de la botella.<\/li>\n<li><strong>12 horas de calor constante<\/strong>\u00a0para su caf\u00e9 o t\u00e9 favorito<\/li>\n<\/ul>\n<p><span style=\"text-decoration: underline;\">Caracter\u00edsticas<\/span> :<\/p>\n<p>420 ml: 20,8 cm X 6,8 cm<\/p>\n<p>580 ml : 25,3 cm X 6,8 cm<\/p>\n<h2 style=\"text-align: center;\"><span style=\"color: #db7c46;\">\u00bfPor qu\u00e9 viajar con una botella isot\u00e9rmica mediterr\u00e1nea?<\/span><\/h2>\n<p>\u00bfNo est\u00e1 seguro de si este producto le resultar\u00e1 \u00fatil? \u00bfNo entiende para qu\u00e9 sirve una botella isot\u00e9rmica?<\/p>\n<p>Si es as\u00ed, que no cunda el p\u00e1nico, se lo explicaremos todo.<\/p>\n<p>Inicialmente, si desea :<\/p>\n<p>\u2705\u00a0<strong>Ahorra hasta 468<\/strong>\u00a0botellas de pl\u00e1stico desechables al a\u00f1o.<\/p>\n<p>\u2705 Mant\u00e9n caliente el caf\u00e9 o el t\u00e9 durante m\u00e1s de 2 horas.<\/p>\n<p>\u2705 Stop\u00a0<strong>consumo de sustancias t\u00f3xicas<\/strong>\u00a0de pl\u00e1stico.<\/p>\n<p>\u2705\u00a0<strong>Limite su impacto ecol\u00f3gico<\/strong>\u00a0del planeta, con una reducci\u00f3n de unas 1.000 botellas de pl\u00e1stico al a\u00f1o.<\/p>\n<p>\u2705\u00a0<strong>Preservar el mundo<\/strong>\u00a0para tu familia.<\/p>\n<p>Entonces, \u00a1este es su producto!<\/p>\n<h3>\u00bfPuedo pasar con mi botella isot\u00e9rmica los controles de seguridad?<\/h3>\n<p>S\u00ed, por supuesto. Pero aseg\u00farate de que est\u00e1 vac\u00edo en ese momento.<\/p>\n<h3>\u00bfPor qu\u00e9 elegir botellas isot\u00e9rmicas de acero inoxidable para uso alimentario?<\/h3>\n<p>Mucho m\u00e1s duradera que las botellas de agua de pl\u00e1stico o bamb\u00fa, tu botella de acero inoxidable te acompa\u00f1ar\u00e1 en todas tus aventuras por el mundo.<\/p>\n<h3>\u00bfC\u00f3mo limpio mi botella isot\u00e9rmica?<\/h3>\n<p>Despu\u00e9s de cada uso, se recomienda utilizar un cepillo de silicona para eliminar los residuos y dep\u00f3sitos que puedan quedar.<\/p>\n<h3>\u00bfC\u00f3mo funciona el sensor inteligente de control de temperatura?<\/h3>\n<p>Para utilizarlo, basta con tocar la tapa de la botella y aparecer\u00e1 la temperatura de la bebida.<\/p>","protected":false},"excerpt":{"rendered":"<p>\u00bfQuieres mantener la comodidad de disfrutar tu bebida en taza en cualquier parte del mundo? Descubre ahora nuestra botella t\u00e9rmica Mediterr\u00e1nea de 420 ml o 580 ml, \u00a1t\u00fa eliges! Una tapa en forma de taza con asa para disfrutar del t\u00e9 como en casa. T\u00e9, agua, caf\u00e9\u2026 Todas tus bebidas favoritas\u2026<\/p>","protected":false},"featured_media":13172,"comment_status":"open","ping_status":"closed","template":"","meta":{"_kad_blocks_custom_css":"","_kad_blocks_head_custom_js":"","_kad_blocks_body_custom_js":"","_kad_blocks_footer_custom_js":"","_kad_post_transparent":"","_kad_post_title":"","_kad_post_layout":"","_kad_post_sidebar_id":"","_kad_post_content_style":"","_kad_post_vertical_padding":"","_kad_post_feature":"","_kad_post_feature_position":"","_kad_post_header":false,"_kad_post_footer":false,"_kad_post_classname":""},"product_brand":[385],"product_cat":[386,388],"product_tag":[],"class_list":{"0":"post-8068","1":"product","2":"type-product","3":"status-publish","4":"has-post-thumbnail","6":"product_brand-velartrip","7":"product_cat-accessoires-pratiques","8":"product_cat-nouveautes","10":"first","11":"instock","12":"taxable","13":"shipping-taxable","14":"purchasable","15":"product-type-variable","16":"entry","17":"content-bg","18":"loop-entry"},"taxonomy_info":{"product_brand":[{"value":385,"label":"VelarTrip"}],"product_cat":[{"value":386,"label":"Accessoires Pratiques"},{"value":388,"label":"Nouveaut\u00e9s"}]},"featured_image_src_large":["https:\/\/velartrip.com\/wp-content\/uploads\/2022\/04\/2-4.jpg",800,800,false],"author_info":[],"comment_info":7,"_links":{"self":[{"href":"https:\/\/velartrip.com\/es\/wp-json\/wp\/v2\/product\/8068","targetHints":{"allow":["GET"]}}],"collection":[{"href":"https:\/\/velartrip.com\/es\/wp-json\/wp\/v2\/product"}],"about":[{"href":"https:\/\/velartrip.com\/es\/wp-json\/wp\/v2\/types\/product"}],"replies":[{"embeddable":true,"href":"https:\/\/velartrip.com\/es\/wp-json\/wp\/v2\/comments?post=8068"}],"wp:featuredmedia":[{"embeddable":true,"href":"https:\/\/velartrip.com\/es\/wp-json\/wp\/v2\/media\/13172"}],"wp:attachment":[{"href":"https:\/\/velartrip.com\/es\/wp-json\/wp\/v2\/media?parent=8068"}],"wp:term":[{"taxonomy":"product_brand","embeddable":true,"href":"https:\/\/velartrip.com\/es\/wp-json\/wp\/v2\/product_brand?post=8068"},{"taxonomy":"product_cat","embeddable":true,"href":"https:\/\/velartrip.com\/es\/wp-json\/wp\/v2\/product_cat?post=8068"},{"taxonomy":"product_tag","embeddable":true,"href":"https:\/\/velartrip.com\/es\/wp-json\/wp\/v2\/product_tag?post=8068"}],"curies":[{"name":"wp","href":"https:\/\/api.w.org\/{rel}","templated":true}]}}