{"id":8088,"date":"2021-01-11T10:23:56","date_gmt":"2021-01-11T10:23:56","guid":{"rendered":"https:\/\/velartrip.com\/?product=kit-voyage-br-johannesbourg"},"modified":"2024-12-04T09:29:43","modified_gmt":"2024-12-04T08:29:43","slug":"kit-voyage-flacons","status":"publish","type":"product","link":"https:\/\/velartrip.com\/es\/accessoires-pratiques\/kit-voyage-flacons\/","title":{"rendered":"Kit de viaje a Johannesburgo"},"content":{"rendered":"<p><meta charset=\"utf-8\"><\/p>\n<h2 data-mce-fragment=\"1\">Tus productos de belleza cruzar\u00e1n fronteras sin restricciones gracias a los 6 frascos vac\u00edos que componen nuestro Kit de Viaje Johannesburgo.<\/h2>\n<h3 data-mce-fragment=\"1\">\u00bfPor qu\u00e9 elegir nuestro equipo para sus viajes a\u00e9reos a Johannesburgo?<\/h3>\n<p data-mce-fragment=\"1\">Si es usted un viajero que desea :\u00a0<\/p>\n<ul data-mce-fragment=\"1\">\n<li data-mce-fragment=\"1\">Ll\u00e9vate un neceser en el avi\u00f3n.<\/li>\n<li data-mce-fragment=\"1\">\n<strong data-mce-fragment=\"1\">No correr m\u00e1s riesgos<\/strong><span data-mce-fragment=\"1\">\u00a0<\/span>ser<span data-mce-fragment=\"1\">\u00a0<\/span><strong data-mce-fragment=\"1\">confiscar<\/strong><span data-mce-fragment=\"1\">\u00a0<\/span>uno de sus productos de belleza durante los controles de seguridad.<\/li>\n<li data-mce-fragment=\"1\">Tener un<span data-mce-fragment=\"1\">\u00a0<\/span><strong data-mce-fragment=\"1\">neceser adaptado<\/strong><span data-mce-fragment=\"1\">\u00a0<\/span>vuelos de larga distancia.\u00a0<\/li>\n<li data-mce-fragment=\"1\">Lleve todo lo necesario para<span data-mce-fragment=\"1\">\u00a0<\/span><strong data-mce-fragment=\"1\">mantener una higiene impecable<\/strong><span data-mce-fragment=\"1\">\u00a0<\/span>incluso con una diferencia horaria de 6 horas.<\/li>\n<\/ul>\n<p data-mce-fragment=\"1\">Entonces nuestro neceser es justo lo que necesita. \u2708\ufe0f<\/p>\n<p data-mce-fragment=\"1\">En<span data-mce-fragment=\"1\">\u00a0<\/span><strong data-mce-fragment=\"1\">beneficios<\/strong><span data-mce-fragment=\"1\">\u00a0<\/span>para elegir nuestro<span data-mce-fragment=\"1\">\u00a0<\/span><strong data-mce-fragment=\"1\">Kit de viaje<\/strong><span data-mce-fragment=\"1\"> Johannesburgo<\/span>\u00a0son los siguientes:<\/p>\n<ul data-mce-fragment=\"1\">\n<li data-mce-fragment=\"1\">\n<strong data-mce-fragment=\"1\">Duradero y reciclable<\/strong><span data-mce-fragment=\"1\">\u00a0<\/span>para todas sus necesidades de viaje.<\/li>\n<li data-mce-fragment=\"1\">Compatible con<span data-mce-fragment=\"1\">\u00a0<\/span><strong data-mce-fragment=\"1\">cada estilo de viaje<\/strong><span data-mce-fragment=\"1\">\u00a0<\/span>gracias a su<span data-mce-fragment=\"1\">\u00a0<\/span><strong data-mce-fragment=\"1\">resistencia a las ca\u00eddas<\/strong><span data-mce-fragment=\"1\">\u00a0<\/span>y polvo.<\/li>\n<li data-mce-fragment=\"1\">Un tratamiento corporal completo adaptado a<span data-mce-fragment=\"1\">\u00a0<\/span><span data-mce-fragment=\"1\"><strong data-mce-fragment=\"1\">6 botellas de viaje\u00a0<\/strong><\/span>\n<\/li>\n<li data-mce-fragment=\"1\">\n<strong data-mce-fragment=\"1\">3 herramientas<\/strong><span data-mce-fragment=\"1\">\u00a0<\/span>incluido con for<span data-mce-fragment=\"1\">\u00a0<\/span><strong data-mce-fragment=\"1\">ajuste al mililitro<\/strong><span data-mce-fragment=\"1\">\u00a0<\/span>tus productos de belleza (embudo, pipeta y esp\u00e1tula para cremas)\u00a0 \u00a0<\/li>\n<\/ul>","protected":false},"excerpt":{"rendered":"<p>Tus productos de belleza cruzar\u00e1n fronteras sin restricciones gracias a nuestras 6 botellas vac\u00edas que componen nuestro Johannesburg Travel Kit \u00bfPor qu\u00e9 llevar nuestro kit para tus viajes en avi\u00f3n a Johannesburgo? Si eres de esos viajeros que quiere: Llevar contigo un neceser en el avi\u00f3n. Ya no corras riesgos de\u2026<\/p>","protected":false},"featured_media":13298,"comment_status":"open","ping_status":"closed","template":"","meta":{"_kad_blocks_custom_css":"","_kad_blocks_head_custom_js":"","_kad_blocks_body_custom_js":"","_kad_blocks_footer_custom_js":"","_kad_post_transparent":"","_kad_post_title":"","_kad_post_layout":"","_kad_post_sidebar_id":"","_kad_post_content_style":"","_kad_post_vertical_padding":"","_kad_post_feature":"","_kad_post_feature_position":"","_kad_post_header":false,"_kad_post_footer":false,"_kad_post_classname":""},"product_brand":[385],"product_cat":[386,388],"product_tag":[],"class_list":{"0":"post-8088","1":"product","2":"type-product","3":"status-publish","4":"has-post-thumbnail","6":"product_brand-velartrip","7":"product_cat-accessoires-pratiques","8":"product_cat-nouveautes","10":"first","11":"instock","12":"taxable","13":"shipping-taxable","14":"purchasable","15":"product-type-simple","16":"entry","17":"content-bg","18":"loop-entry"},"taxonomy_info":{"product_brand":[{"value":385,"label":"VelarTrip"}],"product_cat":[{"value":386,"label":"Accessoires Pratiques"},{"value":388,"label":"Nouveaut\u00e9s"}]},"featured_image_src_large":["https:\/\/velartrip.com\/wp-content\/uploads\/2022\/04\/4000778079830_images_626d2f45507d1_1.webp",800,800,false],"author_info":[],"comment_info":6,"_links":{"self":[{"href":"https:\/\/velartrip.com\/es\/wp-json\/wp\/v2\/product\/8088","targetHints":{"allow":["GET"]}}],"collection":[{"href":"https:\/\/velartrip.com\/es\/wp-json\/wp\/v2\/product"}],"about":[{"href":"https:\/\/velartrip.com\/es\/wp-json\/wp\/v2\/types\/product"}],"replies":[{"embeddable":true,"href":"https:\/\/velartrip.com\/es\/wp-json\/wp\/v2\/comments?post=8088"}],"wp:featuredmedia":[{"embeddable":true,"href":"https:\/\/velartrip.com\/es\/wp-json\/wp\/v2\/media\/13298"}],"wp:attachment":[{"href":"https:\/\/velartrip.com\/es\/wp-json\/wp\/v2\/media?parent=8088"}],"wp:term":[{"taxonomy":"product_brand","embeddable":true,"href":"https:\/\/velartrip.com\/es\/wp-json\/wp\/v2\/product_brand?post=8088"},{"taxonomy":"product_cat","embeddable":true,"href":"https:\/\/velartrip.com\/es\/wp-json\/wp\/v2\/product_cat?post=8088"},{"taxonomy":"product_tag","embeddable":true,"href":"https:\/\/velartrip.com\/es\/wp-json\/wp\/v2\/product_tag?post=8088"}],"curies":[{"name":"wp","href":"https:\/\/api.w.org\/{rel}","templated":true}]}}