{"id":8135,"date":"2021-01-13T14:42:28","date_gmt":"2021-01-13T14:42:28","guid":{"rendered":"https:\/\/velartrip.com\/?product=porte-cles-gel-hydroalcoolique-br-losanges"},"modified":"2024-12-04T09:29:42","modified_gmt":"2024-12-04T08:29:42","slug":"porte-cles-gel-hydroalcoolique-losanges","status":"publish","type":"product","link":"https:\/\/velartrip.com\/es\/accessoires-lifestyle\/porte-cles-gel-hydroalcoolique\/porte-cles-gel-hydroalcoolique-losanges\/","title":{"rendered":"Losanges Llavero Gel Hidroalcoh\u00f3lico"},"content":{"rendered":"<h2>Diamantes abstractos de dise\u00f1o para una seguridad infalible<\/h2>\n<ul>\n<li>A <strong>Frasco de 30 ml <\/strong>Reutilizable de por vida\u00a0<\/li>\n<li>Una maleta, un bolso, las llaves... Nuestro portagel hidroalcoh\u00f3lico <strong>cabe en todas partes<\/strong>\n<\/li>\n<li>Elija una <strong>dise\u00f1o a su medida <\/strong>Neopreno de alta calidad<\/li>\n<li>\n<span style=\"text-decoration: underline;\" data-mce-style=\"text-decoration: underline;\"><strong>Compacto y ligero<\/strong><\/span>r, \u00a1se acabaron las botellas que ocupan espacio!<\/li>\n<\/ul>\n<p><\/p>\n<p><span style=\"text-decoration: underline;\" data-mce-style=\"text-decoration: underline;\"><\/span><span style=\"text-decoration: underline;\" data-mce-style=\"text-decoration: underline;\">Dimensiones :<\/span> 10,16 x 5,6 cm<\/p>\n<p>\u26a0\ufe0f La botella se entrega vac\u00eda y sin l\u00edquido.<\/p>\n<h2 style=\"text-align: center;\" data-mce-style=\"text-align: center;\"><span style=\"color: #82d5c7;\" data-mce-style=\"color: #82d5c7;\">\u00a0\u00bfPor qu\u00e9 elegir un llavero de gel hidroalcoh\u00f3lico?<\/span><\/h2>\n<div style=\"text-align: left; padding-left: 30px;\" data-mce-style=\"text-align: left; padding-left: 30px;\">\u2705 Si est\u00e1s cansado de buscar tu gel hidroalcoh\u00f3lico en el bolso<\/div>\n<div style=\"text-align: left; padding-left: 30px;\" data-mce-style=\"text-align: left; padding-left: 30px;\">\u2705 Si no lo haces<strong> no soporta usar el gel hidroalcoh\u00f3lico de las tiendas<\/strong> cuando vaya de compras\u00a0<\/div>\n<div style=\"text-align: left; padding-left: 30px;\" data-mce-style=\"text-align: left; padding-left: 30px;\">\u2705 Si te gusta el dise\u00f1o y la practicidad\u00a0<\/div>\n<div style=\"text-align: left; padding-left: 30px;\" data-mce-style=\"text-align: left; padding-left: 30px;\">\u2705 Si desea viajar en <span style=\"text-decoration: underline;\" data-mce-style=\"text-decoration: underline;\"><a href=\"https:\/\/velartrip.com\/es\/prendre-gourde-avion\/\" title=\"restricciones sobre l\u00edquidos en el avi\u00f3n\" target=\"_blank\" rel=\"noopener\">respeto de las restricciones de l\u00edquidos en los aeropuertos<\/a><\/span> mientras que\u00a0<strong>mantener las manos limpias en el avi\u00f3n<\/strong>\n<\/div>\n<div style=\"text-align: left; padding-left: 30px;\" data-mce-style=\"text-align: left; padding-left: 30px;\"><strong><\/strong><\/div>\n<div style=\"text-align: left; padding-left: 30px;\" data-mce-style=\"text-align: left; padding-left: 30px;\"><strong><\/strong><\/div>\n<div style=\"text-align: left; padding-left: 30px;\" data-mce-style=\"text-align: left; padding-left: 30px;\"><\/div>\n<p> As\u00ed que nuestros llaveros <strong>se adaptan a su estilo de vida<\/strong>. Elija el modelo que m\u00e1s le convenga entre nuestra amplia selecci\u00f3n.<\/p>","protected":false},"excerpt":{"rendered":"<p>Des losanges abstrait design pour une s\u00e9curit\u00e9 \u00e0 toute \u00e9preuve ! Un flacon\u00a0de 30\u2009ml r\u00e9utilisable \u00e0 vie !\u00a0 Une valise, un sac \u00e0 main, des cl\u00e9s&#8230; Notre porte-gel hydroalcoolique s&rsquo;adapte partout Choisissez un design qui vous correspond de qualit\u00e9 sup\u00e9rieure en N\u00e9opr\u00e8ne Compact et l\u00e9ger, finis les flacons qui prennent de la place ! Dimensions&#8230;<\/p>","protected":false},"featured_media":13154,"comment_status":"open","ping_status":"closed","template":"","meta":{"_kad_blocks_custom_css":"","_kad_blocks_head_custom_js":"","_kad_blocks_body_custom_js":"","_kad_blocks_footer_custom_js":"","_kad_post_transparent":"","_kad_post_title":"","_kad_post_layout":"","_kad_post_sidebar_id":"","_kad_post_content_style":"","_kad_post_vertical_padding":"","_kad_post_feature":"","_kad_post_feature_position":"","_kad_post_header":false,"_kad_post_footer":false,"_kad_post_classname":""},"product_brand":[385],"product_cat":[405,400],"product_tag":[296],"class_list":{"0":"post-8135","1":"product","2":"type-product","3":"status-publish","4":"has-post-thumbnail","6":"product_brand-velartrip","7":"product_cat-accessoires-lifestyle","8":"product_cat-porte-cles-gel-hydroalcoolique","9":"product_tag-30-ml","11":"first","12":"instock","13":"taxable","14":"shipping-taxable","15":"purchasable","16":"product-type-simple","17":"entry","18":"content-bg","19":"loop-entry"},"taxonomy_info":{"product_brand":[{"value":385,"label":"VelarTrip"}],"product_cat":[{"value":405,"label":"Accessoires Lifestyle"},{"value":400,"label":"Porte-Cl\u00e9s Gel Hydroalcoolique"}],"product_tag":[{"value":296,"label":"30 ml"}]},"featured_image_src_large":["https:\/\/velartrip.com\/wp-content\/uploads\/2022\/04\/Sans-titre-47.jpg",800,800,false],"author_info":[],"comment_info":3,"_links":{"self":[{"href":"https:\/\/velartrip.com\/es\/wp-json\/wp\/v2\/product\/8135","targetHints":{"allow":["GET"]}}],"collection":[{"href":"https:\/\/velartrip.com\/es\/wp-json\/wp\/v2\/product"}],"about":[{"href":"https:\/\/velartrip.com\/es\/wp-json\/wp\/v2\/types\/product"}],"replies":[{"embeddable":true,"href":"https:\/\/velartrip.com\/es\/wp-json\/wp\/v2\/comments?post=8135"}],"wp:featuredmedia":[{"embeddable":true,"href":"https:\/\/velartrip.com\/es\/wp-json\/wp\/v2\/media\/13154"}],"wp:attachment":[{"href":"https:\/\/velartrip.com\/es\/wp-json\/wp\/v2\/media?parent=8135"}],"wp:term":[{"taxonomy":"product_brand","embeddable":true,"href":"https:\/\/velartrip.com\/es\/wp-json\/wp\/v2\/product_brand?post=8135"},{"taxonomy":"product_cat","embeddable":true,"href":"https:\/\/velartrip.com\/es\/wp-json\/wp\/v2\/product_cat?post=8135"},{"taxonomy":"product_tag","embeddable":true,"href":"https:\/\/velartrip.com\/es\/wp-json\/wp\/v2\/product_tag?post=8135"}],"curies":[{"name":"wp","href":"https:\/\/api.w.org\/{rel}","templated":true}]}}