{"id":8243,"date":"2021-01-18T09:54:13","date_gmt":"2021-01-18T09:54:13","guid":{"rendered":"https:\/\/velartrip.com\/?product=porte-cles-gel-hydroalcoolique-br-transparent"},"modified":"2024-12-04T09:29:36","modified_gmt":"2024-12-04T08:29:36","slug":"porte-cles-gel-hydroalcoolique-transparent","status":"publish","type":"product","link":"https:\/\/velartrip.com\/es\/accessoires-lifestyle\/porte-cles-gel-hydroalcoolique\/porte-cles-gel-hydroalcoolique-transparent\/","title":{"rendered":"Llavero de gel hidroalcoh\u00f3lico transparente"},"content":{"rendered":"<h2>Descubra nuestro Llavero de Gel Hidroalcoh\u00f3lico Transparente. Nuestro modelo que va directo al grano.<\/h2>\n<ul>\n<li>A <strong>Frasco transparente de 30, 50 \u00f3 60 ml\u00a0<\/strong>Reutilizable de por vida<\/li>\n<li>Una maleta, un bolso, las llaves... Nuestro portagel hidroalcoh\u00f3lico <strong>cabe en todas partes<\/strong><\/li>\n<li>Elija una <strong>dise\u00f1o a su medida <\/strong>piel sint\u00e9tica de primera calidad<\/li>\n<li><span style=\"text-decoration: underline;\"><strong>Compacto y ligero<\/strong><\/span>r, \u00a1se acabaron las botellas que ocupan espacio!<\/li>\n<\/ul>\n<p>&nbsp;<\/p>\n<p data-mce-fragment=\"1\">\u26a0\ufe0f La botella se entrega vac\u00eda y sin l\u00edquido.<\/p>\n<p data-mce-fragment=\"1\">Modelos <strong>con mosquet\u00f3n<\/strong> se suministran con <strong>un color aleatorio<\/strong><\/p>\n<p><span style=\"text-decoration: underline;\">Dimensiones :\u00a0<\/span><\/p>\n<p><span style=\"text-decoration: underline;\">30 ml<\/span> 10,3 X 3,7 cm<\/p>\n<p><span style=\"text-decoration: underline;\">50 ml<\/span>\u00a011,4 x 4,25 cm<\/p>\n<p><span style=\"text-decoration: underline;\">60 ml<\/span> 12 x 4,62 cm<\/p>\n<h2 style=\"text-align: center;\"><span style=\"color: #82d5c7;\">\u00a0\u00bfPor qu\u00e9 elegir un llavero de gel hidroalcoh\u00f3lico?<\/span><\/h2>\n<div style=\"text-align: left; padding-left: 30px;\">\u2705 Si est\u00e1s cansado de buscar tu gel hidroalcoh\u00f3lico en el bolso<\/div>\n<div style=\"text-align: left; padding-left: 30px;\">\u2705 Si no lo haces<strong> no soporta usar el gel hidroalcoh\u00f3lico de las tiendas<\/strong> cuando vaya de compras<\/div>\n<div style=\"text-align: left; padding-left: 30px;\">\u2705 Si te gusta el dise\u00f1o y la practicidad<\/div>\n<div style=\"text-align: left; padding-left: 30px;\">\u2705 Si desea viajar en <span style=\"text-decoration: underline;\"><a title=\"restricciones sobre l\u00edquidos en el avi\u00f3n\" href=\"https:\/\/velartrip.com\/es\/prendre-gourde-avion\/\" target=\"_blank\" rel=\"noopener\">respeto de las restricciones de l\u00edquidos en los aeropuertos<\/a><\/span> mientras que\u00a0<strong>mantener las manos limpias en el avi\u00f3n<\/strong><\/div>\n<div style=\"text-align: left; padding-left: 30px;\"><\/div>\n<div style=\"text-align: left; padding-left: 30px;\"><\/div>\n<div style=\"text-align: left; padding-left: 30px;\"><\/div>\n<p>As\u00ed que nuestros llaveros <strong>se adaptan a su estilo de vida<\/strong>. Elija el modelo que m\u00e1s le convenga entre nuestra amplia selecci\u00f3n.<\/p>","protected":false},"excerpt":{"rendered":"<p>D\u00e9couvre notre Porte-Cl\u00e9s Gel Hydroalcoolique\u00a0Transparent. Notre mod\u00e8le qui va \u00e0 l&rsquo;essentiel. Un flacon transparent de 30, 50 ou 60 ml\u00a0r\u00e9utilisable \u00e0 vie ! Une valise, un sac \u00e0 main, des cl\u00e9s&#8230; Notre porte-gel hydroalcoolique s&rsquo;adapte partout Choisissez un design qui vous correspond de qualit\u00e9 sup\u00e9rieure en\u00a0cuir synth\u00e9tique Compact et l\u00e9ger, finis les flacons qui prennent&#8230;<\/p>","protected":false},"featured_media":13083,"comment_status":"open","ping_status":"closed","template":"","meta":{"_kad_blocks_custom_css":"","_kad_blocks_head_custom_js":"","_kad_blocks_body_custom_js":"","_kad_blocks_footer_custom_js":"","_kad_post_transparent":"","_kad_post_title":"","_kad_post_layout":"","_kad_post_sidebar_id":"","_kad_post_content_style":"","_kad_post_vertical_padding":"","_kad_post_feature":"","_kad_post_feature_position":"","_kad_post_header":false,"_kad_post_footer":false,"_kad_post_classname":""},"product_brand":[385],"product_cat":[400,405],"product_tag":[311,296,300],"class_list":{"0":"post-8243","1":"product","2":"type-product","3":"status-publish","4":"has-post-thumbnail","6":"product_brand-velartrip","7":"product_cat-porte-cles-gel-hydroalcoolique","8":"product_cat-accessoires-lifestyle","9":"product_tag-50-ml","10":"product_tag-30-ml","11":"product_tag-60-ml","13":"first","14":"instock","15":"taxable","16":"shipping-taxable","17":"purchasable","18":"product-type-variable","19":"entry","20":"content-bg","21":"loop-entry"},"taxonomy_info":{"product_brand":[{"value":385,"label":"VelarTrip"}],"product_cat":[{"value":400,"label":"Porte-Cl\u00e9s Gel Hydroalcoolique"},{"value":405,"label":"Accessoires Lifestyle"}],"product_tag":[{"value":311,"label":" 50 ml"},{"value":296,"label":"30 ml"},{"value":300,"label":"60 ml"}]},"featured_image_src_large":["https:\/\/velartrip.com\/wp-content\/uploads\/2022\/04\/Sans-titre-29.jpg",800,800,false],"author_info":[],"comment_info":3,"_links":{"self":[{"href":"https:\/\/velartrip.com\/es\/wp-json\/wp\/v2\/product\/8243","targetHints":{"allow":["GET"]}}],"collection":[{"href":"https:\/\/velartrip.com\/es\/wp-json\/wp\/v2\/product"}],"about":[{"href":"https:\/\/velartrip.com\/es\/wp-json\/wp\/v2\/types\/product"}],"replies":[{"embeddable":true,"href":"https:\/\/velartrip.com\/es\/wp-json\/wp\/v2\/comments?post=8243"}],"wp:featuredmedia":[{"embeddable":true,"href":"https:\/\/velartrip.com\/es\/wp-json\/wp\/v2\/media\/13083"}],"wp:attachment":[{"href":"https:\/\/velartrip.com\/es\/wp-json\/wp\/v2\/media?parent=8243"}],"wp:term":[{"taxonomy":"product_brand","embeddable":true,"href":"https:\/\/velartrip.com\/es\/wp-json\/wp\/v2\/product_brand?post=8243"},{"taxonomy":"product_cat","embeddable":true,"href":"https:\/\/velartrip.com\/es\/wp-json\/wp\/v2\/product_cat?post=8243"},{"taxonomy":"product_tag","embeddable":true,"href":"https:\/\/velartrip.com\/es\/wp-json\/wp\/v2\/product_tag?post=8243"}],"curies":[{"name":"wp","href":"https:\/\/api.w.org\/{rel}","templated":true}]}}