{"id":8313,"date":"2021-01-27T11:04:45","date_gmt":"2021-01-27T11:04:45","guid":{"rendered":"https:\/\/velartrip.com\/?product=trousse-de-toilette-a-suspendre-br-travel-life"},"modified":"2025-05-12T22:26:36","modified_gmt":"2025-05-12T20:26:36","slug":"trousse-de-toilette-voyage-a-suspendre","status":"publish","type":"product","link":"https:\/\/velartrip.com\/es\/accessoires-voyage\/trousses-toilette\/trousse-de-toilette-voyage-a-suspendre\/","title":{"rendered":"Neceser colgante Travel Life"},"content":{"rendered":"<p><meta charset=\"utf-8\"><\/p>\n<h2><b>\u00bfPor qu\u00e9 elegir nuestro neceser colgante de viaje?<\/b><\/h2>\n<p>Si desea :<\/p>\n<p>\u2705 Ser capaz de crear <strong>un espacio de belleza en cualquier lugar.<\/strong><\/p>\n<p>\u2705 <strong>Ahorra espacio f\u00e1cilmente<\/strong> en tu cuarto de ba\u00f1o o en las habitaciones de hotel cuando te desplaces.<\/p>\n<p>\u2705 Disponer de un kit con <strong>almacenamiento c\u00f3modo pero compacto<\/strong>\u00a0para sus productos de belleza.<\/p>\n<h3 style=\"text-align: center;\"><span style=\"color: #db7c46;\">Entonces nuestro neceser Travel Life es perfecto para usted.<\/span><\/h3>\n<p>Aqu\u00ed est\u00e1n los\u00a0<strong>4 ventajas<\/strong> que hacen que nuestro neceser <strong>un accesorio esencial<\/strong> para su vida diaria y sus viajes:<\/p>\n<ul>\n<li>\n<strong>Todos sus productos en un solo lugar:<\/strong> Ahorra espacio en su maleta 30% en comparaci\u00f3n con el hacinamiento de varios kits juntos.<\/li>\n<li>Sus productos <strong>siempre organizados en un mismo lugar<\/strong> se acab\u00f3 el buscar productos en diferentes bolsillos<\/li>\n<li>\n<strong>Una aut\u00e9ntica zona de belleza<\/strong>\u00a0disponible en cualquier lugar, gracias a su gancho que puede colocarse en: una puerta, paredes de ducha, toallero, estanter\u00edas...\u00a0\u00a0\n<\/li>\n<li>\n<span style=\"text-decoration: underline;\">Un dise\u00f1o que se adapta a su estilo de vida:<\/span> se despliega y <strong>rangos en menos de 3 segundos<\/strong> !<\/li>\n<\/ul>\n<p><span style=\"text-decoration: underline;\">Dimensiones<\/span> :\u00a0<\/p>\n<p><meta charset=\"utf-8\"><span data-mce-fragment=\"1\">Plegado y cerrado\u00a0<\/span> 24 x 20 x 9,5 cm<\/p>","protected":false},"excerpt":{"rendered":"<p>Pourquoi choisir\u00a0notre Trousse de Toilette de Voyage \u00e0 Suspendre ? Si vous souhaitez : \u2705 Pouvoir vous cr\u00e9er un espace beaut\u00e9 n&rsquo;importe o\u00f9. \u2705 Gagner facilement de la place dans votre salle de bain ou les chambres d&rsquo;h\u00f4tel lors de vos d\u00e9placements. \u2705 Avoir une trousse avec un rangement confortable, mais qui reste compact\u00a0pour vos&#8230;<\/p>","protected":false},"featured_media":13068,"comment_status":"open","ping_status":"closed","template":"","meta":{"_kad_blocks_custom_css":"","_kad_blocks_head_custom_js":"","_kad_blocks_body_custom_js":"","_kad_blocks_footer_custom_js":"","_kad_post_transparent":"","_kad_post_title":"","_kad_post_layout":"","_kad_post_sidebar_id":"","_kad_post_content_style":"","_kad_post_vertical_padding":"","_kad_post_feature":"","_kad_post_feature_position":"","_kad_post_header":false,"_kad_post_footer":false,"_kad_post_classname":""},"product_brand":[385],"product_cat":[404,401],"product_tag":[],"class_list":{"0":"post-8313","1":"product","2":"type-product","3":"status-publish","4":"has-post-thumbnail","6":"product_brand-velartrip","7":"product_cat-accessoires-voyage","8":"product_cat-trousses-toilette","10":"first","11":"instock","12":"taxable","13":"shipping-taxable","14":"purchasable","15":"product-type-variable","16":"entry","17":"content-bg","18":"loop-entry"},"taxonomy_info":{"product_brand":[{"value":385,"label":"VelarTrip"}],"product_cat":[{"value":404,"label":"Accessoires de Voyage"},{"value":401,"label":"Trousses de Toilette"}]},"featured_image_src_large":["https:\/\/velartrip.com\/wp-content\/uploads\/2022\/04\/trousse-de-toilette-travel-life-bleu-ciel.jpg",800,800,false],"author_info":[],"comment_info":4,"_links":{"self":[{"href":"https:\/\/velartrip.com\/es\/wp-json\/wp\/v2\/product\/8313","targetHints":{"allow":["GET"]}}],"collection":[{"href":"https:\/\/velartrip.com\/es\/wp-json\/wp\/v2\/product"}],"about":[{"href":"https:\/\/velartrip.com\/es\/wp-json\/wp\/v2\/types\/product"}],"replies":[{"embeddable":true,"href":"https:\/\/velartrip.com\/es\/wp-json\/wp\/v2\/comments?post=8313"}],"wp:featuredmedia":[{"embeddable":true,"href":"https:\/\/velartrip.com\/es\/wp-json\/wp\/v2\/media\/13068"}],"wp:attachment":[{"href":"https:\/\/velartrip.com\/es\/wp-json\/wp\/v2\/media?parent=8313"}],"wp:term":[{"taxonomy":"product_brand","embeddable":true,"href":"https:\/\/velartrip.com\/es\/wp-json\/wp\/v2\/product_brand?post=8313"},{"taxonomy":"product_cat","embeddable":true,"href":"https:\/\/velartrip.com\/es\/wp-json\/wp\/v2\/product_cat?post=8313"},{"taxonomy":"product_tag","embeddable":true,"href":"https:\/\/velartrip.com\/es\/wp-json\/wp\/v2\/product_tag?post=8313"}],"curies":[{"name":"wp","href":"https:\/\/api.w.org\/{rel}","templated":true}]}}