{"id":8343,"date":"2021-01-29T22:30:18","date_gmt":"2021-01-29T22:30:18","guid":{"rendered":"https:\/\/velartrip.com\/?product=protege-passeport-br-marbre-gris"},"modified":"2025-04-13T01:45:06","modified_gmt":"2025-04-12T23:45:06","slug":"protege-passeport-marbre-gris","status":"publish","type":"product","link":"https:\/\/velartrip.com\/es\/accessoires-pour-valise\/protege-passeports\/protege-passeport-marbre-gris\/","title":{"rendered":"Funda de m\u00e1rmol para pasaporte (gris)"},"content":{"rendered":"<p>&nbsp;<\/p>\n<h2>Descubra nuestra funda de pasaporte de m\u00e1rmol gris. Para un pasaporte \u00fanico y 100% seguro para todos tus viajes.<\/h2>\n<ul>\n<li>Destinado \u00fanicamente a cubrir su pasaporte.<\/li>\n<li>Composici\u00f3n: piel sint\u00e9tica.<\/li>\n<\/ul>\n<ul>\n<li><strong>ENTREGA EST\u00c1NDAR GRATUITA<\/strong><\/li>\n<\/ul>\n<p><span style=\"text-decoration: underline;\">Dimensiones :<\/span> 14,2 x 9,8 cm<\/p>","protected":false},"excerpt":{"rendered":"<p>&nbsp; Descubra nuestra funda de pasaporte de m\u00e1rmol gris. Para un pasaporte \u00fanico y 100% seguro en todos sus viajes. Destinada \u00fanicamente a cubrir su pasaporte. Composici\u00f3n: cuero sint\u00e9tico. ENTREGA EST\u00c1NDAR GRATUITA Dimensiones: 14,2 x 9,8 cm<\/p>","protected":false},"featured_media":12947,"comment_status":"open","ping_status":"closed","template":"","meta":{"_kad_blocks_custom_css":"","_kad_blocks_head_custom_js":"","_kad_blocks_body_custom_js":"","_kad_blocks_footer_custom_js":"","_kad_post_transparent":"","_kad_post_title":"","_kad_post_layout":"","_kad_post_sidebar_id":"","_kad_post_content_style":"","_kad_post_vertical_padding":"","_kad_post_feature":"","_kad_post_feature_position":"","_kad_post_header":false,"_kad_post_footer":false,"_kad_post_classname":""},"product_brand":[385],"product_cat":[395,618],"product_tag":[186,95],"class_list":{"0":"post-8343","1":"product","2":"type-product","3":"status-publish","4":"has-post-thumbnail","6":"product_brand-velartrip","7":"product_cat-protege-passeports","8":"product_cat-accessoires-pour-valise","9":"product_tag-aeroport","10":"product_tag-avion","12":"first","13":"instock","14":"taxable","15":"shipping-taxable","16":"purchasable","17":"product-type-simple","18":"entry","19":"content-bg","20":"loop-entry"},"taxonomy_info":{"product_brand":[{"value":385,"label":"VelarTrip"}],"product_cat":[{"value":395,"label":"Prot\u00e8ge-Passeports"},{"value":618,"label":"Accessoires pour Valise"}],"product_tag":[{"value":186,"label":"A\u00e9roport"},{"value":95,"label":"Avion"}]},"featured_image_src_large":["https:\/\/velartrip.com\/wp-content\/uploads\/2022\/04\/4-3.jpg",800,800,false],"author_info":[],"comment_info":6,"_links":{"self":[{"href":"https:\/\/velartrip.com\/es\/wp-json\/wp\/v2\/product\/8343","targetHints":{"allow":["GET"]}}],"collection":[{"href":"https:\/\/velartrip.com\/es\/wp-json\/wp\/v2\/product"}],"about":[{"href":"https:\/\/velartrip.com\/es\/wp-json\/wp\/v2\/types\/product"}],"replies":[{"embeddable":true,"href":"https:\/\/velartrip.com\/es\/wp-json\/wp\/v2\/comments?post=8343"}],"wp:featuredmedia":[{"embeddable":true,"href":"https:\/\/velartrip.com\/es\/wp-json\/wp\/v2\/media\/12947"}],"wp:attachment":[{"href":"https:\/\/velartrip.com\/es\/wp-json\/wp\/v2\/media?parent=8343"}],"wp:term":[{"taxonomy":"product_brand","embeddable":true,"href":"https:\/\/velartrip.com\/es\/wp-json\/wp\/v2\/product_brand?post=8343"},{"taxonomy":"product_cat","embeddable":true,"href":"https:\/\/velartrip.com\/es\/wp-json\/wp\/v2\/product_cat?post=8343"},{"taxonomy":"product_tag","embeddable":true,"href":"https:\/\/velartrip.com\/es\/wp-json\/wp\/v2\/product_tag?post=8343"}],"curies":[{"name":"wp","href":"https:\/\/api.w.org\/{rel}","templated":true}]}}