{"id":8357,"date":"2021-02-11T00:04:49","date_gmt":"2021-02-11T00:04:49","guid":{"rendered":"https:\/\/velartrip.com\/?product=etiquette-bagage-br-voyager-cest-vivre"},"modified":"2024-12-04T09:29:26","modified_gmt":"2024-12-04T08:29:26","slug":"etiquette-bagage-voyager-vivre","status":"publish","type":"product","link":"https:\/\/velartrip.com\/es\/accessoires-pour-valise\/etiquettes-bagages\/etiquette-bagage-voyager-vivre\/","title":{"rendered":"Etiqueta del equipaje Viajar es vivir"},"content":{"rendered":"<h1>Comparta el verdadero motivo de su viaje con sus amigos y familiares con nuestra etiqueta para equipaje.<\/h1>\n<ul>\n<li><strong>Identificar y encontrar<\/strong>\u00a0su equipaje f\u00e1cilmente<\/li>\n<li><strong>Se fija r\u00e1pidamente<\/strong>\u00a0y f\u00e1cilmente.<\/li>\n<li>Dise\u00f1ado para\u00a0<strong>todo tipo de equipaje<\/strong>s (manos, bolsa de viaje, maleta de mano, mochila, etc.)<\/li>\n<li>Composici\u00f3n: piel sint\u00e9tica<\/li>\n<li>Dimensiones :\u00a0<span data-mce-fragment=\"1\">10,5 cm x 6,5 cm<\/span><\/li>\n<\/ul>\n<h3 style=\"text-align: center;\"><span style=\"color: #82d5c7;\">\u00bfPor qu\u00e9 etiquetar las maletas?<\/span><\/h3>\n<p>Si desea :<\/p>\n<p>\u2705 Viajar en tren, barco o avi\u00f3n.<\/p>\n<p>\u2705\u00a0<strong>Distinguir sus maletas<\/strong>\u00a0otros viajeros en el carrusel de equipajes<\/p>\n<p>\u2705 <strong>Encuentre su camino m\u00e1s f\u00e1cilmente<\/strong>t una maleta perdida (\u00a1aunque no se lo desear\u00edamos!)<\/p>\n<p>\u2705 Ser <strong>en cumplimiento de la normativa<\/strong> aeropuerto\u00a0<span data-mce-fragment=\"1\">internacional<\/span><\/p>\n<p><span data-mce-fragment=\"1\">\u2705 <strong>Evitar la destrucci\u00f3n<\/strong> por las autoridades de su maleta desatendida.<\/span><\/p>\n<p><span data-mce-fragment=\"1\">En este caso, necesitar\u00e1 una etiqueta de equipaje.<\/span><\/p>\n<h3 style=\"text-align: center;\"><span style=\"color: #db7c46;\" data-mce-fragment=\"1\">\u00bfC\u00f3mo elijo la etiqueta de mi equipaje?<\/span><\/h3>\n<p><span data-mce-fragment=\"1\">Este es sin duda el accesorio de viaje m\u00e1s f\u00e1cil de elegir, ya que depender\u00e1 de <strong>s\u00f3lo su gusto en dise\u00f1o<\/strong> !<\/span><\/p>\n<p><span data-mce-fragment=\"1\">Por lo dem\u00e1s, cada etiqueta tiene m\u00e1s o menos <strong>los mismos campos que deben rellenarse<\/strong>en otras palabras:<\/span><\/p>\n<ul>\n<li><span data-mce-fragment=\"1\">nombre completo<\/span><\/li>\n<li><span data-mce-fragment=\"1\">direcci\u00f3n postal\u00a0<\/span><\/li>\n<li><span data-mce-fragment=\"1\">el n\u00famero de tel\u00e9fono\u00a0<\/span><\/li>\n<li><span data-mce-fragment=\"1\">direcci\u00f3n de correo electr\u00f3nico<\/span><\/li>\n<\/ul>","protected":false},"excerpt":{"rendered":"<p>Comparte el verdadero motivo de tu viaje con tus seres queridos utilizando nuestra etiqueta de equipaje. Identifique y encuentre f\u00e1cilmente su equipaje. Se fija r\u00e1pida y f\u00e1cilmente. Dise\u00f1ado para todo tipo de equipaje (equipaje de mano, bolsa de viaje, maleta de cabina, mochila, etc.) Composici\u00f3n: piel sint\u00e9tica Dimensiones: 10,5 cm x 6,5 cm \u00bfPor qu\u00e9 etiquetar tus maletas? Si deseas: \u2705 Viajar en\u2026<\/p>","protected":false},"featured_media":13050,"comment_status":"open","ping_status":"closed","template":"","meta":{"_kad_blocks_custom_css":"","_kad_blocks_head_custom_js":"","_kad_blocks_body_custom_js":"","_kad_blocks_footer_custom_js":"","_kad_post_transparent":"","_kad_post_title":"","_kad_post_layout":"","_kad_post_sidebar_id":"","_kad_post_content_style":"","_kad_post_vertical_padding":"","_kad_post_feature":"","_kad_post_feature_position":"","_kad_post_header":false,"_kad_post_footer":false,"_kad_post_classname":""},"product_brand":[385],"product_cat":[397,618],"product_tag":[],"class_list":{"0":"post-8357","1":"product","2":"type-product","3":"status-publish","4":"has-post-thumbnail","6":"product_brand-velartrip","7":"product_cat-etiquettes-bagages","8":"product_cat-accessoires-pour-valise","10":"first","11":"instock","12":"taxable","13":"shipping-taxable","14":"purchasable","15":"product-type-simple","16":"entry","17":"content-bg","18":"loop-entry"},"taxonomy_info":{"product_brand":[{"value":385,"label":"VelarTrip"}],"product_cat":[{"value":397,"label":"\u00c9tiquette Bagage"},{"value":618,"label":"Accessoires pour Valise"}]},"featured_image_src_large":["https:\/\/velartrip.com\/wp-content\/uploads\/2022\/04\/45.jpg",800,800,false],"author_info":[],"comment_info":5,"_links":{"self":[{"href":"https:\/\/velartrip.com\/es\/wp-json\/wp\/v2\/product\/8357","targetHints":{"allow":["GET"]}}],"collection":[{"href":"https:\/\/velartrip.com\/es\/wp-json\/wp\/v2\/product"}],"about":[{"href":"https:\/\/velartrip.com\/es\/wp-json\/wp\/v2\/types\/product"}],"replies":[{"embeddable":true,"href":"https:\/\/velartrip.com\/es\/wp-json\/wp\/v2\/comments?post=8357"}],"wp:featuredmedia":[{"embeddable":true,"href":"https:\/\/velartrip.com\/es\/wp-json\/wp\/v2\/media\/13050"}],"wp:attachment":[{"href":"https:\/\/velartrip.com\/es\/wp-json\/wp\/v2\/media?parent=8357"}],"wp:term":[{"taxonomy":"product_brand","embeddable":true,"href":"https:\/\/velartrip.com\/es\/wp-json\/wp\/v2\/product_brand?post=8357"},{"taxonomy":"product_cat","embeddable":true,"href":"https:\/\/velartrip.com\/es\/wp-json\/wp\/v2\/product_cat?post=8357"},{"taxonomy":"product_tag","embeddable":true,"href":"https:\/\/velartrip.com\/es\/wp-json\/wp\/v2\/product_tag?post=8357"}],"curies":[{"name":"wp","href":"https:\/\/api.w.org\/{rel}","templated":true}]}}