{"id":8591,"date":"2021-02-19T17:36:08","date_gmt":"2021-02-19T17:36:08","guid":{"rendered":"https:\/\/velartrip.com\/?product=pins-br-ananas"},"modified":"2025-04-15T15:52:44","modified_gmt":"2025-04-15T13:52:44","slug":"pins-ananas","status":"publish","type":"product","link":"https:\/\/velartrip.com\/es\/accessoires-voyage\/pins\/pins-ananas\/","title":{"rendered":"Alfileres de pi\u00f1a"},"content":{"rendered":"<h2><span data-mce-fragment=\"1\">\u00a1La frescura de las vacaciones simbolizada por este magn\u00edfico pin de Pi\u00f1a CHILL!\u00a0\u00a0<\/span><\/h2>\n<ul>\n<li>El accesorio \u00fatil para <strong>a\u00f1ada su toque personal<\/strong> en su equipaje.<\/li>\n<li>Ser\u00e1 inseparable de tu bolso gracias a su <strong>su cierre seguro 100%<\/strong>.<\/li>\n<li>Dimensiones: 2,79 x 1,27 cm.<\/li>\n<\/ul>\n<h3 style=\"text-align: center;\"><span style=\"color: #82d5c7;\">\u00bfPor qu\u00e9 elegir un Pin's para sus viajes?<\/span><\/h3>\n<h4>1 &#8211; <span style=\"text-decoration: underline;\">Historia del Pin\u00a0<\/span><\/h4>\n<p>Los pins se han utilizado durante mucho tiempo como medio publicitario para las marcas. Estimamos que el pico de popularidad de los pines se alcanz\u00f3 en la d\u00e9cada de 1990. 5 a\u00f1os despu\u00e9s, la producci\u00f3n ha descendido considerablemente.<\/p>\n<p>Hoy en d\u00eda, la insignia ya no se fabrica y s\u00f3lo se utiliza en determinados acontecimientos deportivos o culturales.<br \/>\nSin embargo, todav\u00eda existe una comunidad de entusiastas conocidos como filopinos o filopinistas que siguen desenterrando las insignias m\u00e1s raras en ferias de coleccionismo o a trav\u00e9s de foros.<\/p>\n<h4>2 &#8211; <span style=\"text-decoration: underline;\">Pin y viaje por VelarTrip<\/span><\/h4>\n<p>Como usted sabe, nuestra ambici\u00f3n m\u00e1s profunda es permitirle <strong>viajar centr\u00e1ndose en lo esencial.<\/strong><\/p>\n<p>Pero, \u00bfqu\u00e9 es \"esencial\"?<\/p>\n<p>Si tuvi\u00e9ramos que definirlo, son todas las emociones positivas que te produce viajar.<\/p>\n<p>Por eso, gracias a nuestras chinchetas, esperamos (y mucho) que :<\/p>\n<ul>\n<li><strong>Personalice<\/strong>\u00a0seg\u00fan su personalidad su<strong>\u00a0bolsas de viaje o mochilas<\/strong>.<\/li>\n<li><strong>F\u00e1cil de encontrar<\/strong>\u00a0sus maletas.<\/li>\n<li><strong>Distinguir sus bolsas<\/strong>\u00a0entre los dem\u00e1s viajeros.<\/li>\n<\/ul>\n<p>Adem\u00e1s de nuestro<span style=\"text-decoration: underline;\">\u00a0<a title=\"colecci\u00f3n de fundas para maletas\" href=\"https:\/\/velartrip.com\/es\/collections\/housses-de-valise\/\" target=\"_blank\" rel=\"noopener\">fundas para maletas<\/a><\/span>\u00a0o nuestro\u00a0<span style=\"text-decoration: underline;\"><a title=\"colecci\u00f3n de etiquetas de equipaje\" href=\"https:\/\/velartrip.com\/es\/collections\/etiquettes-bagages\/\" target=\"_blank\" rel=\"noopener\">etiquetas de equipaje<\/a><\/span>Simplemente a\u00f1adiendo un pin, puedes\u00a0<strong>reducir considerablemente el riesgo de perder su equipaje<\/strong>.<\/p>","protected":false},"excerpt":{"rendered":"<p>La fraicheur des vacances symbolis\u00e9e par ce superbe Pin&rsquo;s Ananas CHILL !\u00a0\u00a0 L&rsquo;accessoire\u00a0utile\u00a0pour ajouter\u00a0sa touche personnelle sur\u00a0ses bagages. Il sera ins\u00e9parable avec votre sac gr\u00e2ce \u00e0 son\u00a0fermoir 100% s\u00e9curis\u00e9. Dimensions :\u00a02,79 x\u00a01,27\u00a0cm. Pourquoi choisir un Pin&rsquo;s pour vos voyages ? 1 &#8211; Histoire du Pin&rsquo;s\u00a0 Le pin&rsquo;s a \u00e9t\u00e9 longtemps utilis\u00e9 comme un moyen pour&#8230;<\/p>","protected":false},"featured_media":12673,"comment_status":"open","ping_status":"closed","template":"","meta":{"_kad_blocks_custom_css":"","_kad_blocks_head_custom_js":"","_kad_blocks_body_custom_js":"","_kad_blocks_footer_custom_js":"","_kad_post_transparent":"","_kad_post_title":"","_kad_post_layout":"","_kad_post_sidebar_id":"","_kad_post_content_style":"","_kad_post_vertical_padding":"","_kad_post_feature":"","_kad_post_feature_position":"","_kad_post_header":false,"_kad_post_footer":false,"_kad_post_classname":""},"product_brand":[385],"product_cat":[402,404],"product_tag":[],"class_list":{"0":"post-8591","1":"product","2":"type-product","3":"status-publish","4":"has-post-thumbnail","6":"product_brand-velartrip","7":"product_cat-pins","8":"product_cat-accessoires-voyage","10":"first","11":"instock","12":"taxable","13":"shipping-taxable","14":"purchasable","15":"product-type-variable","16":"has-default-attributes","17":"entry","18":"content-bg","19":"loop-entry"},"taxonomy_info":{"product_brand":[{"value":385,"label":"VelarTrip"}],"product_cat":[{"value":402,"label":"Pin's"},{"value":404,"label":"Accessoires de Voyage"}]},"featured_image_src_large":["https:\/\/velartrip.com\/wp-content\/uploads\/2022\/04\/8.jpg",800,800,false],"author_info":[],"comment_info":5,"_links":{"self":[{"href":"https:\/\/velartrip.com\/es\/wp-json\/wp\/v2\/product\/8591","targetHints":{"allow":["GET"]}}],"collection":[{"href":"https:\/\/velartrip.com\/es\/wp-json\/wp\/v2\/product"}],"about":[{"href":"https:\/\/velartrip.com\/es\/wp-json\/wp\/v2\/types\/product"}],"replies":[{"embeddable":true,"href":"https:\/\/velartrip.com\/es\/wp-json\/wp\/v2\/comments?post=8591"}],"wp:featuredmedia":[{"embeddable":true,"href":"https:\/\/velartrip.com\/es\/wp-json\/wp\/v2\/media\/12673"}],"wp:attachment":[{"href":"https:\/\/velartrip.com\/es\/wp-json\/wp\/v2\/media?parent=8591"}],"wp:term":[{"taxonomy":"product_brand","embeddable":true,"href":"https:\/\/velartrip.com\/es\/wp-json\/wp\/v2\/product_brand?post=8591"},{"taxonomy":"product_cat","embeddable":true,"href":"https:\/\/velartrip.com\/es\/wp-json\/wp\/v2\/product_cat?post=8591"},{"taxonomy":"product_tag","embeddable":true,"href":"https:\/\/velartrip.com\/es\/wp-json\/wp\/v2\/product_tag?post=8591"}],"curies":[{"name":"wp","href":"https:\/\/api.w.org\/{rel}","templated":true}]}}